{"id":40911,"date":"2023-05-18T22:26:28","date_gmt":"2023-05-18T20:26:28","guid":{"rendered":"https:\/\/kicka.eu\/product\/cookies-x-g-pen-connect-vaporizer\/"},"modified":"2023-08-17T02:49:58","modified_gmt":"2023-08-17T00:49:58","slug":"cookies-x-g-pen-connect-vaporizer","status":"publish","type":"product","link":"https:\/\/kicka.eu\/fi\/produkt\/cookies-x-g-pen-connect-vaporizer\/","title":{"rendered":"Cookies X G Pen Connect Vaporizer"},"content":{"rendered":"","protected":false},"excerpt":{"rendered":"<p>Cookies X G Pen Connect \u00e4r en begr\u00e4nsad upplaga av G Pen Connect Portable Concent Daporizer med Cookies Original Colourway och Logo. Cookies \u00e4r ett k\u00e4nt Kalifornien varum\u00e4rke skapat 2011 av Bay Area Rapper och Entrepreneur Berner.<\/p>\n<p>G Pen Connect \u00e4r en spelv\u00e4xlare n\u00e4r det g\u00e4ller vapingkoncentrat. Inget behov av facklor eller kvarts bangers, bara anslut enheten till ett vattenr\u00f6r och l\u00e5t det rippa!<\/p>\n<p>G Pen Connect \u00e4r extremt l\u00e4tt att anv\u00e4nda tack vare sina 3 sp\u00e4nningsutg\u00e5ngar och magnetisk batterianslutning. En fj\u00e4derbelastad CARB-utl\u00f6sningsknapp g\u00f6r att du kan skapa extra luftfl\u00f6de f\u00f6r att rensa riggen och inte sl\u00f6sa en enda uns \u00e5nga.<\/p>\n<p>Connect&#8217;s Glass till Glass Connection System g\u00f6r det kompatibelt med praktiskt taget alla vattendelar, fr\u00e5n de enkla b\u00e4gare bongs till de mest avancerade bitarna som St\u00fcnDenglass Gravity Bong. F\u00f6rbered dig p\u00e5 stora och kraftfulla moln med de eleganta cookiesna X G Pen Connect.<\/p>\n<p>Funktioner<\/p>\n<p>    Cookies inspirerad design<\/p>\n<p>    5 sekunders uppv\u00e4rmningstid<\/p>\n<p>    15 sekunders ut\u00f6kat dragl\u00e4ge<\/p>\n<p>    Glas till glasanslutning<\/p>\n<p>    Ansluts till 10 mm, 14 mm, 18 mm manliga fittings<\/p>\n<p>    10 mm och 18 mm manliga tillbeh\u00f6r \u00e4r tillg\u00e4ngliga<\/p>\n<p>    Keramiskt v\u00e4rmeelement f\u00f6r rena smakfulla tr\u00e4ffar<\/p>\n<p>    Fj\u00e4derbelastad CARB-fris\u00e4ttning<\/p>\n<p>    Helt fri fr\u00e5n ledningar och sladdar<\/p>\n<p>    Kraftfullt 850 mAh batteri<\/p>\n<p>    Magnetisk batterianslutning f\u00f6r enkel lossning<\/p>\n<p>    Micro USB-laddning med genomg\u00e5ngsteknik<\/p>\n<p>    3 Sp\u00e4nningsutg\u00e5ngar (L\u00e5g: 3.1 V, Medium: 3.6 V, H\u00f6g: 4.1 V)<\/p>\n<p>    Auto v\u00e4rme f\u00f6r erfarna anv\u00e4ndare<\/p>\n<p>    Hard-Case Zipper p\u00e5se gjord av hampa<\/p>\n<p>Vad finns i boxen<\/p>\n<p>    1 cookies x g penna anslut batteriet<\/p>\n<p>    1 cookies x g penna anslutningstank<\/p>\n<p>    1 cookies x g penna anslutningshus<\/p>\n<p>    1 g Pen Connect Male Glass Adapter (14 mm)<\/p>\n<p>    1 g Pen Connect Male Glass Adapter Connector<\/p>\n<p>    1 Micro USB till USB Laddningskabel<\/p>\n<p>    3 ers\u00e4ttning o-ringar<\/p>\n","protected":false},"featured_media":480,"comment_status":"open","ping_status":"closed","template":"","meta":{"_acf_changed":false,"_et_pb_use_builder":"","_et_pb_old_content":"","_et_gb_content_width":"","om_disable_all_campaigns":false,"_monsterinsights_skip_tracking":false,"_monsterinsights_sitenote_active":false,"_monsterinsights_sitenote_note":"","_monsterinsights_sitenote_category":0,"_uf_show_specific_survey":0,"_uf_disable_surveys":false},"product_cat":[28],"product_tag":[29],"class_list":{"0":"post-40911","1":"product","2":"type-product","3":"status-publish","4":"has-post-thumbnail","6":"product_cat-vape","7":"product_tag-vaporizers","8":"pa_varumarken-g-pen","10":"first","11":"instock","12":"taxable","13":"shipping-taxable","14":"purchasable","15":"product-type-simple"},"acf":[],"yoast_head":"<!-- This site is optimized with the Yoast SEO plugin v22.8 - https:\/\/yoast.com\/wordpress\/plugins\/seo\/ -->\n<title>Cookies X G Pen Connect Vaporizer - Kicka<\/title>\n<meta name=\"robots\" content=\"index, follow, max-snippet:-1, max-image-preview:large, max-video-preview:-1\" \/>\n<link rel=\"canonical\" href=\"https:\/\/kicka.eu\/fi\/produkt\/cookies-x-g-pen-connect-vaporizer\/\" \/>\n<meta property=\"og:locale\" content=\"fi_FI\" \/>\n<meta property=\"og:type\" content=\"article\" \/>\n<meta property=\"og:title\" content=\"Cookies X G Pen Connect Vaporizer - Kicka\" \/>\n<meta property=\"og:description\" content=\"Cookies X G Pen Connect \u00e4r en begr\u00e4nsad upplaga av G Pen Connect Portable Concent Daporizer med Cookies Original Colourway och Logo. Cookies \u00e4r ett k\u00e4nt Kalifornien varum\u00e4rke skapat 2011 av Bay Area Rapper och Entrepreneur Berner.  G Pen Connect \u00e4r en spelv\u00e4xlare n\u00e4r det g\u00e4ller vapingkoncentrat. Inget behov av facklor eller kvarts bangers, bara anslut enheten till ett vattenr\u00f6r och l\u00e5t det rippa!     G Pen Connect \u00e4r extremt l\u00e4tt att anv\u00e4nda tack vare sina 3 sp\u00e4nningsutg\u00e5ngar och magnetisk batterianslutning. En fj\u00e4derbelastad CARB-utl\u00f6sningsknapp g\u00f6r att du kan skapa extra luftfl\u00f6de f\u00f6r att rensa riggen och inte sl\u00f6sa en enda uns \u00e5nga.     Connect&#039;s Glass till Glass Connection System g\u00f6r det kompatibelt med praktiskt taget alla vattendelar, fr\u00e5n de enkla b\u00e4gare bongs till de mest avancerade bitarna som St\u00fcnDenglass Gravity Bong. F\u00f6rbered dig p\u00e5 stora och kraftfulla moln med de eleganta cookiesna X G Pen Connect.  Funktioner    Cookies inspirerad design    5 sekunders uppv\u00e4rmningstid    15 sekunders ut\u00f6kat dragl\u00e4ge    Glas till glasanslutning    Ansluts till 10 mm, 14 mm, 18 mm manliga fittings    10 mm och 18 mm manliga tillbeh\u00f6r \u00e4r tillg\u00e4ngliga    Keramiskt v\u00e4rmeelement f\u00f6r rena smakfulla tr\u00e4ffar    Fj\u00e4derbelastad CARB-fris\u00e4ttning    Helt fri fr\u00e5n ledningar och sladdar    Kraftfullt 850 mAh batteri    Magnetisk batterianslutning f\u00f6r enkel lossning    Micro USB-laddning med genomg\u00e5ngsteknik    3 Sp\u00e4nningsutg\u00e5ngar (L\u00e5g: 3.1 V, Medium: 3.6 V, H\u00f6g: 4.1 V)    Auto v\u00e4rme f\u00f6r erfarna anv\u00e4ndare    Hard-Case Zipper p\u00e5se gjord av hampa  Vad finns i boxen    1 cookies x g penna anslut batteriet    1 cookies x g penna anslutningstank    1 cookies x g penna anslutningshus    1 g Pen Connect Male Glass Adapter (14 mm)    1 g Pen Connect Male Glass Adapter Connector    1 Micro USB till USB Laddningskabel    3 ers\u00e4ttning o-ringar\" \/>\n<meta property=\"og:url\" content=\"https:\/\/kicka.eu\/fi\/produkt\/cookies-x-g-pen-connect-vaporizer\/\" \/>\n<meta property=\"og:site_name\" content=\"Kicka\" \/>\n<meta property=\"article:modified_time\" content=\"2023-08-17T00:49:58+00:00\" \/>\n<meta property=\"og:image\" content=\"https:\/\/kicka.eu\/wp-content\/uploads\/2022\/03\/19985.jpeg\" \/>\n\t<meta property=\"og:image:width\" content=\"1020\" \/>\n\t<meta property=\"og:image:height\" content=\"850\" \/>\n\t<meta property=\"og:image:type\" content=\"image\/jpeg\" \/>\n<meta name=\"twitter:card\" content=\"summary_large_image\" \/>\n<script type=\"application\/ld+json\" class=\"yoast-schema-graph\">{\"@context\":\"https:\/\/schema.org\",\"@graph\":[{\"@type\":\"WebPage\",\"@id\":\"https:\/\/kicka.eu\/fi\/produkt\/cookies-x-g-pen-connect-vaporizer\/\",\"url\":\"https:\/\/kicka.eu\/fi\/produkt\/cookies-x-g-pen-connect-vaporizer\/\",\"name\":\"Cookies X G Pen Connect Vaporizer - Kicka\",\"isPartOf\":{\"@id\":\"https:\/\/kicka.eu\/fi\/#website\"},\"primaryImageOfPage\":{\"@id\":\"https:\/\/kicka.eu\/fi\/produkt\/cookies-x-g-pen-connect-vaporizer\/#primaryimage\"},\"image\":{\"@id\":\"https:\/\/kicka.eu\/fi\/produkt\/cookies-x-g-pen-connect-vaporizer\/#primaryimage\"},\"thumbnailUrl\":\"https:\/\/kicka.eu\/wp-content\/uploads\/2022\/03\/19985.jpeg\",\"datePublished\":\"2023-05-18T20:26:28+00:00\",\"dateModified\":\"2023-08-17T00:49:58+00:00\",\"breadcrumb\":{\"@id\":\"https:\/\/kicka.eu\/fi\/produkt\/cookies-x-g-pen-connect-vaporizer\/#breadcrumb\"},\"inLanguage\":\"fi\",\"potentialAction\":[{\"@type\":\"ReadAction\",\"target\":[\"https:\/\/kicka.eu\/fi\/produkt\/cookies-x-g-pen-connect-vaporizer\/\"]}]},{\"@type\":\"ImageObject\",\"inLanguage\":\"fi\",\"@id\":\"https:\/\/kicka.eu\/fi\/produkt\/cookies-x-g-pen-connect-vaporizer\/#primaryimage\",\"url\":\"https:\/\/kicka.eu\/wp-content\/uploads\/2022\/03\/19985.jpeg\",\"contentUrl\":\"https:\/\/kicka.eu\/wp-content\/uploads\/2022\/03\/19985.jpeg\",\"width\":1020,\"height\":850},{\"@type\":\"BreadcrumbList\",\"@id\":\"https:\/\/kicka.eu\/fi\/produkt\/cookies-x-g-pen-connect-vaporizer\/#breadcrumb\",\"itemListElement\":[{\"@type\":\"ListItem\",\"position\":1,\"name\":\"Home\",\"item\":\"https:\/\/kicka.eu\/fi\/\"},{\"@type\":\"ListItem\",\"position\":2,\"name\":\"Shop\",\"item\":\"https:\/\/kicka.eu\/sv\/shop\/\"},{\"@type\":\"ListItem\",\"position\":3,\"name\":\"Cookies X G Pen Connect Vaporizer\"}]},{\"@type\":\"WebSite\",\"@id\":\"https:\/\/kicka.eu\/fi\/#website\",\"url\":\"https:\/\/kicka.eu\/fi\/\",\"name\":\"Kicka\",\"description\":\"Online Headshop\",\"publisher\":{\"@id\":\"https:\/\/kicka.eu\/fi\/#organization\"},\"potentialAction\":[{\"@type\":\"SearchAction\",\"target\":{\"@type\":\"EntryPoint\",\"urlTemplate\":\"https:\/\/kicka.eu\/fi\/?s={search_term_string}\"},\"query-input\":\"required name=search_term_string\"}],\"inLanguage\":\"fi\"},{\"@type\":\"Organization\",\"@id\":\"https:\/\/kicka.eu\/fi\/#organization\",\"name\":\"Kicka\",\"url\":\"https:\/\/kicka.eu\/fi\/\",\"logo\":{\"@type\":\"ImageObject\",\"inLanguage\":\"fi\",\"@id\":\"https:\/\/kicka.eu\/fi\/#\/schema\/logo\/image\/\",\"url\":\"https:\/\/kicka.eu\/wp-content\/uploads\/2023\/08\/Kicka-Logo.png\",\"contentUrl\":\"https:\/\/kicka.eu\/wp-content\/uploads\/2023\/08\/Kicka-Logo.png\",\"width\":233,\"height\":233,\"caption\":\"Kicka\"},\"image\":{\"@id\":\"https:\/\/kicka.eu\/fi\/#\/schema\/logo\/image\/\"}}]}<\/script>\n<!-- \/ Yoast SEO plugin. -->","yoast_head_json":{"title":"Cookies X G Pen Connect Vaporizer - Kicka","robots":{"index":"index","follow":"follow","max-snippet":"max-snippet:-1","max-image-preview":"max-image-preview:large","max-video-preview":"max-video-preview:-1"},"canonical":"https:\/\/kicka.eu\/fi\/produkt\/cookies-x-g-pen-connect-vaporizer\/","og_locale":"fi_FI","og_type":"article","og_title":"Cookies X G Pen Connect Vaporizer - Kicka","og_description":"Cookies X G Pen Connect \u00e4r en begr\u00e4nsad upplaga av G Pen Connect Portable Concent Daporizer med Cookies Original Colourway och Logo. Cookies \u00e4r ett k\u00e4nt Kalifornien varum\u00e4rke skapat 2011 av Bay Area Rapper och Entrepreneur Berner.  G Pen Connect \u00e4r en spelv\u00e4xlare n\u00e4r det g\u00e4ller vapingkoncentrat. Inget behov av facklor eller kvarts bangers, bara anslut enheten till ett vattenr\u00f6r och l\u00e5t det rippa!     G Pen Connect \u00e4r extremt l\u00e4tt att anv\u00e4nda tack vare sina 3 sp\u00e4nningsutg\u00e5ngar och magnetisk batterianslutning. En fj\u00e4derbelastad CARB-utl\u00f6sningsknapp g\u00f6r att du kan skapa extra luftfl\u00f6de f\u00f6r att rensa riggen och inte sl\u00f6sa en enda uns \u00e5nga.     Connect's Glass till Glass Connection System g\u00f6r det kompatibelt med praktiskt taget alla vattendelar, fr\u00e5n de enkla b\u00e4gare bongs till de mest avancerade bitarna som St\u00fcnDenglass Gravity Bong. F\u00f6rbered dig p\u00e5 stora och kraftfulla moln med de eleganta cookiesna X G Pen Connect.  Funktioner    Cookies inspirerad design    5 sekunders uppv\u00e4rmningstid    15 sekunders ut\u00f6kat dragl\u00e4ge    Glas till glasanslutning    Ansluts till 10 mm, 14 mm, 18 mm manliga fittings    10 mm och 18 mm manliga tillbeh\u00f6r \u00e4r tillg\u00e4ngliga    Keramiskt v\u00e4rmeelement f\u00f6r rena smakfulla tr\u00e4ffar    Fj\u00e4derbelastad CARB-fris\u00e4ttning    Helt fri fr\u00e5n ledningar och sladdar    Kraftfullt 850 mAh batteri    Magnetisk batterianslutning f\u00f6r enkel lossning    Micro USB-laddning med genomg\u00e5ngsteknik    3 Sp\u00e4nningsutg\u00e5ngar (L\u00e5g: 3.1 V, Medium: 3.6 V, H\u00f6g: 4.1 V)    Auto v\u00e4rme f\u00f6r erfarna anv\u00e4ndare    Hard-Case Zipper p\u00e5se gjord av hampa  Vad finns i boxen    1 cookies x g penna anslut batteriet    1 cookies x g penna anslutningstank    1 cookies x g penna anslutningshus    1 g Pen Connect Male Glass Adapter (14 mm)    1 g Pen Connect Male Glass Adapter Connector    1 Micro USB till USB Laddningskabel    3 ers\u00e4ttning o-ringar","og_url":"https:\/\/kicka.eu\/fi\/produkt\/cookies-x-g-pen-connect-vaporizer\/","og_site_name":"Kicka","article_modified_time":"2023-08-17T00:49:58+00:00","og_image":[{"width":1020,"height":850,"url":"https:\/\/kicka.eu\/wp-content\/uploads\/2022\/03\/19985.jpeg","type":"image\/jpeg"}],"twitter_card":"summary_large_image","schema":{"@context":"https:\/\/schema.org","@graph":[{"@type":"WebPage","@id":"https:\/\/kicka.eu\/fi\/produkt\/cookies-x-g-pen-connect-vaporizer\/","url":"https:\/\/kicka.eu\/fi\/produkt\/cookies-x-g-pen-connect-vaporizer\/","name":"Cookies X G Pen Connect Vaporizer - Kicka","isPartOf":{"@id":"https:\/\/kicka.eu\/fi\/#website"},"primaryImageOfPage":{"@id":"https:\/\/kicka.eu\/fi\/produkt\/cookies-x-g-pen-connect-vaporizer\/#primaryimage"},"image":{"@id":"https:\/\/kicka.eu\/fi\/produkt\/cookies-x-g-pen-connect-vaporizer\/#primaryimage"},"thumbnailUrl":"https:\/\/kicka.eu\/wp-content\/uploads\/2022\/03\/19985.jpeg","datePublished":"2023-05-18T20:26:28+00:00","dateModified":"2023-08-17T00:49:58+00:00","breadcrumb":{"@id":"https:\/\/kicka.eu\/fi\/produkt\/cookies-x-g-pen-connect-vaporizer\/#breadcrumb"},"inLanguage":"fi","potentialAction":[{"@type":"ReadAction","target":["https:\/\/kicka.eu\/fi\/produkt\/cookies-x-g-pen-connect-vaporizer\/"]}]},{"@type":"ImageObject","inLanguage":"fi","@id":"https:\/\/kicka.eu\/fi\/produkt\/cookies-x-g-pen-connect-vaporizer\/#primaryimage","url":"https:\/\/kicka.eu\/wp-content\/uploads\/2022\/03\/19985.jpeg","contentUrl":"https:\/\/kicka.eu\/wp-content\/uploads\/2022\/03\/19985.jpeg","width":1020,"height":850},{"@type":"BreadcrumbList","@id":"https:\/\/kicka.eu\/fi\/produkt\/cookies-x-g-pen-connect-vaporizer\/#breadcrumb","itemListElement":[{"@type":"ListItem","position":1,"name":"Home","item":"https:\/\/kicka.eu\/fi\/"},{"@type":"ListItem","position":2,"name":"Shop","item":"https:\/\/kicka.eu\/sv\/shop\/"},{"@type":"ListItem","position":3,"name":"Cookies X G Pen Connect Vaporizer"}]},{"@type":"WebSite","@id":"https:\/\/kicka.eu\/fi\/#website","url":"https:\/\/kicka.eu\/fi\/","name":"Kicka","description":"Online Headshop","publisher":{"@id":"https:\/\/kicka.eu\/fi\/#organization"},"potentialAction":[{"@type":"SearchAction","target":{"@type":"EntryPoint","urlTemplate":"https:\/\/kicka.eu\/fi\/?s={search_term_string}"},"query-input":"required name=search_term_string"}],"inLanguage":"fi"},{"@type":"Organization","@id":"https:\/\/kicka.eu\/fi\/#organization","name":"Kicka","url":"https:\/\/kicka.eu\/fi\/","logo":{"@type":"ImageObject","inLanguage":"fi","@id":"https:\/\/kicka.eu\/fi\/#\/schema\/logo\/image\/","url":"https:\/\/kicka.eu\/wp-content\/uploads\/2023\/08\/Kicka-Logo.png","contentUrl":"https:\/\/kicka.eu\/wp-content\/uploads\/2023\/08\/Kicka-Logo.png","width":233,"height":233,"caption":"Kicka"},"image":{"@id":"https:\/\/kicka.eu\/fi\/#\/schema\/logo\/image\/"}}]}},"_links":{"self":[{"href":"https:\/\/kicka.eu\/fi\/wp-json\/wp\/v2\/product\/40911","targetHints":{"allow":["GET"]}}],"collection":[{"href":"https:\/\/kicka.eu\/fi\/wp-json\/wp\/v2\/product"}],"about":[{"href":"https:\/\/kicka.eu\/fi\/wp-json\/wp\/v2\/types\/product"}],"replies":[{"embeddable":true,"href":"https:\/\/kicka.eu\/fi\/wp-json\/wp\/v2\/comments?post=40911"}],"wp:featuredmedia":[{"embeddable":true,"href":"https:\/\/kicka.eu\/fi\/wp-json\/wp\/v2\/media\/480"}],"wp:attachment":[{"href":"https:\/\/kicka.eu\/fi\/wp-json\/wp\/v2\/media?parent=40911"}],"wp:term":[{"taxonomy":"product_cat","embeddable":true,"href":"https:\/\/kicka.eu\/fi\/wp-json\/wp\/v2\/product_cat?post=40911"},{"taxonomy":"product_tag","embeddable":true,"href":"https:\/\/kicka.eu\/fi\/wp-json\/wp\/v2\/product_tag?post=40911"}],"curies":[{"name":"wp","href":"https:\/\/api.w.org\/{rel}","templated":true}]}}