{"id":40885,"date":"2023-05-18T22:26:23","date_gmt":"2023-05-18T20:26:23","guid":{"rendered":"https:\/\/kicka.eu\/product\/actitube-active-carbon-filters\/"},"modified":"2023-11-04T03:15:30","modified_gmt":"2023-11-04T02:15:30","slug":"actitube-active-carbon-filters","status":"publish","type":"product","link":"https:\/\/kicka.eu\/fi\/produkt\/actitube-active-carbon-filters\/","title":{"rendered":"Active Carbon Filters"},"content":{"rendered":"","protected":false},"excerpt":{"rendered":"<p>Med anv\u00e4ndning av aktivt kol filtreras en h\u00f6g andel skadliga kondensat ur r\u00f6ken. Majoriteten av f\u00f6roreningarna f\u00f6ljer det aktiverade kolet och bortskaffas n\u00e4r filtret \u00e4ndras. R\u00f6ket blir trevligt mild utan att f\u00f6rs\u00e4mra effekten. Ytterligare f\u00f6rdelar med det aktiva koldioxidfiltersystemet: Smaken \u00e4r f\u00f6rb\u00e4ttrad lungorna \u00e4r mindre stressade. R\u00f6ret \u00e4r rena l\u00e4ngre repiga r\u00f6kblandningar har en mjuk smak Ren r\u00f6kning g\u00f6rs dessutom, tune aktiverade kolfiltrer har en speciell \u00e4ndk\u00e5pa som , till skillnad fr\u00e5n konventionella aktiverade koldioxidfilter, t\u00e4pper inte ens leder och h\u00e5ller p\u00e5 ett tillf\u00f6rlitligt s\u00e4tt kondensv\u00e4tskan bort fr\u00e5n munnen!<\/p>\n","protected":false},"featured_media":563,"comment_status":"open","ping_status":"closed","template":"","meta":{"_acf_changed":false,"_et_pb_use_builder":"","_et_pb_old_content":"","_et_gb_content_width":"","om_disable_all_campaigns":false,"_monsterinsights_skip_tracking":false,"_monsterinsights_sitenote_active":false,"_monsterinsights_sitenote_note":"","_monsterinsights_sitenote_category":0,"_uf_show_specific_survey":0,"_uf_disable_surveys":false},"product_cat":[32],"product_tag":[55],"class_list":{"0":"post-40885","1":"product","2":"type-product","3":"status-publish","4":"has-post-thumbnail","6":"product_cat-rullning","7":"product_tag-filter","8":"pa_varumarken-actitube","10":"first","11":"instock","12":"taxable","13":"shipping-taxable","14":"purchasable","15":"product-type-simple"},"acf":[],"yoast_head":"<!-- This site is optimized with the Yoast SEO plugin v22.8 - https:\/\/yoast.com\/wordpress\/plugins\/seo\/ -->\n<title>Active Carbon Filters - Kicka<\/title>\n<meta name=\"robots\" content=\"index, follow, max-snippet:-1, max-image-preview:large, max-video-preview:-1\" \/>\n<link rel=\"canonical\" href=\"https:\/\/kicka.eu\/fi\/produkt\/actitube-active-carbon-filters\/\" \/>\n<meta property=\"og:locale\" content=\"fi_FI\" \/>\n<meta property=\"og:type\" content=\"article\" \/>\n<meta property=\"og:title\" content=\"Active Carbon Filters - Kicka\" \/>\n<meta property=\"og:description\" content=\"Med anv\u00e4ndning av aktivt kol filtreras en h\u00f6g andel skadliga kondensat ur r\u00f6ken. Majoriteten av f\u00f6roreningarna f\u00f6ljer det aktiverade kolet och bortskaffas n\u00e4r filtret \u00e4ndras. R\u00f6ket blir trevligt mild utan att f\u00f6rs\u00e4mra effekten. Ytterligare f\u00f6rdelar med det aktiva koldioxidfiltersystemet: Smaken \u00e4r f\u00f6rb\u00e4ttrad lungorna \u00e4r mindre stressade. R\u00f6ret \u00e4r rena l\u00e4ngre repiga r\u00f6kblandningar har en mjuk smak Ren r\u00f6kning g\u00f6rs dessutom, tune aktiverade kolfiltrer har en speciell \u00e4ndk\u00e5pa som , till skillnad fr\u00e5n konventionella aktiverade koldioxidfilter, t\u00e4pper inte ens leder och h\u00e5ller p\u00e5 ett tillf\u00f6rlitligt s\u00e4tt kondensv\u00e4tskan bort fr\u00e5n munnen!\" \/>\n<meta property=\"og:url\" content=\"https:\/\/kicka.eu\/fi\/produkt\/actitube-active-carbon-filters\/\" \/>\n<meta property=\"og:site_name\" content=\"Kicka\" \/>\n<meta property=\"article:modified_time\" content=\"2023-11-04T02:15:30+00:00\" \/>\n<meta property=\"og:image\" content=\"https:\/\/kicka.eu\/wp-content\/uploads\/2022\/03\/RL1192.jpeg\" \/>\n\t<meta property=\"og:image:width\" content=\"850\" \/>\n\t<meta property=\"og:image:height\" content=\"850\" \/>\n\t<meta property=\"og:image:type\" content=\"image\/jpeg\" \/>\n<meta name=\"twitter:card\" content=\"summary_large_image\" \/>\n<script type=\"application\/ld+json\" class=\"yoast-schema-graph\">{\"@context\":\"https:\/\/schema.org\",\"@graph\":[{\"@type\":\"WebPage\",\"@id\":\"https:\/\/kicka.eu\/fi\/produkt\/actitube-active-carbon-filters\/\",\"url\":\"https:\/\/kicka.eu\/fi\/produkt\/actitube-active-carbon-filters\/\",\"name\":\"Active Carbon Filters - Kicka\",\"isPartOf\":{\"@id\":\"https:\/\/kicka.eu\/fi\/#website\"},\"primaryImageOfPage\":{\"@id\":\"https:\/\/kicka.eu\/fi\/produkt\/actitube-active-carbon-filters\/#primaryimage\"},\"image\":{\"@id\":\"https:\/\/kicka.eu\/fi\/produkt\/actitube-active-carbon-filters\/#primaryimage\"},\"thumbnailUrl\":\"https:\/\/kicka.eu\/wp-content\/uploads\/2022\/03\/RL1192.jpeg\",\"datePublished\":\"2023-05-18T20:26:23+00:00\",\"dateModified\":\"2023-11-04T02:15:30+00:00\",\"breadcrumb\":{\"@id\":\"https:\/\/kicka.eu\/fi\/produkt\/actitube-active-carbon-filters\/#breadcrumb\"},\"inLanguage\":\"fi\",\"potentialAction\":[{\"@type\":\"ReadAction\",\"target\":[\"https:\/\/kicka.eu\/fi\/produkt\/actitube-active-carbon-filters\/\"]}]},{\"@type\":\"ImageObject\",\"inLanguage\":\"fi\",\"@id\":\"https:\/\/kicka.eu\/fi\/produkt\/actitube-active-carbon-filters\/#primaryimage\",\"url\":\"https:\/\/kicka.eu\/wp-content\/uploads\/2022\/03\/RL1192.jpeg\",\"contentUrl\":\"https:\/\/kicka.eu\/wp-content\/uploads\/2022\/03\/RL1192.jpeg\",\"width\":850,\"height\":850},{\"@type\":\"BreadcrumbList\",\"@id\":\"https:\/\/kicka.eu\/fi\/produkt\/actitube-active-carbon-filters\/#breadcrumb\",\"itemListElement\":[{\"@type\":\"ListItem\",\"position\":1,\"name\":\"Home\",\"item\":\"https:\/\/kicka.eu\/fi\/\"},{\"@type\":\"ListItem\",\"position\":2,\"name\":\"Shop\",\"item\":\"https:\/\/kicka.eu\/sv\/shop\/\"},{\"@type\":\"ListItem\",\"position\":3,\"name\":\"Active Carbon Filters\"}]},{\"@type\":\"WebSite\",\"@id\":\"https:\/\/kicka.eu\/fi\/#website\",\"url\":\"https:\/\/kicka.eu\/fi\/\",\"name\":\"Kicka\",\"description\":\"Online Headshop\",\"publisher\":{\"@id\":\"https:\/\/kicka.eu\/fi\/#organization\"},\"potentialAction\":[{\"@type\":\"SearchAction\",\"target\":{\"@type\":\"EntryPoint\",\"urlTemplate\":\"https:\/\/kicka.eu\/fi\/?s={search_term_string}\"},\"query-input\":\"required name=search_term_string\"}],\"inLanguage\":\"fi\"},{\"@type\":\"Organization\",\"@id\":\"https:\/\/kicka.eu\/fi\/#organization\",\"name\":\"Kicka\",\"url\":\"https:\/\/kicka.eu\/fi\/\",\"logo\":{\"@type\":\"ImageObject\",\"inLanguage\":\"fi\",\"@id\":\"https:\/\/kicka.eu\/fi\/#\/schema\/logo\/image\/\",\"url\":\"https:\/\/kicka.eu\/wp-content\/uploads\/2023\/08\/Kicka-Logo.png\",\"contentUrl\":\"https:\/\/kicka.eu\/wp-content\/uploads\/2023\/08\/Kicka-Logo.png\",\"width\":233,\"height\":233,\"caption\":\"Kicka\"},\"image\":{\"@id\":\"https:\/\/kicka.eu\/fi\/#\/schema\/logo\/image\/\"}}]}<\/script>\n<!-- \/ Yoast SEO plugin. -->","yoast_head_json":{"title":"Active Carbon Filters - Kicka","robots":{"index":"index","follow":"follow","max-snippet":"max-snippet:-1","max-image-preview":"max-image-preview:large","max-video-preview":"max-video-preview:-1"},"canonical":"https:\/\/kicka.eu\/fi\/produkt\/actitube-active-carbon-filters\/","og_locale":"fi_FI","og_type":"article","og_title":"Active Carbon Filters - Kicka","og_description":"Med anv\u00e4ndning av aktivt kol filtreras en h\u00f6g andel skadliga kondensat ur r\u00f6ken. Majoriteten av f\u00f6roreningarna f\u00f6ljer det aktiverade kolet och bortskaffas n\u00e4r filtret \u00e4ndras. R\u00f6ket blir trevligt mild utan att f\u00f6rs\u00e4mra effekten. Ytterligare f\u00f6rdelar med det aktiva koldioxidfiltersystemet: Smaken \u00e4r f\u00f6rb\u00e4ttrad lungorna \u00e4r mindre stressade. R\u00f6ret \u00e4r rena l\u00e4ngre repiga r\u00f6kblandningar har en mjuk smak Ren r\u00f6kning g\u00f6rs dessutom, tune aktiverade kolfiltrer har en speciell \u00e4ndk\u00e5pa som , till skillnad fr\u00e5n konventionella aktiverade koldioxidfilter, t\u00e4pper inte ens leder och h\u00e5ller p\u00e5 ett tillf\u00f6rlitligt s\u00e4tt kondensv\u00e4tskan bort fr\u00e5n munnen!","og_url":"https:\/\/kicka.eu\/fi\/produkt\/actitube-active-carbon-filters\/","og_site_name":"Kicka","article_modified_time":"2023-11-04T02:15:30+00:00","og_image":[{"width":850,"height":850,"url":"https:\/\/kicka.eu\/wp-content\/uploads\/2022\/03\/RL1192.jpeg","type":"image\/jpeg"}],"twitter_card":"summary_large_image","schema":{"@context":"https:\/\/schema.org","@graph":[{"@type":"WebPage","@id":"https:\/\/kicka.eu\/fi\/produkt\/actitube-active-carbon-filters\/","url":"https:\/\/kicka.eu\/fi\/produkt\/actitube-active-carbon-filters\/","name":"Active Carbon Filters - Kicka","isPartOf":{"@id":"https:\/\/kicka.eu\/fi\/#website"},"primaryImageOfPage":{"@id":"https:\/\/kicka.eu\/fi\/produkt\/actitube-active-carbon-filters\/#primaryimage"},"image":{"@id":"https:\/\/kicka.eu\/fi\/produkt\/actitube-active-carbon-filters\/#primaryimage"},"thumbnailUrl":"https:\/\/kicka.eu\/wp-content\/uploads\/2022\/03\/RL1192.jpeg","datePublished":"2023-05-18T20:26:23+00:00","dateModified":"2023-11-04T02:15:30+00:00","breadcrumb":{"@id":"https:\/\/kicka.eu\/fi\/produkt\/actitube-active-carbon-filters\/#breadcrumb"},"inLanguage":"fi","potentialAction":[{"@type":"ReadAction","target":["https:\/\/kicka.eu\/fi\/produkt\/actitube-active-carbon-filters\/"]}]},{"@type":"ImageObject","inLanguage":"fi","@id":"https:\/\/kicka.eu\/fi\/produkt\/actitube-active-carbon-filters\/#primaryimage","url":"https:\/\/kicka.eu\/wp-content\/uploads\/2022\/03\/RL1192.jpeg","contentUrl":"https:\/\/kicka.eu\/wp-content\/uploads\/2022\/03\/RL1192.jpeg","width":850,"height":850},{"@type":"BreadcrumbList","@id":"https:\/\/kicka.eu\/fi\/produkt\/actitube-active-carbon-filters\/#breadcrumb","itemListElement":[{"@type":"ListItem","position":1,"name":"Home","item":"https:\/\/kicka.eu\/fi\/"},{"@type":"ListItem","position":2,"name":"Shop","item":"https:\/\/kicka.eu\/sv\/shop\/"},{"@type":"ListItem","position":3,"name":"Active Carbon Filters"}]},{"@type":"WebSite","@id":"https:\/\/kicka.eu\/fi\/#website","url":"https:\/\/kicka.eu\/fi\/","name":"Kicka","description":"Online Headshop","publisher":{"@id":"https:\/\/kicka.eu\/fi\/#organization"},"potentialAction":[{"@type":"SearchAction","target":{"@type":"EntryPoint","urlTemplate":"https:\/\/kicka.eu\/fi\/?s={search_term_string}"},"query-input":"required name=search_term_string"}],"inLanguage":"fi"},{"@type":"Organization","@id":"https:\/\/kicka.eu\/fi\/#organization","name":"Kicka","url":"https:\/\/kicka.eu\/fi\/","logo":{"@type":"ImageObject","inLanguage":"fi","@id":"https:\/\/kicka.eu\/fi\/#\/schema\/logo\/image\/","url":"https:\/\/kicka.eu\/wp-content\/uploads\/2023\/08\/Kicka-Logo.png","contentUrl":"https:\/\/kicka.eu\/wp-content\/uploads\/2023\/08\/Kicka-Logo.png","width":233,"height":233,"caption":"Kicka"},"image":{"@id":"https:\/\/kicka.eu\/fi\/#\/schema\/logo\/image\/"}}]}},"_links":{"self":[{"href":"https:\/\/kicka.eu\/fi\/wp-json\/wp\/v2\/product\/40885","targetHints":{"allow":["GET"]}}],"collection":[{"href":"https:\/\/kicka.eu\/fi\/wp-json\/wp\/v2\/product"}],"about":[{"href":"https:\/\/kicka.eu\/fi\/wp-json\/wp\/v2\/types\/product"}],"replies":[{"embeddable":true,"href":"https:\/\/kicka.eu\/fi\/wp-json\/wp\/v2\/comments?post=40885"}],"wp:featuredmedia":[{"embeddable":true,"href":"https:\/\/kicka.eu\/fi\/wp-json\/wp\/v2\/media\/563"}],"wp:attachment":[{"href":"https:\/\/kicka.eu\/fi\/wp-json\/wp\/v2\/media?parent=40885"}],"wp:term":[{"taxonomy":"product_cat","embeddable":true,"href":"https:\/\/kicka.eu\/fi\/wp-json\/wp\/v2\/product_cat?post=40885"},{"taxonomy":"product_tag","embeddable":true,"href":"https:\/\/kicka.eu\/fi\/wp-json\/wp\/v2\/product_tag?post=40885"}],"curies":[{"name":"wp","href":"https:\/\/api.w.org\/{rel}","templated":true}]}}