{"id":43666,"date":"2024-01-07T05:54:10","date_gmt":"2024-01-07T04:54:10","guid":{"rendered":"https:\/\/kicka.eu\/?post_type=product&#038;p=43666"},"modified":"2026-04-08T20:28:33","modified_gmt":"2026-04-08T18:28:33","slug":"fentanyl-test-strips-all-in-one-kit","status":"publish","type":"product","link":"https:\/\/kicka.eu\/en\/produkt\/fentanyl-test-strips-all-in-one-kit\/","title":{"rendered":"Fentanyl Test Strips &#8211; All In One Kit"},"content":{"rendered":"","protected":false},"excerpt":{"rendered":"<p>Dosetest&#8217;s patent-pending, allt-i-ett-testkit ger en effektiv och exakt testupplevelse f\u00f6r alla substanser, allt i en snyggt designad kompakt p\u00e5se. Dess intuitiva anv\u00e4ndning minimerar fel, vilket ger f\u00f6rtroende f\u00f6r resultaternas noggrannhet varje g\u00e5ng.<\/p>\n<ul>\n<li>En anv\u00e4ndning per kit<\/li>\n<li>Testade av oberoende laboratorier<\/li>\n<li>Reagerar p\u00e5 \u00f6ver 20 olika Fentanylvarianter&#8221;<\/li>\n<\/ul>\n","protected":false},"featured_media":43667,"comment_status":"open","ping_status":"closed","template":"","meta":{"_acf_changed":false,"_et_pb_use_builder":"","_et_pb_old_content":"","_et_gb_content_width":"","om_disable_all_campaigns":false,"_monsterinsights_skip_tracking":false,"_monsterinsights_sitenote_active":false,"_monsterinsights_sitenote_note":"","_monsterinsights_sitenote_category":0,"_uf_show_specific_survey":0,"_uf_disable_surveys":false},"product_cat":[30],"product_tag":[85],"class_list":{"0":"post-43666","1":"product","2":"type-product","3":"status-publish","4":"has-post-thumbnail","6":"product_cat-tillbehor","7":"product_tag-testkits","8":"pa_varumarken-dosetest","10":"first","11":"instock","12":"taxable","13":"shipping-taxable","14":"purchasable","15":"product-type-simple"},"acf":[],"yoast_head":"<!-- This site is optimized with the Yoast SEO plugin v22.8 - https:\/\/yoast.com\/wordpress\/plugins\/seo\/ -->\n<title>Fentanyl Test Strips - All In One Kit - Kicka<\/title>\n<meta name=\"robots\" content=\"index, follow, max-snippet:-1, max-image-preview:large, max-video-preview:-1\" \/>\n<link rel=\"canonical\" href=\"https:\/\/kicka.eu\/en\/produkt\/fentanyl-test-strips-all-in-one-kit\/\" \/>\n<meta property=\"og:locale\" content=\"en_US\" \/>\n<meta property=\"og:type\" content=\"article\" \/>\n<meta property=\"og:title\" content=\"Fentanyl Test Strips - All In One Kit - Kicka\" \/>\n<meta property=\"og:description\" content=\"Dosetest&#039;s patent-pending, allt-i-ett-testkit ger en effektiv och exakt testupplevelse f\u00f6r alla substanser, allt i en snyggt designad kompakt p\u00e5se. Dess intuitiva anv\u00e4ndning minimerar fel, vilket ger f\u00f6rtroende f\u00f6r resultaternas noggrannhet varje g\u00e5ng.   En anv\u00e4ndning per kit  Testade av oberoende laboratorier  Reagerar p\u00e5 \u00f6ver 20 olika Fentanylvarianter&quot;\" \/>\n<meta property=\"og:url\" content=\"https:\/\/kicka.eu\/en\/produkt\/fentanyl-test-strips-all-in-one-kit\/\" \/>\n<meta property=\"og:site_name\" content=\"Kicka\" \/>\n<meta property=\"article:modified_time\" content=\"2026-04-08T18:28:33+00:00\" \/>\n<meta property=\"og:image\" content=\"https:\/\/kicka.eu\/wp-content\/uploads\/2024\/01\/Fentanyl-PNG000-1.png\" \/>\n\t<meta property=\"og:image:width\" content=\"1080\" \/>\n\t<meta property=\"og:image:height\" content=\"1080\" \/>\n\t<meta property=\"og:image:type\" content=\"image\/png\" \/>\n<meta name=\"twitter:card\" content=\"summary_large_image\" \/>\n<meta name=\"twitter:label1\" content=\"Est. reading time\" \/>\n\t<meta name=\"twitter:data1\" content=\"1 minute\" \/>\n<script type=\"application\/ld+json\" class=\"yoast-schema-graph\">{\"@context\":\"https:\/\/schema.org\",\"@graph\":[{\"@type\":\"WebPage\",\"@id\":\"https:\/\/kicka.eu\/en\/produkt\/fentanyl-test-strips-all-in-one-kit\/\",\"url\":\"https:\/\/kicka.eu\/en\/produkt\/fentanyl-test-strips-all-in-one-kit\/\",\"name\":\"Fentanyl Test Strips - All In One Kit - Kicka\",\"isPartOf\":{\"@id\":\"https:\/\/kicka.eu\/en\/#website\"},\"primaryImageOfPage\":{\"@id\":\"https:\/\/kicka.eu\/en\/produkt\/fentanyl-test-strips-all-in-one-kit\/#primaryimage\"},\"image\":{\"@id\":\"https:\/\/kicka.eu\/en\/produkt\/fentanyl-test-strips-all-in-one-kit\/#primaryimage\"},\"thumbnailUrl\":\"https:\/\/kicka.eu\/wp-content\/uploads\/2024\/01\/Fentanyl-PNG000-1.png\",\"datePublished\":\"2024-01-07T04:54:10+00:00\",\"dateModified\":\"2026-04-08T18:28:33+00:00\",\"breadcrumb\":{\"@id\":\"https:\/\/kicka.eu\/en\/produkt\/fentanyl-test-strips-all-in-one-kit\/#breadcrumb\"},\"inLanguage\":\"en-US\",\"potentialAction\":[{\"@type\":\"ReadAction\",\"target\":[\"https:\/\/kicka.eu\/en\/produkt\/fentanyl-test-strips-all-in-one-kit\/\"]}]},{\"@type\":\"ImageObject\",\"inLanguage\":\"en-US\",\"@id\":\"https:\/\/kicka.eu\/en\/produkt\/fentanyl-test-strips-all-in-one-kit\/#primaryimage\",\"url\":\"https:\/\/kicka.eu\/wp-content\/uploads\/2024\/01\/Fentanyl-PNG000-1.png\",\"contentUrl\":\"https:\/\/kicka.eu\/wp-content\/uploads\/2024\/01\/Fentanyl-PNG000-1.png\",\"width\":1080,\"height\":1080},{\"@type\":\"BreadcrumbList\",\"@id\":\"https:\/\/kicka.eu\/en\/produkt\/fentanyl-test-strips-all-in-one-kit\/#breadcrumb\",\"itemListElement\":[{\"@type\":\"ListItem\",\"position\":1,\"name\":\"Home\",\"item\":\"https:\/\/kicka.eu\/en\/\"},{\"@type\":\"ListItem\",\"position\":2,\"name\":\"Shop\",\"item\":\"https:\/\/kicka.eu\/sv\/shop\/\"},{\"@type\":\"ListItem\",\"position\":3,\"name\":\"Fentanyl Test Strips &#8211; All In One Kit\"}]},{\"@type\":\"WebSite\",\"@id\":\"https:\/\/kicka.eu\/en\/#website\",\"url\":\"https:\/\/kicka.eu\/en\/\",\"name\":\"Kicka\",\"description\":\"Online Headshop\",\"publisher\":{\"@id\":\"https:\/\/kicka.eu\/en\/#organization\"},\"potentialAction\":[{\"@type\":\"SearchAction\",\"target\":{\"@type\":\"EntryPoint\",\"urlTemplate\":\"https:\/\/kicka.eu\/en\/?s={search_term_string}\"},\"query-input\":\"required name=search_term_string\"}],\"inLanguage\":\"en-US\"},{\"@type\":\"Organization\",\"@id\":\"https:\/\/kicka.eu\/en\/#organization\",\"name\":\"Kicka\",\"url\":\"https:\/\/kicka.eu\/en\/\",\"logo\":{\"@type\":\"ImageObject\",\"inLanguage\":\"en-US\",\"@id\":\"https:\/\/kicka.eu\/en\/#\/schema\/logo\/image\/\",\"url\":\"https:\/\/kicka.eu\/wp-content\/uploads\/2023\/08\/Kicka-Logo.png\",\"contentUrl\":\"https:\/\/kicka.eu\/wp-content\/uploads\/2023\/08\/Kicka-Logo.png\",\"width\":233,\"height\":233,\"caption\":\"Kicka\"},\"image\":{\"@id\":\"https:\/\/kicka.eu\/en\/#\/schema\/logo\/image\/\"}}]}<\/script>\n<!-- \/ Yoast SEO plugin. -->","yoast_head_json":{"title":"Fentanyl Test Strips - All In One Kit - Kicka","robots":{"index":"index","follow":"follow","max-snippet":"max-snippet:-1","max-image-preview":"max-image-preview:large","max-video-preview":"max-video-preview:-1"},"canonical":"https:\/\/kicka.eu\/en\/produkt\/fentanyl-test-strips-all-in-one-kit\/","og_locale":"en_US","og_type":"article","og_title":"Fentanyl Test Strips - All In One Kit - Kicka","og_description":"Dosetest's patent-pending, allt-i-ett-testkit ger en effektiv och exakt testupplevelse f\u00f6r alla substanser, allt i en snyggt designad kompakt p\u00e5se. Dess intuitiva anv\u00e4ndning minimerar fel, vilket ger f\u00f6rtroende f\u00f6r resultaternas noggrannhet varje g\u00e5ng.   En anv\u00e4ndning per kit  Testade av oberoende laboratorier  Reagerar p\u00e5 \u00f6ver 20 olika Fentanylvarianter\"","og_url":"https:\/\/kicka.eu\/en\/produkt\/fentanyl-test-strips-all-in-one-kit\/","og_site_name":"Kicka","article_modified_time":"2026-04-08T18:28:33+00:00","og_image":[{"width":1080,"height":1080,"url":"https:\/\/kicka.eu\/wp-content\/uploads\/2024\/01\/Fentanyl-PNG000-1.png","type":"image\/png"}],"twitter_card":"summary_large_image","twitter_misc":{"Est. reading time":"1 minute"},"schema":{"@context":"https:\/\/schema.org","@graph":[{"@type":"WebPage","@id":"https:\/\/kicka.eu\/en\/produkt\/fentanyl-test-strips-all-in-one-kit\/","url":"https:\/\/kicka.eu\/en\/produkt\/fentanyl-test-strips-all-in-one-kit\/","name":"Fentanyl Test Strips - All In One Kit - Kicka","isPartOf":{"@id":"https:\/\/kicka.eu\/en\/#website"},"primaryImageOfPage":{"@id":"https:\/\/kicka.eu\/en\/produkt\/fentanyl-test-strips-all-in-one-kit\/#primaryimage"},"image":{"@id":"https:\/\/kicka.eu\/en\/produkt\/fentanyl-test-strips-all-in-one-kit\/#primaryimage"},"thumbnailUrl":"https:\/\/kicka.eu\/wp-content\/uploads\/2024\/01\/Fentanyl-PNG000-1.png","datePublished":"2024-01-07T04:54:10+00:00","dateModified":"2026-04-08T18:28:33+00:00","breadcrumb":{"@id":"https:\/\/kicka.eu\/en\/produkt\/fentanyl-test-strips-all-in-one-kit\/#breadcrumb"},"inLanguage":"en-US","potentialAction":[{"@type":"ReadAction","target":["https:\/\/kicka.eu\/en\/produkt\/fentanyl-test-strips-all-in-one-kit\/"]}]},{"@type":"ImageObject","inLanguage":"en-US","@id":"https:\/\/kicka.eu\/en\/produkt\/fentanyl-test-strips-all-in-one-kit\/#primaryimage","url":"https:\/\/kicka.eu\/wp-content\/uploads\/2024\/01\/Fentanyl-PNG000-1.png","contentUrl":"https:\/\/kicka.eu\/wp-content\/uploads\/2024\/01\/Fentanyl-PNG000-1.png","width":1080,"height":1080},{"@type":"BreadcrumbList","@id":"https:\/\/kicka.eu\/en\/produkt\/fentanyl-test-strips-all-in-one-kit\/#breadcrumb","itemListElement":[{"@type":"ListItem","position":1,"name":"Home","item":"https:\/\/kicka.eu\/en\/"},{"@type":"ListItem","position":2,"name":"Shop","item":"https:\/\/kicka.eu\/sv\/shop\/"},{"@type":"ListItem","position":3,"name":"Fentanyl Test Strips &#8211; All In One Kit"}]},{"@type":"WebSite","@id":"https:\/\/kicka.eu\/en\/#website","url":"https:\/\/kicka.eu\/en\/","name":"Kicka","description":"Online Headshop","publisher":{"@id":"https:\/\/kicka.eu\/en\/#organization"},"potentialAction":[{"@type":"SearchAction","target":{"@type":"EntryPoint","urlTemplate":"https:\/\/kicka.eu\/en\/?s={search_term_string}"},"query-input":"required name=search_term_string"}],"inLanguage":"en-US"},{"@type":"Organization","@id":"https:\/\/kicka.eu\/en\/#organization","name":"Kicka","url":"https:\/\/kicka.eu\/en\/","logo":{"@type":"ImageObject","inLanguage":"en-US","@id":"https:\/\/kicka.eu\/en\/#\/schema\/logo\/image\/","url":"https:\/\/kicka.eu\/wp-content\/uploads\/2023\/08\/Kicka-Logo.png","contentUrl":"https:\/\/kicka.eu\/wp-content\/uploads\/2023\/08\/Kicka-Logo.png","width":233,"height":233,"caption":"Kicka"},"image":{"@id":"https:\/\/kicka.eu\/en\/#\/schema\/logo\/image\/"}}]}},"_links":{"self":[{"href":"https:\/\/kicka.eu\/en\/wp-json\/wp\/v2\/product\/43666","targetHints":{"allow":["GET"]}}],"collection":[{"href":"https:\/\/kicka.eu\/en\/wp-json\/wp\/v2\/product"}],"about":[{"href":"https:\/\/kicka.eu\/en\/wp-json\/wp\/v2\/types\/product"}],"replies":[{"embeddable":true,"href":"https:\/\/kicka.eu\/en\/wp-json\/wp\/v2\/comments?post=43666"}],"wp:featuredmedia":[{"embeddable":true,"href":"https:\/\/kicka.eu\/en\/wp-json\/wp\/v2\/media\/43667"}],"wp:attachment":[{"href":"https:\/\/kicka.eu\/en\/wp-json\/wp\/v2\/media?parent=43666"}],"wp:term":[{"taxonomy":"product_cat","embeddable":true,"href":"https:\/\/kicka.eu\/en\/wp-json\/wp\/v2\/product_cat?post=43666"},{"taxonomy":"product_tag","embeddable":true,"href":"https:\/\/kicka.eu\/en\/wp-json\/wp\/v2\/product_tag?post=43666"}],"curies":[{"name":"wp","href":"https:\/\/api.w.org\/{rel}","templated":true}]}}