{"id":41109,"date":"2023-05-18T22:27:13","date_gmt":"2023-05-18T20:27:13","guid":{"rendered":"https:\/\/kicka.eu\/product\/raw-spirit-box-wooden-magnetisk\/"},"modified":"2024-01-24T20:49:59","modified_gmt":"2024-01-24T19:49:59","slug":"raw-spirit-box-wooden-magnetisk","status":"publish","type":"product","link":"https:\/\/kicka.eu\/en\/produkt\/raw-spirit-box-wooden-magnetisk\/","title":{"rendered":"Spirit Box Wooden Magnetisk"},"content":{"rendered":"","protected":false},"excerpt":{"rendered":"<p>Raw Spirit Box \u00e4r en kombinationsstasher och magnetisk rullande bricka som \u00e4r utformad f\u00f6r att hj\u00e4lpa till att frig\u00f6ra dina r\u00f6kspiriter. Den \u00f6vre facket har en upph\u00f6jd l\u00e4pp p\u00e5 3 sidor s\u00e5 att du enkelt kan f\u00f6rbereda, stash och lagra dina andar och tillbeh\u00f6r. Det finns 8 m\u00e5ngst\u00e4dda spetsh\u00e5llare f\u00f6r koner eller handrullar och sl\u00e4ta carve-outs f\u00f6r dina papper och andra tillbeh\u00f6r. L\u00e4gg m\u00e4rke till hur solid och tung den h\u00e4r vackra l\u00e5dan \u00e4r och den inb\u00e4ddade gummipackningen f\u00f6r att minska lukt och h\u00e5lla saker fr\u00e4schare.<\/p>\n","protected":false},"featured_media":548,"comment_status":"open","ping_status":"closed","template":"","meta":{"_acf_changed":false,"_et_pb_use_builder":"","_et_pb_old_content":"","_et_gb_content_width":"","om_disable_all_campaigns":false,"_monsterinsights_skip_tracking":false,"_monsterinsights_sitenote_active":false,"_monsterinsights_sitenote_note":"","_monsterinsights_sitenote_category":0,"_uf_show_specific_survey":0,"_uf_disable_surveys":false},"product_cat":[30],"product_tag":[40],"class_list":{"0":"post-41109","1":"product","2":"type-product","3":"status-publish","4":"has-post-thumbnail","6":"product_cat-tillbehor","7":"product_tag-rullbrickor","8":"pa_varumarken-raw","10":"first","11":"instock","12":"taxable","13":"shipping-taxable","14":"purchasable","15":"product-type-simple"},"acf":[],"yoast_head":"<!-- This site is optimized with the Yoast SEO plugin v22.8 - https:\/\/yoast.com\/wordpress\/plugins\/seo\/ -->\n<title>Spirit Box Wooden Magnetisk - Kicka<\/title>\n<meta name=\"robots\" content=\"index, follow, max-snippet:-1, max-image-preview:large, max-video-preview:-1\" \/>\n<link rel=\"canonical\" href=\"https:\/\/kicka.eu\/en\/produkt\/raw-spirit-box-wooden-magnetisk\/\" \/>\n<meta property=\"og:locale\" content=\"en_US\" \/>\n<meta property=\"og:type\" content=\"article\" \/>\n<meta property=\"og:title\" content=\"Spirit Box Wooden Magnetisk - Kicka\" \/>\n<meta property=\"og:description\" content=\"Raw Spirit Box \u00e4r en kombinationsstasher och magnetisk rullande bricka som \u00e4r utformad f\u00f6r att hj\u00e4lpa till att frig\u00f6ra dina r\u00f6kspiriter. Den \u00f6vre facket har en upph\u00f6jd l\u00e4pp p\u00e5 3 sidor s\u00e5 att du enkelt kan f\u00f6rbereda, stash och lagra dina andar och tillbeh\u00f6r. Det finns 8 m\u00e5ngst\u00e4dda spetsh\u00e5llare f\u00f6r koner eller handrullar och sl\u00e4ta carve-outs f\u00f6r dina papper och andra tillbeh\u00f6r. L\u00e4gg m\u00e4rke till hur solid och tung den h\u00e4r vackra l\u00e5dan \u00e4r och den inb\u00e4ddade gummipackningen f\u00f6r att minska lukt och h\u00e5lla saker fr\u00e4schare.\" \/>\n<meta property=\"og:url\" content=\"https:\/\/kicka.eu\/en\/produkt\/raw-spirit-box-wooden-magnetisk\/\" \/>\n<meta property=\"og:site_name\" content=\"Kicka\" \/>\n<meta property=\"article:modified_time\" content=\"2024-01-24T19:49:59+00:00\" \/>\n<meta property=\"og:image\" content=\"https:\/\/kicka.eu\/wp-content\/uploads\/2022\/03\/40742.jpeg\" \/>\n\t<meta property=\"og:image:width\" content=\"850\" \/>\n\t<meta property=\"og:image:height\" content=\"850\" \/>\n\t<meta property=\"og:image:type\" content=\"image\/jpeg\" \/>\n<meta name=\"twitter:card\" content=\"summary_large_image\" \/>\n<script type=\"application\/ld+json\" class=\"yoast-schema-graph\">{\"@context\":\"https:\/\/schema.org\",\"@graph\":[{\"@type\":\"WebPage\",\"@id\":\"https:\/\/kicka.eu\/en\/produkt\/raw-spirit-box-wooden-magnetisk\/\",\"url\":\"https:\/\/kicka.eu\/en\/produkt\/raw-spirit-box-wooden-magnetisk\/\",\"name\":\"Spirit Box Wooden Magnetisk - Kicka\",\"isPartOf\":{\"@id\":\"https:\/\/kicka.eu\/en\/#website\"},\"primaryImageOfPage\":{\"@id\":\"https:\/\/kicka.eu\/en\/produkt\/raw-spirit-box-wooden-magnetisk\/#primaryimage\"},\"image\":{\"@id\":\"https:\/\/kicka.eu\/en\/produkt\/raw-spirit-box-wooden-magnetisk\/#primaryimage\"},\"thumbnailUrl\":\"https:\/\/kicka.eu\/wp-content\/uploads\/2022\/03\/40742.jpeg\",\"datePublished\":\"2023-05-18T20:27:13+00:00\",\"dateModified\":\"2024-01-24T19:49:59+00:00\",\"breadcrumb\":{\"@id\":\"https:\/\/kicka.eu\/en\/produkt\/raw-spirit-box-wooden-magnetisk\/#breadcrumb\"},\"inLanguage\":\"en-US\",\"potentialAction\":[{\"@type\":\"ReadAction\",\"target\":[\"https:\/\/kicka.eu\/en\/produkt\/raw-spirit-box-wooden-magnetisk\/\"]}]},{\"@type\":\"ImageObject\",\"inLanguage\":\"en-US\",\"@id\":\"https:\/\/kicka.eu\/en\/produkt\/raw-spirit-box-wooden-magnetisk\/#primaryimage\",\"url\":\"https:\/\/kicka.eu\/wp-content\/uploads\/2022\/03\/40742.jpeg\",\"contentUrl\":\"https:\/\/kicka.eu\/wp-content\/uploads\/2022\/03\/40742.jpeg\",\"width\":850,\"height\":850},{\"@type\":\"BreadcrumbList\",\"@id\":\"https:\/\/kicka.eu\/en\/produkt\/raw-spirit-box-wooden-magnetisk\/#breadcrumb\",\"itemListElement\":[{\"@type\":\"ListItem\",\"position\":1,\"name\":\"Home\",\"item\":\"https:\/\/kicka.eu\/en\/\"},{\"@type\":\"ListItem\",\"position\":2,\"name\":\"Shop\",\"item\":\"https:\/\/kicka.eu\/sv\/shop\/\"},{\"@type\":\"ListItem\",\"position\":3,\"name\":\"Spirit Box Wooden Magnetisk\"}]},{\"@type\":\"WebSite\",\"@id\":\"https:\/\/kicka.eu\/en\/#website\",\"url\":\"https:\/\/kicka.eu\/en\/\",\"name\":\"Kicka\",\"description\":\"Online Headshop\",\"publisher\":{\"@id\":\"https:\/\/kicka.eu\/en\/#organization\"},\"potentialAction\":[{\"@type\":\"SearchAction\",\"target\":{\"@type\":\"EntryPoint\",\"urlTemplate\":\"https:\/\/kicka.eu\/en\/?s={search_term_string}\"},\"query-input\":\"required name=search_term_string\"}],\"inLanguage\":\"en-US\"},{\"@type\":\"Organization\",\"@id\":\"https:\/\/kicka.eu\/en\/#organization\",\"name\":\"Kicka\",\"url\":\"https:\/\/kicka.eu\/en\/\",\"logo\":{\"@type\":\"ImageObject\",\"inLanguage\":\"en-US\",\"@id\":\"https:\/\/kicka.eu\/en\/#\/schema\/logo\/image\/\",\"url\":\"https:\/\/kicka.eu\/wp-content\/uploads\/2023\/08\/Kicka-Logo.png\",\"contentUrl\":\"https:\/\/kicka.eu\/wp-content\/uploads\/2023\/08\/Kicka-Logo.png\",\"width\":233,\"height\":233,\"caption\":\"Kicka\"},\"image\":{\"@id\":\"https:\/\/kicka.eu\/en\/#\/schema\/logo\/image\/\"}}]}<\/script>\n<!-- \/ Yoast SEO plugin. -->","yoast_head_json":{"title":"Spirit Box Wooden Magnetisk - Kicka","robots":{"index":"index","follow":"follow","max-snippet":"max-snippet:-1","max-image-preview":"max-image-preview:large","max-video-preview":"max-video-preview:-1"},"canonical":"https:\/\/kicka.eu\/en\/produkt\/raw-spirit-box-wooden-magnetisk\/","og_locale":"en_US","og_type":"article","og_title":"Spirit Box Wooden Magnetisk - Kicka","og_description":"Raw Spirit Box \u00e4r en kombinationsstasher och magnetisk rullande bricka som \u00e4r utformad f\u00f6r att hj\u00e4lpa till att frig\u00f6ra dina r\u00f6kspiriter. Den \u00f6vre facket har en upph\u00f6jd l\u00e4pp p\u00e5 3 sidor s\u00e5 att du enkelt kan f\u00f6rbereda, stash och lagra dina andar och tillbeh\u00f6r. Det finns 8 m\u00e5ngst\u00e4dda spetsh\u00e5llare f\u00f6r koner eller handrullar och sl\u00e4ta carve-outs f\u00f6r dina papper och andra tillbeh\u00f6r. L\u00e4gg m\u00e4rke till hur solid och tung den h\u00e4r vackra l\u00e5dan \u00e4r och den inb\u00e4ddade gummipackningen f\u00f6r att minska lukt och h\u00e5lla saker fr\u00e4schare.","og_url":"https:\/\/kicka.eu\/en\/produkt\/raw-spirit-box-wooden-magnetisk\/","og_site_name":"Kicka","article_modified_time":"2024-01-24T19:49:59+00:00","og_image":[{"width":850,"height":850,"url":"https:\/\/kicka.eu\/wp-content\/uploads\/2022\/03\/40742.jpeg","type":"image\/jpeg"}],"twitter_card":"summary_large_image","schema":{"@context":"https:\/\/schema.org","@graph":[{"@type":"WebPage","@id":"https:\/\/kicka.eu\/en\/produkt\/raw-spirit-box-wooden-magnetisk\/","url":"https:\/\/kicka.eu\/en\/produkt\/raw-spirit-box-wooden-magnetisk\/","name":"Spirit Box Wooden Magnetisk - Kicka","isPartOf":{"@id":"https:\/\/kicka.eu\/en\/#website"},"primaryImageOfPage":{"@id":"https:\/\/kicka.eu\/en\/produkt\/raw-spirit-box-wooden-magnetisk\/#primaryimage"},"image":{"@id":"https:\/\/kicka.eu\/en\/produkt\/raw-spirit-box-wooden-magnetisk\/#primaryimage"},"thumbnailUrl":"https:\/\/kicka.eu\/wp-content\/uploads\/2022\/03\/40742.jpeg","datePublished":"2023-05-18T20:27:13+00:00","dateModified":"2024-01-24T19:49:59+00:00","breadcrumb":{"@id":"https:\/\/kicka.eu\/en\/produkt\/raw-spirit-box-wooden-magnetisk\/#breadcrumb"},"inLanguage":"en-US","potentialAction":[{"@type":"ReadAction","target":["https:\/\/kicka.eu\/en\/produkt\/raw-spirit-box-wooden-magnetisk\/"]}]},{"@type":"ImageObject","inLanguage":"en-US","@id":"https:\/\/kicka.eu\/en\/produkt\/raw-spirit-box-wooden-magnetisk\/#primaryimage","url":"https:\/\/kicka.eu\/wp-content\/uploads\/2022\/03\/40742.jpeg","contentUrl":"https:\/\/kicka.eu\/wp-content\/uploads\/2022\/03\/40742.jpeg","width":850,"height":850},{"@type":"BreadcrumbList","@id":"https:\/\/kicka.eu\/en\/produkt\/raw-spirit-box-wooden-magnetisk\/#breadcrumb","itemListElement":[{"@type":"ListItem","position":1,"name":"Home","item":"https:\/\/kicka.eu\/en\/"},{"@type":"ListItem","position":2,"name":"Shop","item":"https:\/\/kicka.eu\/sv\/shop\/"},{"@type":"ListItem","position":3,"name":"Spirit Box Wooden Magnetisk"}]},{"@type":"WebSite","@id":"https:\/\/kicka.eu\/en\/#website","url":"https:\/\/kicka.eu\/en\/","name":"Kicka","description":"Online Headshop","publisher":{"@id":"https:\/\/kicka.eu\/en\/#organization"},"potentialAction":[{"@type":"SearchAction","target":{"@type":"EntryPoint","urlTemplate":"https:\/\/kicka.eu\/en\/?s={search_term_string}"},"query-input":"required name=search_term_string"}],"inLanguage":"en-US"},{"@type":"Organization","@id":"https:\/\/kicka.eu\/en\/#organization","name":"Kicka","url":"https:\/\/kicka.eu\/en\/","logo":{"@type":"ImageObject","inLanguage":"en-US","@id":"https:\/\/kicka.eu\/en\/#\/schema\/logo\/image\/","url":"https:\/\/kicka.eu\/wp-content\/uploads\/2023\/08\/Kicka-Logo.png","contentUrl":"https:\/\/kicka.eu\/wp-content\/uploads\/2023\/08\/Kicka-Logo.png","width":233,"height":233,"caption":"Kicka"},"image":{"@id":"https:\/\/kicka.eu\/en\/#\/schema\/logo\/image\/"}}]}},"_links":{"self":[{"href":"https:\/\/kicka.eu\/en\/wp-json\/wp\/v2\/product\/41109","targetHints":{"allow":["GET"]}}],"collection":[{"href":"https:\/\/kicka.eu\/en\/wp-json\/wp\/v2\/product"}],"about":[{"href":"https:\/\/kicka.eu\/en\/wp-json\/wp\/v2\/types\/product"}],"replies":[{"embeddable":true,"href":"https:\/\/kicka.eu\/en\/wp-json\/wp\/v2\/comments?post=41109"}],"wp:featuredmedia":[{"embeddable":true,"href":"https:\/\/kicka.eu\/en\/wp-json\/wp\/v2\/media\/548"}],"wp:attachment":[{"href":"https:\/\/kicka.eu\/en\/wp-json\/wp\/v2\/media?parent=41109"}],"wp:term":[{"taxonomy":"product_cat","embeddable":true,"href":"https:\/\/kicka.eu\/en\/wp-json\/wp\/v2\/product_cat?post=41109"},{"taxonomy":"product_tag","embeddable":true,"href":"https:\/\/kicka.eu\/en\/wp-json\/wp\/v2\/product_tag?post=41109"}],"curies":[{"name":"wp","href":"https:\/\/api.w.org\/{rel}","templated":true}]}}