{"id":41095,"date":"2023-05-18T22:27:10","date_gmt":"2023-05-18T20:27:10","guid":{"rendered":"https:\/\/kicka.eu\/product\/raw-connoisseur-kingsize-slim-tips\/"},"modified":"2025-12-13T02:11:23","modified_gmt":"2025-12-13T01:11:23","slug":"raw-connoisseur-kingsize-slim-tips","status":"publish","type":"product","link":"https:\/\/kicka.eu\/en\/produkt\/raw-connoisseur-kingsize-slim-tips\/","title":{"rendered":"Raw Connoisseur Kingsize Slim + Tips"},"content":{"rendered":"","protected":false},"excerpt":{"rendered":"<p>Denna grossist Raw Connoisseur Kingsize Slim Rolling Papers + Tips \u00e4r ett go-to-alternativ f\u00f6r dina kunder som f\u00f6redrar l\u00e4ngre r\u00f6kning sessioner eller handrullande nackdelar. Produkten \u00e4r en all-in-one-l\u00f6sning som garanterar enkel b\u00e4rbarhet och en snyggt organiserad rullande station var som helst, n\u00e4r som helst.<\/p>\n","protected":false},"featured_media":41185,"comment_status":"open","ping_status":"closed","template":"","meta":{"_acf_changed":false,"_et_pb_use_builder":"on","_et_pb_old_content":"","_et_gb_content_width":"","om_disable_all_campaigns":false,"_monsterinsights_skip_tracking":false,"_monsterinsights_sitenote_active":false,"_monsterinsights_sitenote_note":"","_monsterinsights_sitenote_category":0,"_uf_show_specific_survey":0,"_uf_disable_surveys":false},"product_cat":[32],"product_tag":[33],"class_list":{"0":"post-41095","1":"product","2":"type-product","3":"status-publish","4":"has-post-thumbnail","6":"product_cat-rullning","7":"product_tag-rullpapper","8":"pa_varumarken-raw","10":"first","11":"onbackorder","12":"featured","13":"taxable","14":"shipping-taxable","15":"purchasable","16":"product-type-simple"},"acf":[],"yoast_head":"<!-- This site is optimized with the Yoast SEO plugin v22.8 - https:\/\/yoast.com\/wordpress\/plugins\/seo\/ -->\n<title>Raw Connoisseur Kingsize Slim + Tips - Kicka<\/title>\n<meta name=\"robots\" content=\"index, follow, max-snippet:-1, max-image-preview:large, max-video-preview:-1\" \/>\n<link rel=\"canonical\" href=\"https:\/\/kicka.eu\/en\/produkt\/raw-connoisseur-kingsize-slim-tips\/\" \/>\n<meta property=\"og:locale\" content=\"en_US\" \/>\n<meta property=\"og:type\" content=\"article\" \/>\n<meta property=\"og:title\" content=\"Raw Connoisseur Kingsize Slim + Tips - Kicka\" \/>\n<meta property=\"og:description\" content=\"Denna grossist Raw Connoisseur Kingsize Slim Rolling Papers + Tips \u00e4r ett go-to-alternativ f\u00f6r dina kunder som f\u00f6redrar l\u00e4ngre r\u00f6kning sessioner eller handrullande nackdelar. Produkten \u00e4r en all-in-one-l\u00f6sning som garanterar enkel b\u00e4rbarhet och en snyggt organiserad rullande station var som helst, n\u00e4r som helst.\" \/>\n<meta property=\"og:url\" content=\"https:\/\/kicka.eu\/en\/produkt\/raw-connoisseur-kingsize-slim-tips\/\" \/>\n<meta property=\"og:site_name\" content=\"Kicka\" \/>\n<meta property=\"article:modified_time\" content=\"2025-12-13T01:11:23+00:00\" \/>\n<meta property=\"og:image\" content=\"https:\/\/kicka.eu\/wp-content\/uploads\/2023\/05\/RAW.jpg\" \/>\n\t<meta property=\"og:image:width\" content=\"850\" \/>\n\t<meta property=\"og:image:height\" content=\"850\" \/>\n\t<meta property=\"og:image:type\" content=\"image\/jpeg\" \/>\n<meta name=\"twitter:card\" content=\"summary_large_image\" \/>\n<script type=\"application\/ld+json\" class=\"yoast-schema-graph\">{\"@context\":\"https:\/\/schema.org\",\"@graph\":[{\"@type\":\"WebPage\",\"@id\":\"https:\/\/kicka.eu\/en\/produkt\/raw-connoisseur-kingsize-slim-tips\/\",\"url\":\"https:\/\/kicka.eu\/en\/produkt\/raw-connoisseur-kingsize-slim-tips\/\",\"name\":\"Raw Connoisseur Kingsize Slim + Tips - Kicka\",\"isPartOf\":{\"@id\":\"https:\/\/kicka.eu\/en\/#website\"},\"primaryImageOfPage\":{\"@id\":\"https:\/\/kicka.eu\/en\/produkt\/raw-connoisseur-kingsize-slim-tips\/#primaryimage\"},\"image\":{\"@id\":\"https:\/\/kicka.eu\/en\/produkt\/raw-connoisseur-kingsize-slim-tips\/#primaryimage\"},\"thumbnailUrl\":\"https:\/\/kicka.eu\/wp-content\/uploads\/2023\/05\/RAW.jpg\",\"datePublished\":\"2023-05-18T20:27:10+00:00\",\"dateModified\":\"2025-12-13T01:11:23+00:00\",\"breadcrumb\":{\"@id\":\"https:\/\/kicka.eu\/en\/produkt\/raw-connoisseur-kingsize-slim-tips\/#breadcrumb\"},\"inLanguage\":\"en-US\",\"potentialAction\":[{\"@type\":\"ReadAction\",\"target\":[\"https:\/\/kicka.eu\/en\/produkt\/raw-connoisseur-kingsize-slim-tips\/\"]}]},{\"@type\":\"ImageObject\",\"inLanguage\":\"en-US\",\"@id\":\"https:\/\/kicka.eu\/en\/produkt\/raw-connoisseur-kingsize-slim-tips\/#primaryimage\",\"url\":\"https:\/\/kicka.eu\/wp-content\/uploads\/2023\/05\/RAW.jpg\",\"contentUrl\":\"https:\/\/kicka.eu\/wp-content\/uploads\/2023\/05\/RAW.jpg\",\"width\":850,\"height\":850},{\"@type\":\"BreadcrumbList\",\"@id\":\"https:\/\/kicka.eu\/en\/produkt\/raw-connoisseur-kingsize-slim-tips\/#breadcrumb\",\"itemListElement\":[{\"@type\":\"ListItem\",\"position\":1,\"name\":\"Home\",\"item\":\"https:\/\/kicka.eu\/en\/\"},{\"@type\":\"ListItem\",\"position\":2,\"name\":\"Shop\",\"item\":\"https:\/\/kicka.eu\/sv\/shop\/\"},{\"@type\":\"ListItem\",\"position\":3,\"name\":\"Raw Connoisseur Kingsize Slim + Tips\"}]},{\"@type\":\"WebSite\",\"@id\":\"https:\/\/kicka.eu\/en\/#website\",\"url\":\"https:\/\/kicka.eu\/en\/\",\"name\":\"Kicka\",\"description\":\"Online Headshop\",\"publisher\":{\"@id\":\"https:\/\/kicka.eu\/en\/#organization\"},\"potentialAction\":[{\"@type\":\"SearchAction\",\"target\":{\"@type\":\"EntryPoint\",\"urlTemplate\":\"https:\/\/kicka.eu\/en\/?s={search_term_string}\"},\"query-input\":\"required name=search_term_string\"}],\"inLanguage\":\"en-US\"},{\"@type\":\"Organization\",\"@id\":\"https:\/\/kicka.eu\/en\/#organization\",\"name\":\"Kicka\",\"url\":\"https:\/\/kicka.eu\/en\/\",\"logo\":{\"@type\":\"ImageObject\",\"inLanguage\":\"en-US\",\"@id\":\"https:\/\/kicka.eu\/en\/#\/schema\/logo\/image\/\",\"url\":\"https:\/\/kicka.eu\/wp-content\/uploads\/2023\/08\/Kicka-Logo.png\",\"contentUrl\":\"https:\/\/kicka.eu\/wp-content\/uploads\/2023\/08\/Kicka-Logo.png\",\"width\":233,\"height\":233,\"caption\":\"Kicka\"},\"image\":{\"@id\":\"https:\/\/kicka.eu\/en\/#\/schema\/logo\/image\/\"}}]}<\/script>\n<!-- \/ Yoast SEO plugin. -->","yoast_head_json":{"title":"Raw Connoisseur Kingsize Slim + Tips - Kicka","robots":{"index":"index","follow":"follow","max-snippet":"max-snippet:-1","max-image-preview":"max-image-preview:large","max-video-preview":"max-video-preview:-1"},"canonical":"https:\/\/kicka.eu\/en\/produkt\/raw-connoisseur-kingsize-slim-tips\/","og_locale":"en_US","og_type":"article","og_title":"Raw Connoisseur Kingsize Slim + Tips - Kicka","og_description":"Denna grossist Raw Connoisseur Kingsize Slim Rolling Papers + Tips \u00e4r ett go-to-alternativ f\u00f6r dina kunder som f\u00f6redrar l\u00e4ngre r\u00f6kning sessioner eller handrullande nackdelar. Produkten \u00e4r en all-in-one-l\u00f6sning som garanterar enkel b\u00e4rbarhet och en snyggt organiserad rullande station var som helst, n\u00e4r som helst.","og_url":"https:\/\/kicka.eu\/en\/produkt\/raw-connoisseur-kingsize-slim-tips\/","og_site_name":"Kicka","article_modified_time":"2025-12-13T01:11:23+00:00","og_image":[{"width":850,"height":850,"url":"https:\/\/kicka.eu\/wp-content\/uploads\/2023\/05\/RAW.jpg","type":"image\/jpeg"}],"twitter_card":"summary_large_image","schema":{"@context":"https:\/\/schema.org","@graph":[{"@type":"WebPage","@id":"https:\/\/kicka.eu\/en\/produkt\/raw-connoisseur-kingsize-slim-tips\/","url":"https:\/\/kicka.eu\/en\/produkt\/raw-connoisseur-kingsize-slim-tips\/","name":"Raw Connoisseur Kingsize Slim + Tips - Kicka","isPartOf":{"@id":"https:\/\/kicka.eu\/en\/#website"},"primaryImageOfPage":{"@id":"https:\/\/kicka.eu\/en\/produkt\/raw-connoisseur-kingsize-slim-tips\/#primaryimage"},"image":{"@id":"https:\/\/kicka.eu\/en\/produkt\/raw-connoisseur-kingsize-slim-tips\/#primaryimage"},"thumbnailUrl":"https:\/\/kicka.eu\/wp-content\/uploads\/2023\/05\/RAW.jpg","datePublished":"2023-05-18T20:27:10+00:00","dateModified":"2025-12-13T01:11:23+00:00","breadcrumb":{"@id":"https:\/\/kicka.eu\/en\/produkt\/raw-connoisseur-kingsize-slim-tips\/#breadcrumb"},"inLanguage":"en-US","potentialAction":[{"@type":"ReadAction","target":["https:\/\/kicka.eu\/en\/produkt\/raw-connoisseur-kingsize-slim-tips\/"]}]},{"@type":"ImageObject","inLanguage":"en-US","@id":"https:\/\/kicka.eu\/en\/produkt\/raw-connoisseur-kingsize-slim-tips\/#primaryimage","url":"https:\/\/kicka.eu\/wp-content\/uploads\/2023\/05\/RAW.jpg","contentUrl":"https:\/\/kicka.eu\/wp-content\/uploads\/2023\/05\/RAW.jpg","width":850,"height":850},{"@type":"BreadcrumbList","@id":"https:\/\/kicka.eu\/en\/produkt\/raw-connoisseur-kingsize-slim-tips\/#breadcrumb","itemListElement":[{"@type":"ListItem","position":1,"name":"Home","item":"https:\/\/kicka.eu\/en\/"},{"@type":"ListItem","position":2,"name":"Shop","item":"https:\/\/kicka.eu\/sv\/shop\/"},{"@type":"ListItem","position":3,"name":"Raw Connoisseur Kingsize Slim + Tips"}]},{"@type":"WebSite","@id":"https:\/\/kicka.eu\/en\/#website","url":"https:\/\/kicka.eu\/en\/","name":"Kicka","description":"Online Headshop","publisher":{"@id":"https:\/\/kicka.eu\/en\/#organization"},"potentialAction":[{"@type":"SearchAction","target":{"@type":"EntryPoint","urlTemplate":"https:\/\/kicka.eu\/en\/?s={search_term_string}"},"query-input":"required name=search_term_string"}],"inLanguage":"en-US"},{"@type":"Organization","@id":"https:\/\/kicka.eu\/en\/#organization","name":"Kicka","url":"https:\/\/kicka.eu\/en\/","logo":{"@type":"ImageObject","inLanguage":"en-US","@id":"https:\/\/kicka.eu\/en\/#\/schema\/logo\/image\/","url":"https:\/\/kicka.eu\/wp-content\/uploads\/2023\/08\/Kicka-Logo.png","contentUrl":"https:\/\/kicka.eu\/wp-content\/uploads\/2023\/08\/Kicka-Logo.png","width":233,"height":233,"caption":"Kicka"},"image":{"@id":"https:\/\/kicka.eu\/en\/#\/schema\/logo\/image\/"}}]}},"_links":{"self":[{"href":"https:\/\/kicka.eu\/en\/wp-json\/wp\/v2\/product\/41095","targetHints":{"allow":["GET"]}}],"collection":[{"href":"https:\/\/kicka.eu\/en\/wp-json\/wp\/v2\/product"}],"about":[{"href":"https:\/\/kicka.eu\/en\/wp-json\/wp\/v2\/types\/product"}],"replies":[{"embeddable":true,"href":"https:\/\/kicka.eu\/en\/wp-json\/wp\/v2\/comments?post=41095"}],"wp:featuredmedia":[{"embeddable":true,"href":"https:\/\/kicka.eu\/en\/wp-json\/wp\/v2\/media\/41185"}],"wp:attachment":[{"href":"https:\/\/kicka.eu\/en\/wp-json\/wp\/v2\/media?parent=41095"}],"wp:term":[{"taxonomy":"product_cat","embeddable":true,"href":"https:\/\/kicka.eu\/en\/wp-json\/wp\/v2\/product_cat?post=41095"},{"taxonomy":"product_tag","embeddable":true,"href":"https:\/\/kicka.eu\/en\/wp-json\/wp\/v2\/product_tag?post=41095"}],"curies":[{"name":"wp","href":"https:\/\/api.w.org\/{rel}","templated":true}]}}