{"id":41085,"date":"2023-05-18T22:27:07","date_gmt":"2023-05-18T20:27:07","guid":{"rendered":"https:\/\/kicka.eu\/product\/raw-regular-tips\/"},"modified":"2025-04-25T05:51:08","modified_gmt":"2025-04-25T03:51:08","slug":"raw-regular-tips","status":"publish","type":"product","link":"https:\/\/kicka.eu\/en\/produkt\/raw-regular-tips\/","title":{"rendered":"Raw Regular Tips"},"content":{"rendered":"","protected":false},"excerpt":{"rendered":"<p>R\u00e5a ursprungliga tips \u00e4r noggrant utformade fr\u00e5n naturligt orefinerade l\u00e5nga fibrer med hj\u00e4lp av en original typ Fourdrinier pappersmaskin &#8211; R\u00e5 sparad ingen kostnad. R\u00e5a ursprungliga tips rullar upp smidigt och har tillr\u00e4ckligt med strukturell integritet f\u00f6r att beh\u00e5lla sin form och styvhet \u00e4ven n\u00e4r den \u00e4r v\u00e5t. De l\u00e4gger f\u00f6rsiktigt ut och sk\u00e4r papperet ordentligt med kornet s\u00e5 att de rullar smidigt (ist\u00e4llet f\u00f6r att kvadrera s\u00e5 m\u00e5nga andra tips fr\u00e5n underl\u00e4gsna f\u00f6retag g\u00f6r).<\/p>\n<p>    Klor och kemisk fri<br \/>\n    50 tips \/ pack<br \/>\n    50 f\u00f6rpackningar \/ l\u00e5da<\/p>\n","protected":false},"featured_media":560,"comment_status":"open","ping_status":"closed","template":"","meta":{"_acf_changed":false,"_et_pb_use_builder":"","_et_pb_old_content":"","_et_gb_content_width":"","om_disable_all_campaigns":false,"_monsterinsights_skip_tracking":false,"_monsterinsights_sitenote_active":false,"_monsterinsights_sitenote_note":"","_monsterinsights_sitenote_category":0,"_uf_show_specific_survey":0,"_uf_disable_surveys":false},"product_cat":[32],"product_tag":[55],"class_list":{"0":"post-41085","1":"product","2":"type-product","3":"status-publish","4":"has-post-thumbnail","6":"product_cat-rullning","7":"product_tag-filter","8":"pa_varumarken-raw","10":"first","11":"instock","12":"taxable","13":"shipping-taxable","14":"purchasable","15":"product-type-simple"},"acf":[],"yoast_head":"<!-- This site is optimized with the Yoast SEO plugin v22.8 - https:\/\/yoast.com\/wordpress\/plugins\/seo\/ -->\n<title>Raw Regular Tips - Kicka<\/title>\n<meta name=\"robots\" content=\"index, follow, max-snippet:-1, max-image-preview:large, max-video-preview:-1\" \/>\n<link rel=\"canonical\" href=\"https:\/\/kicka.eu\/en\/produkt\/raw-regular-tips\/\" \/>\n<meta property=\"og:locale\" content=\"en_US\" \/>\n<meta property=\"og:type\" content=\"article\" \/>\n<meta property=\"og:title\" content=\"Raw Regular Tips - Kicka\" \/>\n<meta property=\"og:description\" content=\"R\u00e5a ursprungliga tips \u00e4r noggrant utformade fr\u00e5n naturligt orefinerade l\u00e5nga fibrer med hj\u00e4lp av en original typ Fourdrinier pappersmaskin - R\u00e5 sparad ingen kostnad. R\u00e5a ursprungliga tips rullar upp smidigt och har tillr\u00e4ckligt med strukturell integritet f\u00f6r att beh\u00e5lla sin form och styvhet \u00e4ven n\u00e4r den \u00e4r v\u00e5t. De l\u00e4gger f\u00f6rsiktigt ut och sk\u00e4r papperet ordentligt med kornet s\u00e5 att de rullar smidigt (ist\u00e4llet f\u00f6r att kvadrera s\u00e5 m\u00e5nga andra tips fr\u00e5n underl\u00e4gsna f\u00f6retag g\u00f6r).    Klor och kemisk fri   50 tips \/ pack   50 f\u00f6rpackningar \/ l\u00e5da\" \/>\n<meta property=\"og:url\" content=\"https:\/\/kicka.eu\/en\/produkt\/raw-regular-tips\/\" \/>\n<meta property=\"og:site_name\" content=\"Kicka\" \/>\n<meta property=\"article:modified_time\" content=\"2025-04-25T03:51:08+00:00\" \/>\n<meta property=\"og:image\" content=\"https:\/\/kicka.eu\/wp-content\/uploads\/2022\/03\/RL1041.jpeg\" \/>\n\t<meta property=\"og:image:width\" content=\"625\" \/>\n\t<meta property=\"og:image:height\" content=\"625\" \/>\n\t<meta property=\"og:image:type\" content=\"image\/jpeg\" \/>\n<meta name=\"twitter:card\" content=\"summary_large_image\" \/>\n<script type=\"application\/ld+json\" class=\"yoast-schema-graph\">{\"@context\":\"https:\/\/schema.org\",\"@graph\":[{\"@type\":\"WebPage\",\"@id\":\"https:\/\/kicka.eu\/en\/produkt\/raw-regular-tips\/\",\"url\":\"https:\/\/kicka.eu\/en\/produkt\/raw-regular-tips\/\",\"name\":\"Raw Regular Tips - Kicka\",\"isPartOf\":{\"@id\":\"https:\/\/kicka.eu\/en\/#website\"},\"primaryImageOfPage\":{\"@id\":\"https:\/\/kicka.eu\/en\/produkt\/raw-regular-tips\/#primaryimage\"},\"image\":{\"@id\":\"https:\/\/kicka.eu\/en\/produkt\/raw-regular-tips\/#primaryimage\"},\"thumbnailUrl\":\"https:\/\/kicka.eu\/wp-content\/uploads\/2022\/03\/RL1041.jpeg\",\"datePublished\":\"2023-05-18T20:27:07+00:00\",\"dateModified\":\"2025-04-25T03:51:08+00:00\",\"breadcrumb\":{\"@id\":\"https:\/\/kicka.eu\/en\/produkt\/raw-regular-tips\/#breadcrumb\"},\"inLanguage\":\"en-US\",\"potentialAction\":[{\"@type\":\"ReadAction\",\"target\":[\"https:\/\/kicka.eu\/en\/produkt\/raw-regular-tips\/\"]}]},{\"@type\":\"ImageObject\",\"inLanguage\":\"en-US\",\"@id\":\"https:\/\/kicka.eu\/en\/produkt\/raw-regular-tips\/#primaryimage\",\"url\":\"https:\/\/kicka.eu\/wp-content\/uploads\/2022\/03\/RL1041.jpeg\",\"contentUrl\":\"https:\/\/kicka.eu\/wp-content\/uploads\/2022\/03\/RL1041.jpeg\",\"width\":625,\"height\":625},{\"@type\":\"BreadcrumbList\",\"@id\":\"https:\/\/kicka.eu\/en\/produkt\/raw-regular-tips\/#breadcrumb\",\"itemListElement\":[{\"@type\":\"ListItem\",\"position\":1,\"name\":\"Home\",\"item\":\"https:\/\/kicka.eu\/en\/\"},{\"@type\":\"ListItem\",\"position\":2,\"name\":\"Shop\",\"item\":\"https:\/\/kicka.eu\/sv\/shop\/\"},{\"@type\":\"ListItem\",\"position\":3,\"name\":\"Raw Regular Tips\"}]},{\"@type\":\"WebSite\",\"@id\":\"https:\/\/kicka.eu\/en\/#website\",\"url\":\"https:\/\/kicka.eu\/en\/\",\"name\":\"Kicka\",\"description\":\"Online Headshop\",\"publisher\":{\"@id\":\"https:\/\/kicka.eu\/en\/#organization\"},\"potentialAction\":[{\"@type\":\"SearchAction\",\"target\":{\"@type\":\"EntryPoint\",\"urlTemplate\":\"https:\/\/kicka.eu\/en\/?s={search_term_string}\"},\"query-input\":\"required name=search_term_string\"}],\"inLanguage\":\"en-US\"},{\"@type\":\"Organization\",\"@id\":\"https:\/\/kicka.eu\/en\/#organization\",\"name\":\"Kicka\",\"url\":\"https:\/\/kicka.eu\/en\/\",\"logo\":{\"@type\":\"ImageObject\",\"inLanguage\":\"en-US\",\"@id\":\"https:\/\/kicka.eu\/en\/#\/schema\/logo\/image\/\",\"url\":\"https:\/\/kicka.eu\/wp-content\/uploads\/2023\/08\/Kicka-Logo.png\",\"contentUrl\":\"https:\/\/kicka.eu\/wp-content\/uploads\/2023\/08\/Kicka-Logo.png\",\"width\":233,\"height\":233,\"caption\":\"Kicka\"},\"image\":{\"@id\":\"https:\/\/kicka.eu\/en\/#\/schema\/logo\/image\/\"}}]}<\/script>\n<!-- \/ Yoast SEO plugin. -->","yoast_head_json":{"title":"Raw Regular Tips - Kicka","robots":{"index":"index","follow":"follow","max-snippet":"max-snippet:-1","max-image-preview":"max-image-preview:large","max-video-preview":"max-video-preview:-1"},"canonical":"https:\/\/kicka.eu\/en\/produkt\/raw-regular-tips\/","og_locale":"en_US","og_type":"article","og_title":"Raw Regular Tips - Kicka","og_description":"R\u00e5a ursprungliga tips \u00e4r noggrant utformade fr\u00e5n naturligt orefinerade l\u00e5nga fibrer med hj\u00e4lp av en original typ Fourdrinier pappersmaskin - R\u00e5 sparad ingen kostnad. R\u00e5a ursprungliga tips rullar upp smidigt och har tillr\u00e4ckligt med strukturell integritet f\u00f6r att beh\u00e5lla sin form och styvhet \u00e4ven n\u00e4r den \u00e4r v\u00e5t. De l\u00e4gger f\u00f6rsiktigt ut och sk\u00e4r papperet ordentligt med kornet s\u00e5 att de rullar smidigt (ist\u00e4llet f\u00f6r att kvadrera s\u00e5 m\u00e5nga andra tips fr\u00e5n underl\u00e4gsna f\u00f6retag g\u00f6r).    Klor och kemisk fri   50 tips \/ pack   50 f\u00f6rpackningar \/ l\u00e5da","og_url":"https:\/\/kicka.eu\/en\/produkt\/raw-regular-tips\/","og_site_name":"Kicka","article_modified_time":"2025-04-25T03:51:08+00:00","og_image":[{"width":625,"height":625,"url":"https:\/\/kicka.eu\/wp-content\/uploads\/2022\/03\/RL1041.jpeg","type":"image\/jpeg"}],"twitter_card":"summary_large_image","schema":{"@context":"https:\/\/schema.org","@graph":[{"@type":"WebPage","@id":"https:\/\/kicka.eu\/en\/produkt\/raw-regular-tips\/","url":"https:\/\/kicka.eu\/en\/produkt\/raw-regular-tips\/","name":"Raw Regular Tips - Kicka","isPartOf":{"@id":"https:\/\/kicka.eu\/en\/#website"},"primaryImageOfPage":{"@id":"https:\/\/kicka.eu\/en\/produkt\/raw-regular-tips\/#primaryimage"},"image":{"@id":"https:\/\/kicka.eu\/en\/produkt\/raw-regular-tips\/#primaryimage"},"thumbnailUrl":"https:\/\/kicka.eu\/wp-content\/uploads\/2022\/03\/RL1041.jpeg","datePublished":"2023-05-18T20:27:07+00:00","dateModified":"2025-04-25T03:51:08+00:00","breadcrumb":{"@id":"https:\/\/kicka.eu\/en\/produkt\/raw-regular-tips\/#breadcrumb"},"inLanguage":"en-US","potentialAction":[{"@type":"ReadAction","target":["https:\/\/kicka.eu\/en\/produkt\/raw-regular-tips\/"]}]},{"@type":"ImageObject","inLanguage":"en-US","@id":"https:\/\/kicka.eu\/en\/produkt\/raw-regular-tips\/#primaryimage","url":"https:\/\/kicka.eu\/wp-content\/uploads\/2022\/03\/RL1041.jpeg","contentUrl":"https:\/\/kicka.eu\/wp-content\/uploads\/2022\/03\/RL1041.jpeg","width":625,"height":625},{"@type":"BreadcrumbList","@id":"https:\/\/kicka.eu\/en\/produkt\/raw-regular-tips\/#breadcrumb","itemListElement":[{"@type":"ListItem","position":1,"name":"Home","item":"https:\/\/kicka.eu\/en\/"},{"@type":"ListItem","position":2,"name":"Shop","item":"https:\/\/kicka.eu\/sv\/shop\/"},{"@type":"ListItem","position":3,"name":"Raw Regular Tips"}]},{"@type":"WebSite","@id":"https:\/\/kicka.eu\/en\/#website","url":"https:\/\/kicka.eu\/en\/","name":"Kicka","description":"Online Headshop","publisher":{"@id":"https:\/\/kicka.eu\/en\/#organization"},"potentialAction":[{"@type":"SearchAction","target":{"@type":"EntryPoint","urlTemplate":"https:\/\/kicka.eu\/en\/?s={search_term_string}"},"query-input":"required name=search_term_string"}],"inLanguage":"en-US"},{"@type":"Organization","@id":"https:\/\/kicka.eu\/en\/#organization","name":"Kicka","url":"https:\/\/kicka.eu\/en\/","logo":{"@type":"ImageObject","inLanguage":"en-US","@id":"https:\/\/kicka.eu\/en\/#\/schema\/logo\/image\/","url":"https:\/\/kicka.eu\/wp-content\/uploads\/2023\/08\/Kicka-Logo.png","contentUrl":"https:\/\/kicka.eu\/wp-content\/uploads\/2023\/08\/Kicka-Logo.png","width":233,"height":233,"caption":"Kicka"},"image":{"@id":"https:\/\/kicka.eu\/en\/#\/schema\/logo\/image\/"}}]}},"_links":{"self":[{"href":"https:\/\/kicka.eu\/en\/wp-json\/wp\/v2\/product\/41085","targetHints":{"allow":["GET"]}}],"collection":[{"href":"https:\/\/kicka.eu\/en\/wp-json\/wp\/v2\/product"}],"about":[{"href":"https:\/\/kicka.eu\/en\/wp-json\/wp\/v2\/types\/product"}],"replies":[{"embeddable":true,"href":"https:\/\/kicka.eu\/en\/wp-json\/wp\/v2\/comments?post=41085"}],"wp:featuredmedia":[{"embeddable":true,"href":"https:\/\/kicka.eu\/en\/wp-json\/wp\/v2\/media\/560"}],"wp:attachment":[{"href":"https:\/\/kicka.eu\/en\/wp-json\/wp\/v2\/media?parent=41085"}],"wp:term":[{"taxonomy":"product_cat","embeddable":true,"href":"https:\/\/kicka.eu\/en\/wp-json\/wp\/v2\/product_cat?post=41085"},{"taxonomy":"product_tag","embeddable":true,"href":"https:\/\/kicka.eu\/en\/wp-json\/wp\/v2\/product_tag?post=41085"}],"curies":[{"name":"wp","href":"https:\/\/api.w.org\/{rel}","templated":true}]}}