{"id":41084,"date":"2023-05-18T22:27:07","date_gmt":"2023-05-18T20:27:07","guid":{"rendered":"https:\/\/kicka.eu\/product\/raw-unrefined-100-pre-rolled-tips\/"},"modified":"2024-01-24T21:03:48","modified_gmt":"2024-01-24T20:03:48","slug":"raw-unrefined-100-pre-rolled-tips","status":"publish","type":"product","link":"https:\/\/kicka.eu\/en\/produkt\/raw-unrefined-100-pre-rolled-tips\/","title":{"rendered":"Raw Unrefined 100 Pre-Rolled Tips"},"content":{"rendered":"","protected":false},"excerpt":{"rendered":"<p>Din favorit r\u00e5a f\u00f6rrullade tips har bara en uppgradering! Alla nya r\u00e5a f\u00f6rflutna tips i tenn inneh\u00e5ller 100 av de f\u00f6rrullade tipsen du k\u00e4nner och \u00e4lskar. Denna toppskjutningsledning g\u00f6r det perfekta hemmet f\u00f6r 100 f\u00f6rrullade tips, eftersom de ivrigt v\u00e4ntar p\u00e5 att vara f\u00f6renade med dina blunts. R\u00e5a f\u00f6rrullade tips \u00e4r naturliga och oraffinerade, vilket ger dig det bekv\u00e4maste s\u00e4ttet att snabbt rulla upp p\u00e5 spr\u00e5ng. De \u00e4r konstruerade f\u00f6r perfekt luftfl\u00f6de och bra filtrering. Ingen kemisk blekning eller klor anv\u00e4nds i dessa tips, s\u00e5 du kan vara s\u00e4ker p\u00e5 att din r\u00f6k \u00e4r s\u00e4ker.<\/p>\n","protected":false},"featured_media":539,"comment_status":"open","ping_status":"closed","template":"","meta":{"_acf_changed":false,"_et_pb_use_builder":"","_et_pb_old_content":"","_et_gb_content_width":"","om_disable_all_campaigns":false,"_monsterinsights_skip_tracking":false,"_monsterinsights_sitenote_active":false,"_monsterinsights_sitenote_note":"","_monsterinsights_sitenote_category":0,"_uf_show_specific_survey":0,"_uf_disable_surveys":false},"product_cat":[32],"product_tag":[55],"class_list":{"0":"post-41084","1":"product","2":"type-product","3":"status-publish","4":"has-post-thumbnail","6":"product_cat-rullning","7":"product_tag-filter","8":"pa_varumarken-raw","10":"first","11":"instock","12":"taxable","13":"shipping-taxable","14":"purchasable","15":"product-type-simple"},"acf":[],"yoast_head":"<!-- This site is optimized with the Yoast SEO plugin v22.8 - https:\/\/yoast.com\/wordpress\/plugins\/seo\/ -->\n<title>Raw Unrefined 100 Pre-Rolled Tips - Kicka<\/title>\n<meta name=\"robots\" content=\"index, follow, max-snippet:-1, max-image-preview:large, max-video-preview:-1\" \/>\n<link rel=\"canonical\" href=\"https:\/\/kicka.eu\/en\/produkt\/raw-unrefined-100-pre-rolled-tips\/\" \/>\n<meta property=\"og:locale\" content=\"en_US\" \/>\n<meta property=\"og:type\" content=\"article\" \/>\n<meta property=\"og:title\" content=\"Raw Unrefined 100 Pre-Rolled Tips - Kicka\" \/>\n<meta property=\"og:description\" content=\"Din favorit r\u00e5a f\u00f6rrullade tips har bara en uppgradering! Alla nya r\u00e5a f\u00f6rflutna tips i tenn inneh\u00e5ller 100 av de f\u00f6rrullade tipsen du k\u00e4nner och \u00e4lskar. Denna toppskjutningsledning g\u00f6r det perfekta hemmet f\u00f6r 100 f\u00f6rrullade tips, eftersom de ivrigt v\u00e4ntar p\u00e5 att vara f\u00f6renade med dina blunts. R\u00e5a f\u00f6rrullade tips \u00e4r naturliga och oraffinerade, vilket ger dig det bekv\u00e4maste s\u00e4ttet att snabbt rulla upp p\u00e5 spr\u00e5ng. De \u00e4r konstruerade f\u00f6r perfekt luftfl\u00f6de och bra filtrering. Ingen kemisk blekning eller klor anv\u00e4nds i dessa tips, s\u00e5 du kan vara s\u00e4ker p\u00e5 att din r\u00f6k \u00e4r s\u00e4ker.\" \/>\n<meta property=\"og:url\" content=\"https:\/\/kicka.eu\/en\/produkt\/raw-unrefined-100-pre-rolled-tips\/\" \/>\n<meta property=\"og:site_name\" content=\"Kicka\" \/>\n<meta property=\"article:modified_time\" content=\"2024-01-24T20:03:48+00:00\" \/>\n<meta property=\"og:image\" content=\"https:\/\/kicka.eu\/wp-content\/uploads\/2022\/03\/36849.jpeg\" \/>\n\t<meta property=\"og:image:width\" content=\"850\" \/>\n\t<meta property=\"og:image:height\" content=\"850\" \/>\n\t<meta property=\"og:image:type\" content=\"image\/jpeg\" \/>\n<meta name=\"twitter:card\" content=\"summary_large_image\" \/>\n<script type=\"application\/ld+json\" class=\"yoast-schema-graph\">{\"@context\":\"https:\/\/schema.org\",\"@graph\":[{\"@type\":\"WebPage\",\"@id\":\"https:\/\/kicka.eu\/en\/produkt\/raw-unrefined-100-pre-rolled-tips\/\",\"url\":\"https:\/\/kicka.eu\/en\/produkt\/raw-unrefined-100-pre-rolled-tips\/\",\"name\":\"Raw Unrefined 100 Pre-Rolled Tips - Kicka\",\"isPartOf\":{\"@id\":\"https:\/\/kicka.eu\/en\/#website\"},\"primaryImageOfPage\":{\"@id\":\"https:\/\/kicka.eu\/en\/produkt\/raw-unrefined-100-pre-rolled-tips\/#primaryimage\"},\"image\":{\"@id\":\"https:\/\/kicka.eu\/en\/produkt\/raw-unrefined-100-pre-rolled-tips\/#primaryimage\"},\"thumbnailUrl\":\"https:\/\/kicka.eu\/wp-content\/uploads\/2022\/03\/36849.jpeg\",\"datePublished\":\"2023-05-18T20:27:07+00:00\",\"dateModified\":\"2024-01-24T20:03:48+00:00\",\"breadcrumb\":{\"@id\":\"https:\/\/kicka.eu\/en\/produkt\/raw-unrefined-100-pre-rolled-tips\/#breadcrumb\"},\"inLanguage\":\"en-US\",\"potentialAction\":[{\"@type\":\"ReadAction\",\"target\":[\"https:\/\/kicka.eu\/en\/produkt\/raw-unrefined-100-pre-rolled-tips\/\"]}]},{\"@type\":\"ImageObject\",\"inLanguage\":\"en-US\",\"@id\":\"https:\/\/kicka.eu\/en\/produkt\/raw-unrefined-100-pre-rolled-tips\/#primaryimage\",\"url\":\"https:\/\/kicka.eu\/wp-content\/uploads\/2022\/03\/36849.jpeg\",\"contentUrl\":\"https:\/\/kicka.eu\/wp-content\/uploads\/2022\/03\/36849.jpeg\",\"width\":850,\"height\":850},{\"@type\":\"BreadcrumbList\",\"@id\":\"https:\/\/kicka.eu\/en\/produkt\/raw-unrefined-100-pre-rolled-tips\/#breadcrumb\",\"itemListElement\":[{\"@type\":\"ListItem\",\"position\":1,\"name\":\"Home\",\"item\":\"https:\/\/kicka.eu\/en\/\"},{\"@type\":\"ListItem\",\"position\":2,\"name\":\"Shop\",\"item\":\"https:\/\/kicka.eu\/sv\/shop\/\"},{\"@type\":\"ListItem\",\"position\":3,\"name\":\"Raw Unrefined 100 Pre-Rolled Tips\"}]},{\"@type\":\"WebSite\",\"@id\":\"https:\/\/kicka.eu\/en\/#website\",\"url\":\"https:\/\/kicka.eu\/en\/\",\"name\":\"Kicka\",\"description\":\"Online Headshop\",\"publisher\":{\"@id\":\"https:\/\/kicka.eu\/en\/#organization\"},\"potentialAction\":[{\"@type\":\"SearchAction\",\"target\":{\"@type\":\"EntryPoint\",\"urlTemplate\":\"https:\/\/kicka.eu\/en\/?s={search_term_string}\"},\"query-input\":\"required name=search_term_string\"}],\"inLanguage\":\"en-US\"},{\"@type\":\"Organization\",\"@id\":\"https:\/\/kicka.eu\/en\/#organization\",\"name\":\"Kicka\",\"url\":\"https:\/\/kicka.eu\/en\/\",\"logo\":{\"@type\":\"ImageObject\",\"inLanguage\":\"en-US\",\"@id\":\"https:\/\/kicka.eu\/en\/#\/schema\/logo\/image\/\",\"url\":\"https:\/\/kicka.eu\/wp-content\/uploads\/2023\/08\/Kicka-Logo.png\",\"contentUrl\":\"https:\/\/kicka.eu\/wp-content\/uploads\/2023\/08\/Kicka-Logo.png\",\"width\":233,\"height\":233,\"caption\":\"Kicka\"},\"image\":{\"@id\":\"https:\/\/kicka.eu\/en\/#\/schema\/logo\/image\/\"}}]}<\/script>\n<!-- \/ Yoast SEO plugin. -->","yoast_head_json":{"title":"Raw Unrefined 100 Pre-Rolled Tips - Kicka","robots":{"index":"index","follow":"follow","max-snippet":"max-snippet:-1","max-image-preview":"max-image-preview:large","max-video-preview":"max-video-preview:-1"},"canonical":"https:\/\/kicka.eu\/en\/produkt\/raw-unrefined-100-pre-rolled-tips\/","og_locale":"en_US","og_type":"article","og_title":"Raw Unrefined 100 Pre-Rolled Tips - Kicka","og_description":"Din favorit r\u00e5a f\u00f6rrullade tips har bara en uppgradering! Alla nya r\u00e5a f\u00f6rflutna tips i tenn inneh\u00e5ller 100 av de f\u00f6rrullade tipsen du k\u00e4nner och \u00e4lskar. Denna toppskjutningsledning g\u00f6r det perfekta hemmet f\u00f6r 100 f\u00f6rrullade tips, eftersom de ivrigt v\u00e4ntar p\u00e5 att vara f\u00f6renade med dina blunts. R\u00e5a f\u00f6rrullade tips \u00e4r naturliga och oraffinerade, vilket ger dig det bekv\u00e4maste s\u00e4ttet att snabbt rulla upp p\u00e5 spr\u00e5ng. De \u00e4r konstruerade f\u00f6r perfekt luftfl\u00f6de och bra filtrering. Ingen kemisk blekning eller klor anv\u00e4nds i dessa tips, s\u00e5 du kan vara s\u00e4ker p\u00e5 att din r\u00f6k \u00e4r s\u00e4ker.","og_url":"https:\/\/kicka.eu\/en\/produkt\/raw-unrefined-100-pre-rolled-tips\/","og_site_name":"Kicka","article_modified_time":"2024-01-24T20:03:48+00:00","og_image":[{"width":850,"height":850,"url":"https:\/\/kicka.eu\/wp-content\/uploads\/2022\/03\/36849.jpeg","type":"image\/jpeg"}],"twitter_card":"summary_large_image","schema":{"@context":"https:\/\/schema.org","@graph":[{"@type":"WebPage","@id":"https:\/\/kicka.eu\/en\/produkt\/raw-unrefined-100-pre-rolled-tips\/","url":"https:\/\/kicka.eu\/en\/produkt\/raw-unrefined-100-pre-rolled-tips\/","name":"Raw Unrefined 100 Pre-Rolled Tips - Kicka","isPartOf":{"@id":"https:\/\/kicka.eu\/en\/#website"},"primaryImageOfPage":{"@id":"https:\/\/kicka.eu\/en\/produkt\/raw-unrefined-100-pre-rolled-tips\/#primaryimage"},"image":{"@id":"https:\/\/kicka.eu\/en\/produkt\/raw-unrefined-100-pre-rolled-tips\/#primaryimage"},"thumbnailUrl":"https:\/\/kicka.eu\/wp-content\/uploads\/2022\/03\/36849.jpeg","datePublished":"2023-05-18T20:27:07+00:00","dateModified":"2024-01-24T20:03:48+00:00","breadcrumb":{"@id":"https:\/\/kicka.eu\/en\/produkt\/raw-unrefined-100-pre-rolled-tips\/#breadcrumb"},"inLanguage":"en-US","potentialAction":[{"@type":"ReadAction","target":["https:\/\/kicka.eu\/en\/produkt\/raw-unrefined-100-pre-rolled-tips\/"]}]},{"@type":"ImageObject","inLanguage":"en-US","@id":"https:\/\/kicka.eu\/en\/produkt\/raw-unrefined-100-pre-rolled-tips\/#primaryimage","url":"https:\/\/kicka.eu\/wp-content\/uploads\/2022\/03\/36849.jpeg","contentUrl":"https:\/\/kicka.eu\/wp-content\/uploads\/2022\/03\/36849.jpeg","width":850,"height":850},{"@type":"BreadcrumbList","@id":"https:\/\/kicka.eu\/en\/produkt\/raw-unrefined-100-pre-rolled-tips\/#breadcrumb","itemListElement":[{"@type":"ListItem","position":1,"name":"Home","item":"https:\/\/kicka.eu\/en\/"},{"@type":"ListItem","position":2,"name":"Shop","item":"https:\/\/kicka.eu\/sv\/shop\/"},{"@type":"ListItem","position":3,"name":"Raw Unrefined 100 Pre-Rolled Tips"}]},{"@type":"WebSite","@id":"https:\/\/kicka.eu\/en\/#website","url":"https:\/\/kicka.eu\/en\/","name":"Kicka","description":"Online Headshop","publisher":{"@id":"https:\/\/kicka.eu\/en\/#organization"},"potentialAction":[{"@type":"SearchAction","target":{"@type":"EntryPoint","urlTemplate":"https:\/\/kicka.eu\/en\/?s={search_term_string}"},"query-input":"required name=search_term_string"}],"inLanguage":"en-US"},{"@type":"Organization","@id":"https:\/\/kicka.eu\/en\/#organization","name":"Kicka","url":"https:\/\/kicka.eu\/en\/","logo":{"@type":"ImageObject","inLanguage":"en-US","@id":"https:\/\/kicka.eu\/en\/#\/schema\/logo\/image\/","url":"https:\/\/kicka.eu\/wp-content\/uploads\/2023\/08\/Kicka-Logo.png","contentUrl":"https:\/\/kicka.eu\/wp-content\/uploads\/2023\/08\/Kicka-Logo.png","width":233,"height":233,"caption":"Kicka"},"image":{"@id":"https:\/\/kicka.eu\/en\/#\/schema\/logo\/image\/"}}]}},"_links":{"self":[{"href":"https:\/\/kicka.eu\/en\/wp-json\/wp\/v2\/product\/41084","targetHints":{"allow":["GET"]}}],"collection":[{"href":"https:\/\/kicka.eu\/en\/wp-json\/wp\/v2\/product"}],"about":[{"href":"https:\/\/kicka.eu\/en\/wp-json\/wp\/v2\/types\/product"}],"replies":[{"embeddable":true,"href":"https:\/\/kicka.eu\/en\/wp-json\/wp\/v2\/comments?post=41084"}],"wp:featuredmedia":[{"embeddable":true,"href":"https:\/\/kicka.eu\/en\/wp-json\/wp\/v2\/media\/539"}],"wp:attachment":[{"href":"https:\/\/kicka.eu\/en\/wp-json\/wp\/v2\/media?parent=41084"}],"wp:term":[{"taxonomy":"product_cat","embeddable":true,"href":"https:\/\/kicka.eu\/en\/wp-json\/wp\/v2\/product_cat?post=41084"},{"taxonomy":"product_tag","embeddable":true,"href":"https:\/\/kicka.eu\/en\/wp-json\/wp\/v2\/product_tag?post=41084"}],"curies":[{"name":"wp","href":"https:\/\/api.w.org\/{rel}","templated":true}]}}