{"id":41026,"date":"2023-05-18T22:26:54","date_gmt":"2023-05-18T20:26:54","guid":{"rendered":"https:\/\/kicka.eu\/product\/k-haring-tray-bla\/"},"modified":"2024-01-24T21:24:37","modified_gmt":"2024-01-24T20:24:37","slug":"k-haring-tray-bla","status":"publish","type":"product","link":"https:\/\/kicka.eu\/en\/produkt\/k-haring-tray-bla\/","title":{"rendered":"K. Haring Tray Bl\u00e5"},"content":{"rendered":"","protected":false},"excerpt":{"rendered":"<p>Keith Harings ikoniska konst \u00f6verf\u00f6rs fr\u00e5n tunnelbanestationen till bordet med den visuellt fantastiska K.Haring Tray. Dess rymliga yta fungerar inte bara som en plattform f\u00f6r att rulla och blanda material utan ocks\u00e5 som en duk f\u00f6r Harings avskalade palett och tankev\u00e4ckande bilder. Kontrasterande f\u00e4rger och dj\u00e4rva, skiftande linjer \u00e4r t\u00e4ckta med ett exceptionellt klart, ultravitt glas. Undersidan av brickan \u00e4r st\u00e4mplad med Keith Harings distinkta signatur. En h\u00e5llbar l\u00e5da med skumplastinl\u00e4gg f\u00f6rvarar K.Haring-brickan p\u00e5 ett s\u00e4kert s\u00e4tt. Den h\u00e4r brickan f\u00e5r endast tv\u00e4ttas f\u00f6r hand &#8211; inte i maskin.&#8221;<\/p>\n","protected":false},"featured_media":414,"comment_status":"open","ping_status":"closed","template":"","meta":{"_acf_changed":false,"_et_pb_use_builder":"","_et_pb_old_content":"","_et_gb_content_width":"","om_disable_all_campaigns":false,"_monsterinsights_skip_tracking":false,"_monsterinsights_sitenote_active":false,"_monsterinsights_sitenote_note":"","_monsterinsights_sitenote_category":0,"_uf_show_specific_survey":0,"_uf_disable_surveys":false},"product_cat":[30],"product_tag":[40],"class_list":{"0":"post-41026","1":"product","2":"type-product","3":"status-publish","4":"has-post-thumbnail","6":"product_cat-tillbehor","7":"product_tag-rullbrickor","8":"pa_varumarken-k-haring","10":"first","11":"onbackorder","12":"taxable","13":"shipping-taxable","14":"purchasable","15":"product-type-simple"},"acf":[],"yoast_head":"<!-- This site is optimized with the Yoast SEO plugin v22.8 - https:\/\/yoast.com\/wordpress\/plugins\/seo\/ -->\n<title>K. Haring Tray Bl\u00e5 - Kicka<\/title>\n<meta name=\"robots\" content=\"index, follow, max-snippet:-1, max-image-preview:large, max-video-preview:-1\" \/>\n<link rel=\"canonical\" href=\"https:\/\/kicka.eu\/en\/produkt\/k-haring-tray-bla\/\" \/>\n<meta property=\"og:locale\" content=\"en_US\" \/>\n<meta property=\"og:type\" content=\"article\" \/>\n<meta property=\"og:title\" content=\"K. Haring Tray Bl\u00e5 - Kicka\" \/>\n<meta property=\"og:description\" content=\"Keith Harings ikoniska konst \u00f6verf\u00f6rs fr\u00e5n tunnelbanestationen till bordet med den visuellt fantastiska K.Haring Tray. Dess rymliga yta fungerar inte bara som en plattform f\u00f6r att rulla och blanda material utan ocks\u00e5 som en duk f\u00f6r Harings avskalade palett och tankev\u00e4ckande bilder. Kontrasterande f\u00e4rger och dj\u00e4rva, skiftande linjer \u00e4r t\u00e4ckta med ett exceptionellt klart, ultravitt glas. Undersidan av brickan \u00e4r st\u00e4mplad med Keith Harings distinkta signatur. En h\u00e5llbar l\u00e5da med skumplastinl\u00e4gg f\u00f6rvarar K.Haring-brickan p\u00e5 ett s\u00e4kert s\u00e4tt. Den h\u00e4r brickan f\u00e5r endast tv\u00e4ttas f\u00f6r hand - inte i maskin.&quot;\" \/>\n<meta property=\"og:url\" content=\"https:\/\/kicka.eu\/en\/produkt\/k-haring-tray-bla\/\" \/>\n<meta property=\"og:site_name\" content=\"Kicka\" \/>\n<meta property=\"article:modified_time\" content=\"2024-01-24T20:24:37+00:00\" \/>\n<meta property=\"og:image\" content=\"https:\/\/kicka.eu\/wp-content\/uploads\/2022\/03\/18833.jpeg\" \/>\n\t<meta property=\"og:image:width\" content=\"800\" \/>\n\t<meta property=\"og:image:height\" content=\"800\" \/>\n\t<meta property=\"og:image:type\" content=\"image\/jpeg\" \/>\n<meta name=\"twitter:card\" content=\"summary_large_image\" \/>\n<script type=\"application\/ld+json\" class=\"yoast-schema-graph\">{\"@context\":\"https:\/\/schema.org\",\"@graph\":[{\"@type\":\"WebPage\",\"@id\":\"https:\/\/kicka.eu\/en\/produkt\/k-haring-tray-bla\/\",\"url\":\"https:\/\/kicka.eu\/en\/produkt\/k-haring-tray-bla\/\",\"name\":\"K. Haring Tray Bl\u00e5 - Kicka\",\"isPartOf\":{\"@id\":\"https:\/\/kicka.eu\/en\/#website\"},\"primaryImageOfPage\":{\"@id\":\"https:\/\/kicka.eu\/en\/produkt\/k-haring-tray-bla\/#primaryimage\"},\"image\":{\"@id\":\"https:\/\/kicka.eu\/en\/produkt\/k-haring-tray-bla\/#primaryimage\"},\"thumbnailUrl\":\"https:\/\/kicka.eu\/wp-content\/uploads\/2022\/03\/18833.jpeg\",\"datePublished\":\"2023-05-18T20:26:54+00:00\",\"dateModified\":\"2024-01-24T20:24:37+00:00\",\"breadcrumb\":{\"@id\":\"https:\/\/kicka.eu\/en\/produkt\/k-haring-tray-bla\/#breadcrumb\"},\"inLanguage\":\"en-US\",\"potentialAction\":[{\"@type\":\"ReadAction\",\"target\":[\"https:\/\/kicka.eu\/en\/produkt\/k-haring-tray-bla\/\"]}]},{\"@type\":\"ImageObject\",\"inLanguage\":\"en-US\",\"@id\":\"https:\/\/kicka.eu\/en\/produkt\/k-haring-tray-bla\/#primaryimage\",\"url\":\"https:\/\/kicka.eu\/wp-content\/uploads\/2022\/03\/18833.jpeg\",\"contentUrl\":\"https:\/\/kicka.eu\/wp-content\/uploads\/2022\/03\/18833.jpeg\",\"width\":800,\"height\":800},{\"@type\":\"BreadcrumbList\",\"@id\":\"https:\/\/kicka.eu\/en\/produkt\/k-haring-tray-bla\/#breadcrumb\",\"itemListElement\":[{\"@type\":\"ListItem\",\"position\":1,\"name\":\"Home\",\"item\":\"https:\/\/kicka.eu\/en\/\"},{\"@type\":\"ListItem\",\"position\":2,\"name\":\"Shop\",\"item\":\"https:\/\/kicka.eu\/sv\/shop\/\"},{\"@type\":\"ListItem\",\"position\":3,\"name\":\"K. Haring Tray Bl\u00e5\"}]},{\"@type\":\"WebSite\",\"@id\":\"https:\/\/kicka.eu\/en\/#website\",\"url\":\"https:\/\/kicka.eu\/en\/\",\"name\":\"Kicka\",\"description\":\"Online Headshop\",\"publisher\":{\"@id\":\"https:\/\/kicka.eu\/en\/#organization\"},\"potentialAction\":[{\"@type\":\"SearchAction\",\"target\":{\"@type\":\"EntryPoint\",\"urlTemplate\":\"https:\/\/kicka.eu\/en\/?s={search_term_string}\"},\"query-input\":\"required name=search_term_string\"}],\"inLanguage\":\"en-US\"},{\"@type\":\"Organization\",\"@id\":\"https:\/\/kicka.eu\/en\/#organization\",\"name\":\"Kicka\",\"url\":\"https:\/\/kicka.eu\/en\/\",\"logo\":{\"@type\":\"ImageObject\",\"inLanguage\":\"en-US\",\"@id\":\"https:\/\/kicka.eu\/en\/#\/schema\/logo\/image\/\",\"url\":\"https:\/\/kicka.eu\/wp-content\/uploads\/2023\/08\/Kicka-Logo.png\",\"contentUrl\":\"https:\/\/kicka.eu\/wp-content\/uploads\/2023\/08\/Kicka-Logo.png\",\"width\":233,\"height\":233,\"caption\":\"Kicka\"},\"image\":{\"@id\":\"https:\/\/kicka.eu\/en\/#\/schema\/logo\/image\/\"}}]}<\/script>\n<!-- \/ Yoast SEO plugin. -->","yoast_head_json":{"title":"K. Haring Tray Bl\u00e5 - Kicka","robots":{"index":"index","follow":"follow","max-snippet":"max-snippet:-1","max-image-preview":"max-image-preview:large","max-video-preview":"max-video-preview:-1"},"canonical":"https:\/\/kicka.eu\/en\/produkt\/k-haring-tray-bla\/","og_locale":"en_US","og_type":"article","og_title":"K. Haring Tray Bl\u00e5 - Kicka","og_description":"Keith Harings ikoniska konst \u00f6verf\u00f6rs fr\u00e5n tunnelbanestationen till bordet med den visuellt fantastiska K.Haring Tray. Dess rymliga yta fungerar inte bara som en plattform f\u00f6r att rulla och blanda material utan ocks\u00e5 som en duk f\u00f6r Harings avskalade palett och tankev\u00e4ckande bilder. Kontrasterande f\u00e4rger och dj\u00e4rva, skiftande linjer \u00e4r t\u00e4ckta med ett exceptionellt klart, ultravitt glas. Undersidan av brickan \u00e4r st\u00e4mplad med Keith Harings distinkta signatur. En h\u00e5llbar l\u00e5da med skumplastinl\u00e4gg f\u00f6rvarar K.Haring-brickan p\u00e5 ett s\u00e4kert s\u00e4tt. Den h\u00e4r brickan f\u00e5r endast tv\u00e4ttas f\u00f6r hand - inte i maskin.\"","og_url":"https:\/\/kicka.eu\/en\/produkt\/k-haring-tray-bla\/","og_site_name":"Kicka","article_modified_time":"2024-01-24T20:24:37+00:00","og_image":[{"width":800,"height":800,"url":"https:\/\/kicka.eu\/wp-content\/uploads\/2022\/03\/18833.jpeg","type":"image\/jpeg"}],"twitter_card":"summary_large_image","schema":{"@context":"https:\/\/schema.org","@graph":[{"@type":"WebPage","@id":"https:\/\/kicka.eu\/en\/produkt\/k-haring-tray-bla\/","url":"https:\/\/kicka.eu\/en\/produkt\/k-haring-tray-bla\/","name":"K. Haring Tray Bl\u00e5 - Kicka","isPartOf":{"@id":"https:\/\/kicka.eu\/en\/#website"},"primaryImageOfPage":{"@id":"https:\/\/kicka.eu\/en\/produkt\/k-haring-tray-bla\/#primaryimage"},"image":{"@id":"https:\/\/kicka.eu\/en\/produkt\/k-haring-tray-bla\/#primaryimage"},"thumbnailUrl":"https:\/\/kicka.eu\/wp-content\/uploads\/2022\/03\/18833.jpeg","datePublished":"2023-05-18T20:26:54+00:00","dateModified":"2024-01-24T20:24:37+00:00","breadcrumb":{"@id":"https:\/\/kicka.eu\/en\/produkt\/k-haring-tray-bla\/#breadcrumb"},"inLanguage":"en-US","potentialAction":[{"@type":"ReadAction","target":["https:\/\/kicka.eu\/en\/produkt\/k-haring-tray-bla\/"]}]},{"@type":"ImageObject","inLanguage":"en-US","@id":"https:\/\/kicka.eu\/en\/produkt\/k-haring-tray-bla\/#primaryimage","url":"https:\/\/kicka.eu\/wp-content\/uploads\/2022\/03\/18833.jpeg","contentUrl":"https:\/\/kicka.eu\/wp-content\/uploads\/2022\/03\/18833.jpeg","width":800,"height":800},{"@type":"BreadcrumbList","@id":"https:\/\/kicka.eu\/en\/produkt\/k-haring-tray-bla\/#breadcrumb","itemListElement":[{"@type":"ListItem","position":1,"name":"Home","item":"https:\/\/kicka.eu\/en\/"},{"@type":"ListItem","position":2,"name":"Shop","item":"https:\/\/kicka.eu\/sv\/shop\/"},{"@type":"ListItem","position":3,"name":"K. Haring Tray Bl\u00e5"}]},{"@type":"WebSite","@id":"https:\/\/kicka.eu\/en\/#website","url":"https:\/\/kicka.eu\/en\/","name":"Kicka","description":"Online Headshop","publisher":{"@id":"https:\/\/kicka.eu\/en\/#organization"},"potentialAction":[{"@type":"SearchAction","target":{"@type":"EntryPoint","urlTemplate":"https:\/\/kicka.eu\/en\/?s={search_term_string}"},"query-input":"required name=search_term_string"}],"inLanguage":"en-US"},{"@type":"Organization","@id":"https:\/\/kicka.eu\/en\/#organization","name":"Kicka","url":"https:\/\/kicka.eu\/en\/","logo":{"@type":"ImageObject","inLanguage":"en-US","@id":"https:\/\/kicka.eu\/en\/#\/schema\/logo\/image\/","url":"https:\/\/kicka.eu\/wp-content\/uploads\/2023\/08\/Kicka-Logo.png","contentUrl":"https:\/\/kicka.eu\/wp-content\/uploads\/2023\/08\/Kicka-Logo.png","width":233,"height":233,"caption":"Kicka"},"image":{"@id":"https:\/\/kicka.eu\/en\/#\/schema\/logo\/image\/"}}]}},"_links":{"self":[{"href":"https:\/\/kicka.eu\/en\/wp-json\/wp\/v2\/product\/41026","targetHints":{"allow":["GET"]}}],"collection":[{"href":"https:\/\/kicka.eu\/en\/wp-json\/wp\/v2\/product"}],"about":[{"href":"https:\/\/kicka.eu\/en\/wp-json\/wp\/v2\/types\/product"}],"replies":[{"embeddable":true,"href":"https:\/\/kicka.eu\/en\/wp-json\/wp\/v2\/comments?post=41026"}],"wp:featuredmedia":[{"embeddable":true,"href":"https:\/\/kicka.eu\/en\/wp-json\/wp\/v2\/media\/414"}],"wp:attachment":[{"href":"https:\/\/kicka.eu\/en\/wp-json\/wp\/v2\/media?parent=41026"}],"wp:term":[{"taxonomy":"product_cat","embeddable":true,"href":"https:\/\/kicka.eu\/en\/wp-json\/wp\/v2\/product_cat?post=41026"},{"taxonomy":"product_tag","embeddable":true,"href":"https:\/\/kicka.eu\/en\/wp-json\/wp\/v2\/product_tag?post=41026"}],"curies":[{"name":"wp","href":"https:\/\/api.w.org\/{rel}","templated":true}]}}