{"id":41008,"date":"2023-05-18T22:26:51","date_gmt":"2023-05-18T20:26:51","guid":{"rendered":"https:\/\/kicka.eu\/product\/juicy-jays-kingsize-mello-mango\/"},"modified":"2024-01-24T21:32:13","modified_gmt":"2024-01-24T20:32:13","slug":"juicy-jays-kingsize-mello-mango","status":"publish","type":"product","link":"https:\/\/kicka.eu\/en\/produkt\/juicy-jays-kingsize-mello-mango\/","title":{"rendered":"Juicy Jay&#8217;s Kingsize Mello Mango"},"content":{"rendered":"","protected":false},"excerpt":{"rendered":"<p>Till skillnad fr\u00e5n m\u00e5nga andra smaksatta rullande papper \u00e4r bara saftiga JAY med sitt ber\u00f6mda &#8220;triple-doppat&#8221; smaksystem som inte bara smaker papperet men s\u00f6tnar det. De naturliga smakerna av din r\u00f6k f\u00f6rb\u00e4ttras och l\u00e4mnar en munvattenhandlande p\u00e5 dina l\u00e4ppar! Endast sojabaserad bl\u00e4ck och naturlig sockergummi anv\u00e4nds f\u00f6r att g\u00f6ra Juicy JAYs potent, Mello Mango-Flavored King Size Rolling Papers. Ett paket inneh\u00e5ller 32 papper.<\/p>\n","protected":false},"featured_media":597,"comment_status":"open","ping_status":"closed","template":"","meta":{"_acf_changed":false,"_et_pb_use_builder":"","_et_pb_old_content":"","_et_gb_content_width":"","om_disable_all_campaigns":false,"_monsterinsights_skip_tracking":false,"_monsterinsights_sitenote_active":false,"_monsterinsights_sitenote_note":"","_monsterinsights_sitenote_category":0,"_uf_show_specific_survey":0,"_uf_disable_surveys":false},"product_cat":[32],"product_tag":[33],"class_list":{"0":"post-41008","1":"product","2":"type-product","3":"status-publish","4":"has-post-thumbnail","6":"product_cat-rullning","7":"product_tag-rullpapper","8":"pa_varumarken-juicy-jays","10":"first","11":"instock","12":"taxable","13":"shipping-taxable","14":"purchasable","15":"product-type-simple"},"acf":[],"yoast_head":"<!-- This site is optimized with the Yoast SEO plugin v22.8 - https:\/\/yoast.com\/wordpress\/plugins\/seo\/ -->\n<title>Juicy Jay&#039;s Kingsize Mello Mango - Kicka<\/title>\n<meta name=\"robots\" content=\"index, follow, max-snippet:-1, max-image-preview:large, max-video-preview:-1\" \/>\n<link rel=\"canonical\" href=\"https:\/\/kicka.eu\/en\/produkt\/juicy-jays-kingsize-mello-mango\/\" \/>\n<meta property=\"og:locale\" content=\"en_US\" \/>\n<meta property=\"og:type\" content=\"article\" \/>\n<meta property=\"og:title\" content=\"Juicy Jay&#039;s Kingsize Mello Mango - Kicka\" \/>\n<meta property=\"og:description\" content=\"Till skillnad fr\u00e5n m\u00e5nga andra smaksatta rullande papper \u00e4r bara saftiga JAY med sitt ber\u00f6mda &quot;triple-doppat&quot; smaksystem som inte bara smaker papperet men s\u00f6tnar det. De naturliga smakerna av din r\u00f6k f\u00f6rb\u00e4ttras och l\u00e4mnar en munvattenhandlande p\u00e5 dina l\u00e4ppar! Endast sojabaserad bl\u00e4ck och naturlig sockergummi anv\u00e4nds f\u00f6r att g\u00f6ra Juicy JAYs potent, Mello Mango-Flavored King Size Rolling Papers. Ett paket inneh\u00e5ller 32 papper.\" \/>\n<meta property=\"og:url\" content=\"https:\/\/kicka.eu\/en\/produkt\/juicy-jays-kingsize-mello-mango\/\" \/>\n<meta property=\"og:site_name\" content=\"Kicka\" \/>\n<meta property=\"article:modified_time\" content=\"2024-01-24T20:32:13+00:00\" \/>\n<meta property=\"og:image\" content=\"https:\/\/kicka.eu\/wp-content\/uploads\/2022\/03\/RL5051.jpeg\" \/>\n\t<meta property=\"og:image:width\" content=\"850\" \/>\n\t<meta property=\"og:image:height\" content=\"850\" \/>\n\t<meta property=\"og:image:type\" content=\"image\/jpeg\" \/>\n<meta name=\"twitter:card\" content=\"summary_large_image\" \/>\n<script type=\"application\/ld+json\" class=\"yoast-schema-graph\">{\"@context\":\"https:\/\/schema.org\",\"@graph\":[{\"@type\":\"WebPage\",\"@id\":\"https:\/\/kicka.eu\/en\/produkt\/juicy-jays-kingsize-mello-mango\/\",\"url\":\"https:\/\/kicka.eu\/en\/produkt\/juicy-jays-kingsize-mello-mango\/\",\"name\":\"Juicy Jay's Kingsize Mello Mango - Kicka\",\"isPartOf\":{\"@id\":\"https:\/\/kicka.eu\/en\/#website\"},\"primaryImageOfPage\":{\"@id\":\"https:\/\/kicka.eu\/en\/produkt\/juicy-jays-kingsize-mello-mango\/#primaryimage\"},\"image\":{\"@id\":\"https:\/\/kicka.eu\/en\/produkt\/juicy-jays-kingsize-mello-mango\/#primaryimage\"},\"thumbnailUrl\":\"https:\/\/kicka.eu\/wp-content\/uploads\/2022\/03\/RL5051.jpeg\",\"datePublished\":\"2023-05-18T20:26:51+00:00\",\"dateModified\":\"2024-01-24T20:32:13+00:00\",\"breadcrumb\":{\"@id\":\"https:\/\/kicka.eu\/en\/produkt\/juicy-jays-kingsize-mello-mango\/#breadcrumb\"},\"inLanguage\":\"en-US\",\"potentialAction\":[{\"@type\":\"ReadAction\",\"target\":[\"https:\/\/kicka.eu\/en\/produkt\/juicy-jays-kingsize-mello-mango\/\"]}]},{\"@type\":\"ImageObject\",\"inLanguage\":\"en-US\",\"@id\":\"https:\/\/kicka.eu\/en\/produkt\/juicy-jays-kingsize-mello-mango\/#primaryimage\",\"url\":\"https:\/\/kicka.eu\/wp-content\/uploads\/2022\/03\/RL5051.jpeg\",\"contentUrl\":\"https:\/\/kicka.eu\/wp-content\/uploads\/2022\/03\/RL5051.jpeg\",\"width\":850,\"height\":850},{\"@type\":\"BreadcrumbList\",\"@id\":\"https:\/\/kicka.eu\/en\/produkt\/juicy-jays-kingsize-mello-mango\/#breadcrumb\",\"itemListElement\":[{\"@type\":\"ListItem\",\"position\":1,\"name\":\"Home\",\"item\":\"https:\/\/kicka.eu\/en\/\"},{\"@type\":\"ListItem\",\"position\":2,\"name\":\"Shop\",\"item\":\"https:\/\/kicka.eu\/sv\/shop\/\"},{\"@type\":\"ListItem\",\"position\":3,\"name\":\"Juicy Jay&#8217;s Kingsize Mello Mango\"}]},{\"@type\":\"WebSite\",\"@id\":\"https:\/\/kicka.eu\/en\/#website\",\"url\":\"https:\/\/kicka.eu\/en\/\",\"name\":\"Kicka\",\"description\":\"Online Headshop\",\"publisher\":{\"@id\":\"https:\/\/kicka.eu\/en\/#organization\"},\"potentialAction\":[{\"@type\":\"SearchAction\",\"target\":{\"@type\":\"EntryPoint\",\"urlTemplate\":\"https:\/\/kicka.eu\/en\/?s={search_term_string}\"},\"query-input\":\"required name=search_term_string\"}],\"inLanguage\":\"en-US\"},{\"@type\":\"Organization\",\"@id\":\"https:\/\/kicka.eu\/en\/#organization\",\"name\":\"Kicka\",\"url\":\"https:\/\/kicka.eu\/en\/\",\"logo\":{\"@type\":\"ImageObject\",\"inLanguage\":\"en-US\",\"@id\":\"https:\/\/kicka.eu\/en\/#\/schema\/logo\/image\/\",\"url\":\"https:\/\/kicka.eu\/wp-content\/uploads\/2023\/08\/Kicka-Logo.png\",\"contentUrl\":\"https:\/\/kicka.eu\/wp-content\/uploads\/2023\/08\/Kicka-Logo.png\",\"width\":233,\"height\":233,\"caption\":\"Kicka\"},\"image\":{\"@id\":\"https:\/\/kicka.eu\/en\/#\/schema\/logo\/image\/\"}}]}<\/script>\n<!-- \/ Yoast SEO plugin. -->","yoast_head_json":{"title":"Juicy Jay's Kingsize Mello Mango - Kicka","robots":{"index":"index","follow":"follow","max-snippet":"max-snippet:-1","max-image-preview":"max-image-preview:large","max-video-preview":"max-video-preview:-1"},"canonical":"https:\/\/kicka.eu\/en\/produkt\/juicy-jays-kingsize-mello-mango\/","og_locale":"en_US","og_type":"article","og_title":"Juicy Jay's Kingsize Mello Mango - Kicka","og_description":"Till skillnad fr\u00e5n m\u00e5nga andra smaksatta rullande papper \u00e4r bara saftiga JAY med sitt ber\u00f6mda \"triple-doppat\" smaksystem som inte bara smaker papperet men s\u00f6tnar det. De naturliga smakerna av din r\u00f6k f\u00f6rb\u00e4ttras och l\u00e4mnar en munvattenhandlande p\u00e5 dina l\u00e4ppar! Endast sojabaserad bl\u00e4ck och naturlig sockergummi anv\u00e4nds f\u00f6r att g\u00f6ra Juicy JAYs potent, Mello Mango-Flavored King Size Rolling Papers. Ett paket inneh\u00e5ller 32 papper.","og_url":"https:\/\/kicka.eu\/en\/produkt\/juicy-jays-kingsize-mello-mango\/","og_site_name":"Kicka","article_modified_time":"2024-01-24T20:32:13+00:00","og_image":[{"width":850,"height":850,"url":"https:\/\/kicka.eu\/wp-content\/uploads\/2022\/03\/RL5051.jpeg","type":"image\/jpeg"}],"twitter_card":"summary_large_image","schema":{"@context":"https:\/\/schema.org","@graph":[{"@type":"WebPage","@id":"https:\/\/kicka.eu\/en\/produkt\/juicy-jays-kingsize-mello-mango\/","url":"https:\/\/kicka.eu\/en\/produkt\/juicy-jays-kingsize-mello-mango\/","name":"Juicy Jay's Kingsize Mello Mango - Kicka","isPartOf":{"@id":"https:\/\/kicka.eu\/en\/#website"},"primaryImageOfPage":{"@id":"https:\/\/kicka.eu\/en\/produkt\/juicy-jays-kingsize-mello-mango\/#primaryimage"},"image":{"@id":"https:\/\/kicka.eu\/en\/produkt\/juicy-jays-kingsize-mello-mango\/#primaryimage"},"thumbnailUrl":"https:\/\/kicka.eu\/wp-content\/uploads\/2022\/03\/RL5051.jpeg","datePublished":"2023-05-18T20:26:51+00:00","dateModified":"2024-01-24T20:32:13+00:00","breadcrumb":{"@id":"https:\/\/kicka.eu\/en\/produkt\/juicy-jays-kingsize-mello-mango\/#breadcrumb"},"inLanguage":"en-US","potentialAction":[{"@type":"ReadAction","target":["https:\/\/kicka.eu\/en\/produkt\/juicy-jays-kingsize-mello-mango\/"]}]},{"@type":"ImageObject","inLanguage":"en-US","@id":"https:\/\/kicka.eu\/en\/produkt\/juicy-jays-kingsize-mello-mango\/#primaryimage","url":"https:\/\/kicka.eu\/wp-content\/uploads\/2022\/03\/RL5051.jpeg","contentUrl":"https:\/\/kicka.eu\/wp-content\/uploads\/2022\/03\/RL5051.jpeg","width":850,"height":850},{"@type":"BreadcrumbList","@id":"https:\/\/kicka.eu\/en\/produkt\/juicy-jays-kingsize-mello-mango\/#breadcrumb","itemListElement":[{"@type":"ListItem","position":1,"name":"Home","item":"https:\/\/kicka.eu\/en\/"},{"@type":"ListItem","position":2,"name":"Shop","item":"https:\/\/kicka.eu\/sv\/shop\/"},{"@type":"ListItem","position":3,"name":"Juicy Jay&#8217;s Kingsize Mello Mango"}]},{"@type":"WebSite","@id":"https:\/\/kicka.eu\/en\/#website","url":"https:\/\/kicka.eu\/en\/","name":"Kicka","description":"Online Headshop","publisher":{"@id":"https:\/\/kicka.eu\/en\/#organization"},"potentialAction":[{"@type":"SearchAction","target":{"@type":"EntryPoint","urlTemplate":"https:\/\/kicka.eu\/en\/?s={search_term_string}"},"query-input":"required name=search_term_string"}],"inLanguage":"en-US"},{"@type":"Organization","@id":"https:\/\/kicka.eu\/en\/#organization","name":"Kicka","url":"https:\/\/kicka.eu\/en\/","logo":{"@type":"ImageObject","inLanguage":"en-US","@id":"https:\/\/kicka.eu\/en\/#\/schema\/logo\/image\/","url":"https:\/\/kicka.eu\/wp-content\/uploads\/2023\/08\/Kicka-Logo.png","contentUrl":"https:\/\/kicka.eu\/wp-content\/uploads\/2023\/08\/Kicka-Logo.png","width":233,"height":233,"caption":"Kicka"},"image":{"@id":"https:\/\/kicka.eu\/en\/#\/schema\/logo\/image\/"}}]}},"_links":{"self":[{"href":"https:\/\/kicka.eu\/en\/wp-json\/wp\/v2\/product\/41008","targetHints":{"allow":["GET"]}}],"collection":[{"href":"https:\/\/kicka.eu\/en\/wp-json\/wp\/v2\/product"}],"about":[{"href":"https:\/\/kicka.eu\/en\/wp-json\/wp\/v2\/types\/product"}],"replies":[{"embeddable":true,"href":"https:\/\/kicka.eu\/en\/wp-json\/wp\/v2\/comments?post=41008"}],"wp:featuredmedia":[{"embeddable":true,"href":"https:\/\/kicka.eu\/en\/wp-json\/wp\/v2\/media\/597"}],"wp:attachment":[{"href":"https:\/\/kicka.eu\/en\/wp-json\/wp\/v2\/media?parent=41008"}],"wp:term":[{"taxonomy":"product_cat","embeddable":true,"href":"https:\/\/kicka.eu\/en\/wp-json\/wp\/v2\/product_cat?post=41008"},{"taxonomy":"product_tag","embeddable":true,"href":"https:\/\/kicka.eu\/en\/wp-json\/wp\/v2\/product_tag?post=41008"}],"curies":[{"name":"wp","href":"https:\/\/api.w.org\/{rel}","templated":true}]}}