{"id":40986,"date":"2023-05-18T22:26:46","date_gmt":"2023-05-18T20:26:46","guid":{"rendered":"https:\/\/kicka.eu\/product\/aerospaced-by-higher-standards-4-delar-grinder-63-mm-stor-svart\/"},"modified":"2024-01-24T21:40:00","modified_gmt":"2024-01-24T20:40:00","slug":"aerospaced-by-higher-standards-4-delar-grinder-63-mm-stor-svart","status":"publish","type":"product","link":"https:\/\/kicka.eu\/en\/produkt\/aerospaced-by-higher-standards-4-delar-grinder-63-mm-stor-svart\/","title":{"rendered":"Aerospaced by Higher Standards 4-Delar Grinder 63 Mm Stor Svart"},"content":{"rendered":"","protected":false},"excerpt":{"rendered":"<p>Aerosced av h\u00f6gre standarder 4-stycken 63 mm kvarn har skarpa, diamantformade t\u00e4nder som strimlar material till en fin och j\u00e4mn konsistensberedande dig f\u00f6r en o\u00f6vertr\u00e4ffad torr \u00f6rtupplevelse. Aerosced av h\u00f6gre standarder erbjuder en rad kvalitetsslinken, konstruerad med h\u00f6g precision fr\u00e5n slitstarka material. Alla sina slipmaskiner \u00e4r gjorda av ett solidt block av aluminium f\u00f6r luftfartygsklass f\u00f6r tillf\u00f6rlitlig robusthet. Den anodiserade finishen s\u00e4kerst\u00e4ller att bel\u00e4ggningen inte kommer att flinga i dina dyrbara \u00f6rter, eller repa bort som billigt gjorda slipmaskiner. Alla 4-bitars slipmaskiner har en integrerad pollenf\u00e5ngare f\u00f6r att f\u00e5nga de minsta partiklarna fr\u00e5n din markv\u00e4xter. Den medf\u00f6ljande skrapan hj\u00e4lper dig att samla dem, s\u00e5 du kan f\u00e5 ut det mesta av ditt material.<\/p>\n","protected":false},"featured_media":503,"comment_status":"open","ping_status":"closed","template":"","meta":{"_acf_changed":false,"_et_pb_use_builder":"","_et_pb_old_content":"","_et_gb_content_width":"","om_disable_all_campaigns":false,"_monsterinsights_skip_tracking":false,"_monsterinsights_sitenote_active":false,"_monsterinsights_sitenote_note":"","_monsterinsights_sitenote_category":0,"_uf_show_specific_survey":0,"_uf_disable_surveys":false},"product_cat":[30],"product_tag":[39],"class_list":{"0":"post-40986","1":"product","2":"type-product","3":"status-publish","4":"has-post-thumbnail","6":"product_cat-tillbehor","7":"product_tag-grinders","8":"pa_varumarken-higher-standards","10":"first","11":"onbackorder","12":"taxable","13":"shipping-taxable","14":"purchasable","15":"product-type-simple"},"acf":[],"yoast_head":"<!-- This site is optimized with the Yoast SEO plugin v22.8 - https:\/\/yoast.com\/wordpress\/plugins\/seo\/ -->\n<title>Aerospaced by Higher Standards 4-Delar Grinder 63 Mm Stor Svart - Kicka<\/title>\n<meta name=\"robots\" content=\"index, follow, max-snippet:-1, max-image-preview:large, max-video-preview:-1\" \/>\n<link rel=\"canonical\" href=\"https:\/\/kicka.eu\/en\/produkt\/aerospaced-by-higher-standards-4-delar-grinder-63-mm-stor-svart\/\" \/>\n<meta property=\"og:locale\" content=\"en_US\" \/>\n<meta property=\"og:type\" content=\"article\" \/>\n<meta property=\"og:title\" content=\"Aerospaced by Higher Standards 4-Delar Grinder 63 Mm Stor Svart - Kicka\" \/>\n<meta property=\"og:description\" content=\"Aerosced av h\u00f6gre standarder 4-stycken 63 mm kvarn har skarpa, diamantformade t\u00e4nder som strimlar material till en fin och j\u00e4mn konsistensberedande dig f\u00f6r en o\u00f6vertr\u00e4ffad torr \u00f6rtupplevelse. Aerosced av h\u00f6gre standarder erbjuder en rad kvalitetsslinken, konstruerad med h\u00f6g precision fr\u00e5n slitstarka material. Alla sina slipmaskiner \u00e4r gjorda av ett solidt block av aluminium f\u00f6r luftfartygsklass f\u00f6r tillf\u00f6rlitlig robusthet. Den anodiserade finishen s\u00e4kerst\u00e4ller att bel\u00e4ggningen inte kommer att flinga i dina dyrbara \u00f6rter, eller repa bort som billigt gjorda slipmaskiner. Alla 4-bitars slipmaskiner har en integrerad pollenf\u00e5ngare f\u00f6r att f\u00e5nga de minsta partiklarna fr\u00e5n din markv\u00e4xter. Den medf\u00f6ljande skrapan hj\u00e4lper dig att samla dem, s\u00e5 du kan f\u00e5 ut det mesta av ditt material.\" \/>\n<meta property=\"og:url\" content=\"https:\/\/kicka.eu\/en\/produkt\/aerospaced-by-higher-standards-4-delar-grinder-63-mm-stor-svart\/\" \/>\n<meta property=\"og:site_name\" content=\"Kicka\" \/>\n<meta property=\"article:modified_time\" content=\"2024-01-24T20:40:00+00:00\" \/>\n<meta property=\"og:image\" content=\"https:\/\/kicka.eu\/wp-content\/uploads\/2022\/03\/20057.jpeg\" \/>\n\t<meta property=\"og:image:width\" content=\"800\" \/>\n\t<meta property=\"og:image:height\" content=\"800\" \/>\n\t<meta property=\"og:image:type\" content=\"image\/jpeg\" \/>\n<meta name=\"twitter:card\" content=\"summary_large_image\" \/>\n<script type=\"application\/ld+json\" class=\"yoast-schema-graph\">{\"@context\":\"https:\/\/schema.org\",\"@graph\":[{\"@type\":\"WebPage\",\"@id\":\"https:\/\/kicka.eu\/en\/produkt\/aerospaced-by-higher-standards-4-delar-grinder-63-mm-stor-svart\/\",\"url\":\"https:\/\/kicka.eu\/en\/produkt\/aerospaced-by-higher-standards-4-delar-grinder-63-mm-stor-svart\/\",\"name\":\"Aerospaced by Higher Standards 4-Delar Grinder 63 Mm Stor Svart - Kicka\",\"isPartOf\":{\"@id\":\"https:\/\/kicka.eu\/en\/#website\"},\"primaryImageOfPage\":{\"@id\":\"https:\/\/kicka.eu\/en\/produkt\/aerospaced-by-higher-standards-4-delar-grinder-63-mm-stor-svart\/#primaryimage\"},\"image\":{\"@id\":\"https:\/\/kicka.eu\/en\/produkt\/aerospaced-by-higher-standards-4-delar-grinder-63-mm-stor-svart\/#primaryimage\"},\"thumbnailUrl\":\"https:\/\/kicka.eu\/wp-content\/uploads\/2022\/03\/20057.jpeg\",\"datePublished\":\"2023-05-18T20:26:46+00:00\",\"dateModified\":\"2024-01-24T20:40:00+00:00\",\"breadcrumb\":{\"@id\":\"https:\/\/kicka.eu\/en\/produkt\/aerospaced-by-higher-standards-4-delar-grinder-63-mm-stor-svart\/#breadcrumb\"},\"inLanguage\":\"en-US\",\"potentialAction\":[{\"@type\":\"ReadAction\",\"target\":[\"https:\/\/kicka.eu\/en\/produkt\/aerospaced-by-higher-standards-4-delar-grinder-63-mm-stor-svart\/\"]}]},{\"@type\":\"ImageObject\",\"inLanguage\":\"en-US\",\"@id\":\"https:\/\/kicka.eu\/en\/produkt\/aerospaced-by-higher-standards-4-delar-grinder-63-mm-stor-svart\/#primaryimage\",\"url\":\"https:\/\/kicka.eu\/wp-content\/uploads\/2022\/03\/20057.jpeg\",\"contentUrl\":\"https:\/\/kicka.eu\/wp-content\/uploads\/2022\/03\/20057.jpeg\",\"width\":800,\"height\":800},{\"@type\":\"BreadcrumbList\",\"@id\":\"https:\/\/kicka.eu\/en\/produkt\/aerospaced-by-higher-standards-4-delar-grinder-63-mm-stor-svart\/#breadcrumb\",\"itemListElement\":[{\"@type\":\"ListItem\",\"position\":1,\"name\":\"Home\",\"item\":\"https:\/\/kicka.eu\/en\/\"},{\"@type\":\"ListItem\",\"position\":2,\"name\":\"Shop\",\"item\":\"https:\/\/kicka.eu\/sv\/shop\/\"},{\"@type\":\"ListItem\",\"position\":3,\"name\":\"Aerospaced by Higher Standards 4-Delar Grinder 63 Mm Stor Svart\"}]},{\"@type\":\"WebSite\",\"@id\":\"https:\/\/kicka.eu\/en\/#website\",\"url\":\"https:\/\/kicka.eu\/en\/\",\"name\":\"Kicka\",\"description\":\"Online Headshop\",\"publisher\":{\"@id\":\"https:\/\/kicka.eu\/en\/#organization\"},\"potentialAction\":[{\"@type\":\"SearchAction\",\"target\":{\"@type\":\"EntryPoint\",\"urlTemplate\":\"https:\/\/kicka.eu\/en\/?s={search_term_string}\"},\"query-input\":\"required name=search_term_string\"}],\"inLanguage\":\"en-US\"},{\"@type\":\"Organization\",\"@id\":\"https:\/\/kicka.eu\/en\/#organization\",\"name\":\"Kicka\",\"url\":\"https:\/\/kicka.eu\/en\/\",\"logo\":{\"@type\":\"ImageObject\",\"inLanguage\":\"en-US\",\"@id\":\"https:\/\/kicka.eu\/en\/#\/schema\/logo\/image\/\",\"url\":\"https:\/\/kicka.eu\/wp-content\/uploads\/2023\/08\/Kicka-Logo.png\",\"contentUrl\":\"https:\/\/kicka.eu\/wp-content\/uploads\/2023\/08\/Kicka-Logo.png\",\"width\":233,\"height\":233,\"caption\":\"Kicka\"},\"image\":{\"@id\":\"https:\/\/kicka.eu\/en\/#\/schema\/logo\/image\/\"}}]}<\/script>\n<!-- \/ Yoast SEO plugin. -->","yoast_head_json":{"title":"Aerospaced by Higher Standards 4-Delar Grinder 63 Mm Stor Svart - Kicka","robots":{"index":"index","follow":"follow","max-snippet":"max-snippet:-1","max-image-preview":"max-image-preview:large","max-video-preview":"max-video-preview:-1"},"canonical":"https:\/\/kicka.eu\/en\/produkt\/aerospaced-by-higher-standards-4-delar-grinder-63-mm-stor-svart\/","og_locale":"en_US","og_type":"article","og_title":"Aerospaced by Higher Standards 4-Delar Grinder 63 Mm Stor Svart - Kicka","og_description":"Aerosced av h\u00f6gre standarder 4-stycken 63 mm kvarn har skarpa, diamantformade t\u00e4nder som strimlar material till en fin och j\u00e4mn konsistensberedande dig f\u00f6r en o\u00f6vertr\u00e4ffad torr \u00f6rtupplevelse. Aerosced av h\u00f6gre standarder erbjuder en rad kvalitetsslinken, konstruerad med h\u00f6g precision fr\u00e5n slitstarka material. Alla sina slipmaskiner \u00e4r gjorda av ett solidt block av aluminium f\u00f6r luftfartygsklass f\u00f6r tillf\u00f6rlitlig robusthet. Den anodiserade finishen s\u00e4kerst\u00e4ller att bel\u00e4ggningen inte kommer att flinga i dina dyrbara \u00f6rter, eller repa bort som billigt gjorda slipmaskiner. Alla 4-bitars slipmaskiner har en integrerad pollenf\u00e5ngare f\u00f6r att f\u00e5nga de minsta partiklarna fr\u00e5n din markv\u00e4xter. Den medf\u00f6ljande skrapan hj\u00e4lper dig att samla dem, s\u00e5 du kan f\u00e5 ut det mesta av ditt material.","og_url":"https:\/\/kicka.eu\/en\/produkt\/aerospaced-by-higher-standards-4-delar-grinder-63-mm-stor-svart\/","og_site_name":"Kicka","article_modified_time":"2024-01-24T20:40:00+00:00","og_image":[{"width":800,"height":800,"url":"https:\/\/kicka.eu\/wp-content\/uploads\/2022\/03\/20057.jpeg","type":"image\/jpeg"}],"twitter_card":"summary_large_image","schema":{"@context":"https:\/\/schema.org","@graph":[{"@type":"WebPage","@id":"https:\/\/kicka.eu\/en\/produkt\/aerospaced-by-higher-standards-4-delar-grinder-63-mm-stor-svart\/","url":"https:\/\/kicka.eu\/en\/produkt\/aerospaced-by-higher-standards-4-delar-grinder-63-mm-stor-svart\/","name":"Aerospaced by Higher Standards 4-Delar Grinder 63 Mm Stor Svart - Kicka","isPartOf":{"@id":"https:\/\/kicka.eu\/en\/#website"},"primaryImageOfPage":{"@id":"https:\/\/kicka.eu\/en\/produkt\/aerospaced-by-higher-standards-4-delar-grinder-63-mm-stor-svart\/#primaryimage"},"image":{"@id":"https:\/\/kicka.eu\/en\/produkt\/aerospaced-by-higher-standards-4-delar-grinder-63-mm-stor-svart\/#primaryimage"},"thumbnailUrl":"https:\/\/kicka.eu\/wp-content\/uploads\/2022\/03\/20057.jpeg","datePublished":"2023-05-18T20:26:46+00:00","dateModified":"2024-01-24T20:40:00+00:00","breadcrumb":{"@id":"https:\/\/kicka.eu\/en\/produkt\/aerospaced-by-higher-standards-4-delar-grinder-63-mm-stor-svart\/#breadcrumb"},"inLanguage":"en-US","potentialAction":[{"@type":"ReadAction","target":["https:\/\/kicka.eu\/en\/produkt\/aerospaced-by-higher-standards-4-delar-grinder-63-mm-stor-svart\/"]}]},{"@type":"ImageObject","inLanguage":"en-US","@id":"https:\/\/kicka.eu\/en\/produkt\/aerospaced-by-higher-standards-4-delar-grinder-63-mm-stor-svart\/#primaryimage","url":"https:\/\/kicka.eu\/wp-content\/uploads\/2022\/03\/20057.jpeg","contentUrl":"https:\/\/kicka.eu\/wp-content\/uploads\/2022\/03\/20057.jpeg","width":800,"height":800},{"@type":"BreadcrumbList","@id":"https:\/\/kicka.eu\/en\/produkt\/aerospaced-by-higher-standards-4-delar-grinder-63-mm-stor-svart\/#breadcrumb","itemListElement":[{"@type":"ListItem","position":1,"name":"Home","item":"https:\/\/kicka.eu\/en\/"},{"@type":"ListItem","position":2,"name":"Shop","item":"https:\/\/kicka.eu\/sv\/shop\/"},{"@type":"ListItem","position":3,"name":"Aerospaced by Higher Standards 4-Delar Grinder 63 Mm Stor Svart"}]},{"@type":"WebSite","@id":"https:\/\/kicka.eu\/en\/#website","url":"https:\/\/kicka.eu\/en\/","name":"Kicka","description":"Online Headshop","publisher":{"@id":"https:\/\/kicka.eu\/en\/#organization"},"potentialAction":[{"@type":"SearchAction","target":{"@type":"EntryPoint","urlTemplate":"https:\/\/kicka.eu\/en\/?s={search_term_string}"},"query-input":"required name=search_term_string"}],"inLanguage":"en-US"},{"@type":"Organization","@id":"https:\/\/kicka.eu\/en\/#organization","name":"Kicka","url":"https:\/\/kicka.eu\/en\/","logo":{"@type":"ImageObject","inLanguage":"en-US","@id":"https:\/\/kicka.eu\/en\/#\/schema\/logo\/image\/","url":"https:\/\/kicka.eu\/wp-content\/uploads\/2023\/08\/Kicka-Logo.png","contentUrl":"https:\/\/kicka.eu\/wp-content\/uploads\/2023\/08\/Kicka-Logo.png","width":233,"height":233,"caption":"Kicka"},"image":{"@id":"https:\/\/kicka.eu\/en\/#\/schema\/logo\/image\/"}}]}},"_links":{"self":[{"href":"https:\/\/kicka.eu\/en\/wp-json\/wp\/v2\/product\/40986","targetHints":{"allow":["GET"]}}],"collection":[{"href":"https:\/\/kicka.eu\/en\/wp-json\/wp\/v2\/product"}],"about":[{"href":"https:\/\/kicka.eu\/en\/wp-json\/wp\/v2\/types\/product"}],"replies":[{"embeddable":true,"href":"https:\/\/kicka.eu\/en\/wp-json\/wp\/v2\/comments?post=40986"}],"wp:featuredmedia":[{"embeddable":true,"href":"https:\/\/kicka.eu\/en\/wp-json\/wp\/v2\/media\/503"}],"wp:attachment":[{"href":"https:\/\/kicka.eu\/en\/wp-json\/wp\/v2\/media?parent=40986"}],"wp:term":[{"taxonomy":"product_cat","embeddable":true,"href":"https:\/\/kicka.eu\/en\/wp-json\/wp\/v2\/product_cat?post=40986"},{"taxonomy":"product_tag","embeddable":true,"href":"https:\/\/kicka.eu\/en\/wp-json\/wp\/v2\/product_tag?post=40986"}],"curies":[{"name":"wp","href":"https:\/\/api.w.org\/{rel}","templated":true}]}}