{"id":40947,"date":"2023-05-18T22:26:37","date_gmt":"2023-05-18T20:26:37","guid":{"rendered":"https:\/\/kicka.eu\/product\/g-pen-connect\/"},"modified":"2023-08-17T01:32:05","modified_gmt":"2023-08-16T23:32:05","slug":"g-pen-connect","status":"publish","type":"product","link":"https:\/\/kicka.eu\/en\/produkt\/g-pen-connect\/","title":{"rendered":"G Pen Connect"},"content":{"rendered":"","protected":false},"excerpt":{"rendered":"<p>G Pen Connect \u00e4ndrar spelet n\u00e4r det g\u00e4ller vapingkoncentrat. Inget behov av facklor eller DAB-riggar, anslut bara enheten till ett vattenr\u00f6r och l\u00e5t det rippa! Med tre sp\u00e4nningsniv\u00e5er och magnetiska anslutningar \u00e4r anv\u00e4ndningen av G Pen Connect extremt enkel att anv\u00e4nda. Det \u00e4r ocks\u00e5 mycket m\u00e5ngsidigt, eftersom anslutningen kan anslutas till en glasf\u00e4ste av glas\u00f6gon. Skapa extra luftfl\u00f6de med den intuitiva carb-fris\u00e4ttningsknappen. S\u00e5 f\u00f6rbered dig f\u00f6r stora och kraftfulla moln med den innovativa G-pennan.<br \/>\nFunktioner<\/p>\n<p>    5 sekunders uppv\u00e4rmningstid<br \/>\n    15 sekunders ut\u00f6kat dragl\u00e4ge<br \/>\n    Glas till glasanslutning<br \/>\n    Ansluts till 10 mm, 14 mm, 18 mm manliga fittings<br \/>\n    10 mm och 18 mm manliga tillbeh\u00f6r \u00e4r tillg\u00e4ngliga<br \/>\n    Keramiskt v\u00e4rmeelement f\u00f6r rena smakfulla tr\u00e4ffar<br \/>\n    Fj\u00e4derbelastad CARB-fris\u00e4ttning<br \/>\n    Helt fri fr\u00e5n ledningar och sladdar<br \/>\n    Kraftfullt 850 mAh batteri<br \/>\n    Magnetisk batterianslutning f\u00f6r enkel lossning<br \/>\n    Micro USB-laddning med genomg\u00e5ngsteknik<br \/>\n    3 Sp\u00e4nningsutg\u00e5ngar (L\u00e5g: 3.1 V, Medium: 3.6 V, H\u00f6g: 4.1 V)<br \/>\n    Auto v\u00e4rme f\u00f6r erfarna anv\u00e4ndare<br \/>\n    Hard-Case Zipper p\u00e5se gjord av hampa<\/p>\n<p>Vad finns i boxen<\/p>\n<p>1 g penna anslut batteriet<br \/>\n1 g penna anslutningstank<br \/>\n1 g penna anslutningshus<br \/>\n1 g Pen Connect Male Glass Adapter (14 mm)<br \/>\n1 g Pen Connect Male Glass Adapter Connector<br \/>\n1 Micro USB till USB Laddningskabel<br \/>\n3 ers\u00e4ttning o-ringar<\/p>\n","protected":false},"featured_media":361,"comment_status":"open","ping_status":"closed","template":"","meta":{"_acf_changed":false,"_et_pb_use_builder":"","_et_pb_old_content":"","_et_gb_content_width":"","om_disable_all_campaigns":false,"_monsterinsights_skip_tracking":false,"_monsterinsights_sitenote_active":false,"_monsterinsights_sitenote_note":"","_monsterinsights_sitenote_category":0,"_uf_show_specific_survey":0,"_uf_disable_surveys":false},"product_cat":[28],"product_tag":[29],"class_list":{"0":"post-40947","1":"product","2":"type-product","3":"status-publish","4":"has-post-thumbnail","6":"product_cat-vape","7":"product_tag-vaporizers","8":"pa_varumarken-g-pen","10":"first","11":"instock","12":"taxable","13":"shipping-taxable","14":"purchasable","15":"product-type-simple"},"acf":[],"yoast_head":"<!-- This site is optimized with the Yoast SEO plugin v22.8 - https:\/\/yoast.com\/wordpress\/plugins\/seo\/ -->\n<title>G Pen Connect - Kicka<\/title>\n<meta name=\"robots\" content=\"index, follow, max-snippet:-1, max-image-preview:large, max-video-preview:-1\" \/>\n<link rel=\"canonical\" href=\"https:\/\/kicka.eu\/en\/produkt\/g-pen-connect\/\" \/>\n<meta property=\"og:locale\" content=\"en_US\" \/>\n<meta property=\"og:type\" content=\"article\" \/>\n<meta property=\"og:title\" content=\"G Pen Connect - Kicka\" \/>\n<meta property=\"og:description\" content=\"G Pen Connect \u00e4ndrar spelet n\u00e4r det g\u00e4ller vapingkoncentrat. Inget behov av facklor eller DAB-riggar, anslut bara enheten till ett vattenr\u00f6r och l\u00e5t det rippa! Med tre sp\u00e4nningsniv\u00e5er och magnetiska anslutningar \u00e4r anv\u00e4ndningen av G Pen Connect extremt enkel att anv\u00e4nda. Det \u00e4r ocks\u00e5 mycket m\u00e5ngsidigt, eftersom anslutningen kan anslutas till en glasf\u00e4ste av glas\u00f6gon. Skapa extra luftfl\u00f6de med den intuitiva carb-fris\u00e4ttningsknappen. S\u00e5 f\u00f6rbered dig f\u00f6r stora och kraftfulla moln med den innovativa G-pennan. Funktioner    5 sekunders uppv\u00e4rmningstid   15 sekunders ut\u00f6kat dragl\u00e4ge   Glas till glasanslutning   Ansluts till 10 mm, 14 mm, 18 mm manliga fittings   10 mm och 18 mm manliga tillbeh\u00f6r \u00e4r tillg\u00e4ngliga   Keramiskt v\u00e4rmeelement f\u00f6r rena smakfulla tr\u00e4ffar   Fj\u00e4derbelastad CARB-fris\u00e4ttning   Helt fri fr\u00e5n ledningar och sladdar   Kraftfullt 850 mAh batteri   Magnetisk batterianslutning f\u00f6r enkel lossning   Micro USB-laddning med genomg\u00e5ngsteknik   3 Sp\u00e4nningsutg\u00e5ngar (L\u00e5g: 3.1 V, Medium: 3.6 V, H\u00f6g: 4.1 V)   Auto v\u00e4rme f\u00f6r erfarna anv\u00e4ndare   Hard-Case Zipper p\u00e5se gjord av hampa  Vad finns i boxen  1 g penna anslut batteriet 1 g penna anslutningstank 1 g penna anslutningshus 1 g Pen Connect Male Glass Adapter (14 mm) 1 g Pen Connect Male Glass Adapter Connector 1 Micro USB till USB Laddningskabel 3 ers\u00e4ttning o-ringar\" \/>\n<meta property=\"og:url\" content=\"https:\/\/kicka.eu\/en\/produkt\/g-pen-connect\/\" \/>\n<meta property=\"og:site_name\" content=\"Kicka\" \/>\n<meta property=\"article:modified_time\" content=\"2023-08-16T23:32:05+00:00\" \/>\n<meta property=\"og:image\" content=\"https:\/\/kicka.eu\/wp-content\/uploads\/2022\/03\/16781.jpeg\" \/>\n\t<meta property=\"og:image:width\" content=\"850\" \/>\n\t<meta property=\"og:image:height\" content=\"850\" \/>\n\t<meta property=\"og:image:type\" content=\"image\/jpeg\" \/>\n<meta name=\"twitter:card\" content=\"summary_large_image\" \/>\n<script type=\"application\/ld+json\" class=\"yoast-schema-graph\">{\"@context\":\"https:\/\/schema.org\",\"@graph\":[{\"@type\":\"WebPage\",\"@id\":\"https:\/\/kicka.eu\/en\/produkt\/g-pen-connect\/\",\"url\":\"https:\/\/kicka.eu\/en\/produkt\/g-pen-connect\/\",\"name\":\"G Pen Connect - Kicka\",\"isPartOf\":{\"@id\":\"https:\/\/kicka.eu\/en\/#website\"},\"primaryImageOfPage\":{\"@id\":\"https:\/\/kicka.eu\/en\/produkt\/g-pen-connect\/#primaryimage\"},\"image\":{\"@id\":\"https:\/\/kicka.eu\/en\/produkt\/g-pen-connect\/#primaryimage\"},\"thumbnailUrl\":\"https:\/\/kicka.eu\/wp-content\/uploads\/2022\/03\/16781.jpeg\",\"datePublished\":\"2023-05-18T20:26:37+00:00\",\"dateModified\":\"2023-08-16T23:32:05+00:00\",\"breadcrumb\":{\"@id\":\"https:\/\/kicka.eu\/en\/produkt\/g-pen-connect\/#breadcrumb\"},\"inLanguage\":\"en-US\",\"potentialAction\":[{\"@type\":\"ReadAction\",\"target\":[\"https:\/\/kicka.eu\/en\/produkt\/g-pen-connect\/\"]}]},{\"@type\":\"ImageObject\",\"inLanguage\":\"en-US\",\"@id\":\"https:\/\/kicka.eu\/en\/produkt\/g-pen-connect\/#primaryimage\",\"url\":\"https:\/\/kicka.eu\/wp-content\/uploads\/2022\/03\/16781.jpeg\",\"contentUrl\":\"https:\/\/kicka.eu\/wp-content\/uploads\/2022\/03\/16781.jpeg\",\"width\":850,\"height\":850},{\"@type\":\"BreadcrumbList\",\"@id\":\"https:\/\/kicka.eu\/en\/produkt\/g-pen-connect\/#breadcrumb\",\"itemListElement\":[{\"@type\":\"ListItem\",\"position\":1,\"name\":\"Home\",\"item\":\"https:\/\/kicka.eu\/en\/\"},{\"@type\":\"ListItem\",\"position\":2,\"name\":\"Shop\",\"item\":\"https:\/\/kicka.eu\/sv\/shop\/\"},{\"@type\":\"ListItem\",\"position\":3,\"name\":\"G Pen Connect\"}]},{\"@type\":\"WebSite\",\"@id\":\"https:\/\/kicka.eu\/en\/#website\",\"url\":\"https:\/\/kicka.eu\/en\/\",\"name\":\"Kicka\",\"description\":\"Online Headshop\",\"publisher\":{\"@id\":\"https:\/\/kicka.eu\/en\/#organization\"},\"potentialAction\":[{\"@type\":\"SearchAction\",\"target\":{\"@type\":\"EntryPoint\",\"urlTemplate\":\"https:\/\/kicka.eu\/en\/?s={search_term_string}\"},\"query-input\":\"required name=search_term_string\"}],\"inLanguage\":\"en-US\"},{\"@type\":\"Organization\",\"@id\":\"https:\/\/kicka.eu\/en\/#organization\",\"name\":\"Kicka\",\"url\":\"https:\/\/kicka.eu\/en\/\",\"logo\":{\"@type\":\"ImageObject\",\"inLanguage\":\"en-US\",\"@id\":\"https:\/\/kicka.eu\/en\/#\/schema\/logo\/image\/\",\"url\":\"https:\/\/kicka.eu\/wp-content\/uploads\/2023\/08\/Kicka-Logo.png\",\"contentUrl\":\"https:\/\/kicka.eu\/wp-content\/uploads\/2023\/08\/Kicka-Logo.png\",\"width\":233,\"height\":233,\"caption\":\"Kicka\"},\"image\":{\"@id\":\"https:\/\/kicka.eu\/en\/#\/schema\/logo\/image\/\"}}]}<\/script>\n<!-- \/ Yoast SEO plugin. -->","yoast_head_json":{"title":"G Pen Connect - Kicka","robots":{"index":"index","follow":"follow","max-snippet":"max-snippet:-1","max-image-preview":"max-image-preview:large","max-video-preview":"max-video-preview:-1"},"canonical":"https:\/\/kicka.eu\/en\/produkt\/g-pen-connect\/","og_locale":"en_US","og_type":"article","og_title":"G Pen Connect - Kicka","og_description":"G Pen Connect \u00e4ndrar spelet n\u00e4r det g\u00e4ller vapingkoncentrat. Inget behov av facklor eller DAB-riggar, anslut bara enheten till ett vattenr\u00f6r och l\u00e5t det rippa! Med tre sp\u00e4nningsniv\u00e5er och magnetiska anslutningar \u00e4r anv\u00e4ndningen av G Pen Connect extremt enkel att anv\u00e4nda. Det \u00e4r ocks\u00e5 mycket m\u00e5ngsidigt, eftersom anslutningen kan anslutas till en glasf\u00e4ste av glas\u00f6gon. Skapa extra luftfl\u00f6de med den intuitiva carb-fris\u00e4ttningsknappen. S\u00e5 f\u00f6rbered dig f\u00f6r stora och kraftfulla moln med den innovativa G-pennan. Funktioner    5 sekunders uppv\u00e4rmningstid   15 sekunders ut\u00f6kat dragl\u00e4ge   Glas till glasanslutning   Ansluts till 10 mm, 14 mm, 18 mm manliga fittings   10 mm och 18 mm manliga tillbeh\u00f6r \u00e4r tillg\u00e4ngliga   Keramiskt v\u00e4rmeelement f\u00f6r rena smakfulla tr\u00e4ffar   Fj\u00e4derbelastad CARB-fris\u00e4ttning   Helt fri fr\u00e5n ledningar och sladdar   Kraftfullt 850 mAh batteri   Magnetisk batterianslutning f\u00f6r enkel lossning   Micro USB-laddning med genomg\u00e5ngsteknik   3 Sp\u00e4nningsutg\u00e5ngar (L\u00e5g: 3.1 V, Medium: 3.6 V, H\u00f6g: 4.1 V)   Auto v\u00e4rme f\u00f6r erfarna anv\u00e4ndare   Hard-Case Zipper p\u00e5se gjord av hampa  Vad finns i boxen  1 g penna anslut batteriet 1 g penna anslutningstank 1 g penna anslutningshus 1 g Pen Connect Male Glass Adapter (14 mm) 1 g Pen Connect Male Glass Adapter Connector 1 Micro USB till USB Laddningskabel 3 ers\u00e4ttning o-ringar","og_url":"https:\/\/kicka.eu\/en\/produkt\/g-pen-connect\/","og_site_name":"Kicka","article_modified_time":"2023-08-16T23:32:05+00:00","og_image":[{"width":850,"height":850,"url":"https:\/\/kicka.eu\/wp-content\/uploads\/2022\/03\/16781.jpeg","type":"image\/jpeg"}],"twitter_card":"summary_large_image","schema":{"@context":"https:\/\/schema.org","@graph":[{"@type":"WebPage","@id":"https:\/\/kicka.eu\/en\/produkt\/g-pen-connect\/","url":"https:\/\/kicka.eu\/en\/produkt\/g-pen-connect\/","name":"G Pen Connect - Kicka","isPartOf":{"@id":"https:\/\/kicka.eu\/en\/#website"},"primaryImageOfPage":{"@id":"https:\/\/kicka.eu\/en\/produkt\/g-pen-connect\/#primaryimage"},"image":{"@id":"https:\/\/kicka.eu\/en\/produkt\/g-pen-connect\/#primaryimage"},"thumbnailUrl":"https:\/\/kicka.eu\/wp-content\/uploads\/2022\/03\/16781.jpeg","datePublished":"2023-05-18T20:26:37+00:00","dateModified":"2023-08-16T23:32:05+00:00","breadcrumb":{"@id":"https:\/\/kicka.eu\/en\/produkt\/g-pen-connect\/#breadcrumb"},"inLanguage":"en-US","potentialAction":[{"@type":"ReadAction","target":["https:\/\/kicka.eu\/en\/produkt\/g-pen-connect\/"]}]},{"@type":"ImageObject","inLanguage":"en-US","@id":"https:\/\/kicka.eu\/en\/produkt\/g-pen-connect\/#primaryimage","url":"https:\/\/kicka.eu\/wp-content\/uploads\/2022\/03\/16781.jpeg","contentUrl":"https:\/\/kicka.eu\/wp-content\/uploads\/2022\/03\/16781.jpeg","width":850,"height":850},{"@type":"BreadcrumbList","@id":"https:\/\/kicka.eu\/en\/produkt\/g-pen-connect\/#breadcrumb","itemListElement":[{"@type":"ListItem","position":1,"name":"Home","item":"https:\/\/kicka.eu\/en\/"},{"@type":"ListItem","position":2,"name":"Shop","item":"https:\/\/kicka.eu\/sv\/shop\/"},{"@type":"ListItem","position":3,"name":"G Pen Connect"}]},{"@type":"WebSite","@id":"https:\/\/kicka.eu\/en\/#website","url":"https:\/\/kicka.eu\/en\/","name":"Kicka","description":"Online Headshop","publisher":{"@id":"https:\/\/kicka.eu\/en\/#organization"},"potentialAction":[{"@type":"SearchAction","target":{"@type":"EntryPoint","urlTemplate":"https:\/\/kicka.eu\/en\/?s={search_term_string}"},"query-input":"required name=search_term_string"}],"inLanguage":"en-US"},{"@type":"Organization","@id":"https:\/\/kicka.eu\/en\/#organization","name":"Kicka","url":"https:\/\/kicka.eu\/en\/","logo":{"@type":"ImageObject","inLanguage":"en-US","@id":"https:\/\/kicka.eu\/en\/#\/schema\/logo\/image\/","url":"https:\/\/kicka.eu\/wp-content\/uploads\/2023\/08\/Kicka-Logo.png","contentUrl":"https:\/\/kicka.eu\/wp-content\/uploads\/2023\/08\/Kicka-Logo.png","width":233,"height":233,"caption":"Kicka"},"image":{"@id":"https:\/\/kicka.eu\/en\/#\/schema\/logo\/image\/"}}]}},"_links":{"self":[{"href":"https:\/\/kicka.eu\/en\/wp-json\/wp\/v2\/product\/40947","targetHints":{"allow":["GET"]}}],"collection":[{"href":"https:\/\/kicka.eu\/en\/wp-json\/wp\/v2\/product"}],"about":[{"href":"https:\/\/kicka.eu\/en\/wp-json\/wp\/v2\/types\/product"}],"replies":[{"embeddable":true,"href":"https:\/\/kicka.eu\/en\/wp-json\/wp\/v2\/comments?post=40947"}],"wp:featuredmedia":[{"embeddable":true,"href":"https:\/\/kicka.eu\/en\/wp-json\/wp\/v2\/media\/361"}],"wp:attachment":[{"href":"https:\/\/kicka.eu\/en\/wp-json\/wp\/v2\/media?parent=40947"}],"wp:term":[{"taxonomy":"product_cat","embeddable":true,"href":"https:\/\/kicka.eu\/en\/wp-json\/wp\/v2\/product_cat?post=40947"},{"taxonomy":"product_tag","embeddable":true,"href":"https:\/\/kicka.eu\/en\/wp-json\/wp\/v2\/product_tag?post=40947"}],"curies":[{"name":"wp","href":"https:\/\/api.w.org\/{rel}","templated":true}]}}