{"id":40943,"date":"2023-05-18T22:26:36","date_gmt":"2023-05-18T20:26:36","guid":{"rendered":"https:\/\/kicka.eu\/product\/g-pen-micro-vaporizer\/"},"modified":"2023-08-17T01:41:21","modified_gmt":"2023-08-16T23:41:21","slug":"g-pen-micro-vaporizer","status":"publish","type":"product","link":"https:\/\/kicka.eu\/en\/produkt\/g-pen-micro-vaporizer\/","title":{"rendered":"G Pen Micro+ Vaporizer"},"content":{"rendered":"","protected":false},"excerpt":{"rendered":"<p>Mikro + av G-penna \u00e4r eftertr\u00e4daren av den ikoniska mikrogan och representerar n\u00e4sta generation av portabel koncentratf\u00f6r\u00e5ngning. Micro + \u00e4r konstruerad med 510-patronigenk\u00e4nningsteknik, vilket g\u00f6r att enheten kan identifiera och justera mellan mikro + tanken och traditionella patroner. Ansluten till en 510 patron kan Micro + -batteriet leverera 3 olika niv\u00e5er av intensitet: 2,5 V, 2,75 V och 3,0 V. MICRO + har dubbelkanals luftfl\u00f6de f\u00f6r maximal isolering och kylning. F\u00f6r att s\u00e4kerst\u00e4lla ren smak \u00e4r f\u00f6r\u00e5ngaren utformad med en kvartsfodral och keramisk v\u00e4rmeplatta som ger konsekvent v\u00e4rmeapplikation. Enheten erbjuder b\u00e5de manuell aktivering och ett 10-sekunders automatiskt v\u00e4rmemodus. Micro + sportar ett uppladdningsbart och l\u00e5ngvarigt 850mAh litiumjonbatteri. USB-C Fast Laddningsfunktion g\u00f6r det m\u00f6jligt f\u00f6r Micro + att debitera p\u00e5 s\u00e5 lite som 90 minuter. Funktioner: G Pen Micro + \u00e4r en b\u00e4rbar koncentratf\u00f6r\u00e5ngare penna med dubbelkanal Airpath, keramisk v\u00e4rmeplatta och kvartsfodral f\u00f6r optimala smaker och konsekvent uppv\u00e4rmning Micro + \u00e4r kompatibel med traditionella 510 patroner &#8211; det kommer automatiskt att anpassas mellan patroner och G-pennan Micro + Tank, s\u00e5 du kan va dina egna koncentrat eller generiska sportar en typ-C USB-port, 850 mAh litiumjonbatteriet kan laddas p\u00e5 s\u00e5 lite som 90 minuter. Genomf\u00f6ljande laddningsteknik g\u00f6r att enheten kan anv\u00e4ndas under laddning Vad finns i l\u00e5dan: 1x G Pen Micro + Batteri 1x G Pen Micro + Tank 1x G Pen Micro + munstycke Montering 1x Hemp Travel Case 1x USB-C Kabel 1x G Pen Keychain Tool 2 Year garanti<\/p>\n","protected":false},"featured_media":41344,"comment_status":"open","ping_status":"closed","template":"","meta":{"_acf_changed":false,"_et_pb_use_builder":"","_et_pb_old_content":"","_et_gb_content_width":"","om_disable_all_campaigns":false,"_monsterinsights_skip_tracking":false,"_monsterinsights_sitenote_active":false,"_monsterinsights_sitenote_note":"","_monsterinsights_sitenote_category":0,"_uf_show_specific_survey":0,"_uf_disable_surveys":false},"product_cat":[28],"product_tag":[29],"class_list":{"0":"post-40943","1":"product","2":"type-product","3":"status-publish","4":"has-post-thumbnail","6":"product_cat-vape","7":"product_tag-vaporizers","8":"pa_varumarken-g-pen","10":"first","11":"instock","12":"taxable","13":"shipping-taxable","14":"purchasable","15":"product-type-simple"},"acf":[],"yoast_head":"<!-- This site is optimized with the Yoast SEO plugin v22.8 - https:\/\/yoast.com\/wordpress\/plugins\/seo\/ -->\n<title>G Pen Micro+ Vaporizer - Kicka<\/title>\n<meta name=\"robots\" content=\"index, follow, max-snippet:-1, max-image-preview:large, max-video-preview:-1\" \/>\n<link rel=\"canonical\" href=\"https:\/\/kicka.eu\/en\/produkt\/g-pen-micro-vaporizer\/\" \/>\n<meta property=\"og:locale\" content=\"en_US\" \/>\n<meta property=\"og:type\" content=\"article\" \/>\n<meta property=\"og:title\" content=\"G Pen Micro+ Vaporizer - Kicka\" \/>\n<meta property=\"og:description\" content=\"Mikro + av G-penna \u00e4r eftertr\u00e4daren av den ikoniska mikrogan och representerar n\u00e4sta generation av portabel koncentratf\u00f6r\u00e5ngning. Micro + \u00e4r konstruerad med 510-patronigenk\u00e4nningsteknik, vilket g\u00f6r att enheten kan identifiera och justera mellan mikro + tanken och traditionella patroner. Ansluten till en 510 patron kan Micro + -batteriet leverera 3 olika niv\u00e5er av intensitet: 2,5 V, 2,75 V och 3,0 V. MICRO + har dubbelkanals luftfl\u00f6de f\u00f6r maximal isolering och kylning. F\u00f6r att s\u00e4kerst\u00e4lla ren smak \u00e4r f\u00f6r\u00e5ngaren utformad med en kvartsfodral och keramisk v\u00e4rmeplatta som ger konsekvent v\u00e4rmeapplikation. Enheten erbjuder b\u00e5de manuell aktivering och ett 10-sekunders automatiskt v\u00e4rmemodus. Micro + sportar ett uppladdningsbart och l\u00e5ngvarigt 850mAh litiumjonbatteri. USB-C Fast Laddningsfunktion g\u00f6r det m\u00f6jligt f\u00f6r Micro + att debitera p\u00e5 s\u00e5 lite som 90 minuter. Funktioner: G Pen Micro + \u00e4r en b\u00e4rbar koncentratf\u00f6r\u00e5ngare penna med dubbelkanal Airpath, keramisk v\u00e4rmeplatta och kvartsfodral f\u00f6r optimala smaker och konsekvent uppv\u00e4rmning Micro + \u00e4r kompatibel med traditionella 510 patroner - det kommer automatiskt att anpassas mellan patroner och G-pennan Micro + Tank, s\u00e5 du kan va dina egna koncentrat eller generiska sportar en typ-C USB-port, 850 mAh litiumjonbatteriet kan laddas p\u00e5 s\u00e5 lite som 90 minuter. Genomf\u00f6ljande laddningsteknik g\u00f6r att enheten kan anv\u00e4ndas under laddning Vad finns i l\u00e5dan: 1x G Pen Micro + Batteri 1x G Pen Micro + Tank 1x G Pen Micro + munstycke Montering 1x Hemp Travel Case 1x USB-C Kabel 1x G Pen Keychain Tool 2 Year garanti\" \/>\n<meta property=\"og:url\" content=\"https:\/\/kicka.eu\/en\/produkt\/g-pen-micro-vaporizer\/\" \/>\n<meta property=\"og:site_name\" content=\"Kicka\" \/>\n<meta property=\"article:modified_time\" content=\"2023-08-16T23:41:21+00:00\" \/>\n<meta property=\"og:image\" content=\"https:\/\/kicka.eu\/wp-content\/uploads\/2023\/08\/G-pen-Micro-Kicka.jpg\" \/>\n\t<meta property=\"og:image:width\" content=\"674\" \/>\n\t<meta property=\"og:image:height\" content=\"727\" \/>\n\t<meta property=\"og:image:type\" content=\"image\/jpeg\" \/>\n<meta name=\"twitter:card\" content=\"summary_large_image\" \/>\n<script type=\"application\/ld+json\" class=\"yoast-schema-graph\">{\"@context\":\"https:\/\/schema.org\",\"@graph\":[{\"@type\":\"WebPage\",\"@id\":\"https:\/\/kicka.eu\/en\/produkt\/g-pen-micro-vaporizer\/\",\"url\":\"https:\/\/kicka.eu\/en\/produkt\/g-pen-micro-vaporizer\/\",\"name\":\"G Pen Micro+ Vaporizer - Kicka\",\"isPartOf\":{\"@id\":\"https:\/\/kicka.eu\/en\/#website\"},\"primaryImageOfPage\":{\"@id\":\"https:\/\/kicka.eu\/en\/produkt\/g-pen-micro-vaporizer\/#primaryimage\"},\"image\":{\"@id\":\"https:\/\/kicka.eu\/en\/produkt\/g-pen-micro-vaporizer\/#primaryimage\"},\"thumbnailUrl\":\"https:\/\/kicka.eu\/wp-content\/uploads\/2023\/08\/G-pen-Micro-Kicka.jpg\",\"datePublished\":\"2023-05-18T20:26:36+00:00\",\"dateModified\":\"2023-08-16T23:41:21+00:00\",\"breadcrumb\":{\"@id\":\"https:\/\/kicka.eu\/en\/produkt\/g-pen-micro-vaporizer\/#breadcrumb\"},\"inLanguage\":\"en-US\",\"potentialAction\":[{\"@type\":\"ReadAction\",\"target\":[\"https:\/\/kicka.eu\/en\/produkt\/g-pen-micro-vaporizer\/\"]}]},{\"@type\":\"ImageObject\",\"inLanguage\":\"en-US\",\"@id\":\"https:\/\/kicka.eu\/en\/produkt\/g-pen-micro-vaporizer\/#primaryimage\",\"url\":\"https:\/\/kicka.eu\/wp-content\/uploads\/2023\/08\/G-pen-Micro-Kicka.jpg\",\"contentUrl\":\"https:\/\/kicka.eu\/wp-content\/uploads\/2023\/08\/G-pen-Micro-Kicka.jpg\",\"width\":674,\"height\":727},{\"@type\":\"BreadcrumbList\",\"@id\":\"https:\/\/kicka.eu\/en\/produkt\/g-pen-micro-vaporizer\/#breadcrumb\",\"itemListElement\":[{\"@type\":\"ListItem\",\"position\":1,\"name\":\"Home\",\"item\":\"https:\/\/kicka.eu\/en\/\"},{\"@type\":\"ListItem\",\"position\":2,\"name\":\"Shop\",\"item\":\"https:\/\/kicka.eu\/sv\/shop\/\"},{\"@type\":\"ListItem\",\"position\":3,\"name\":\"G Pen Micro+ Vaporizer\"}]},{\"@type\":\"WebSite\",\"@id\":\"https:\/\/kicka.eu\/en\/#website\",\"url\":\"https:\/\/kicka.eu\/en\/\",\"name\":\"Kicka\",\"description\":\"Online Headshop\",\"publisher\":{\"@id\":\"https:\/\/kicka.eu\/en\/#organization\"},\"potentialAction\":[{\"@type\":\"SearchAction\",\"target\":{\"@type\":\"EntryPoint\",\"urlTemplate\":\"https:\/\/kicka.eu\/en\/?s={search_term_string}\"},\"query-input\":\"required name=search_term_string\"}],\"inLanguage\":\"en-US\"},{\"@type\":\"Organization\",\"@id\":\"https:\/\/kicka.eu\/en\/#organization\",\"name\":\"Kicka\",\"url\":\"https:\/\/kicka.eu\/en\/\",\"logo\":{\"@type\":\"ImageObject\",\"inLanguage\":\"en-US\",\"@id\":\"https:\/\/kicka.eu\/en\/#\/schema\/logo\/image\/\",\"url\":\"https:\/\/kicka.eu\/wp-content\/uploads\/2023\/08\/Kicka-Logo.png\",\"contentUrl\":\"https:\/\/kicka.eu\/wp-content\/uploads\/2023\/08\/Kicka-Logo.png\",\"width\":233,\"height\":233,\"caption\":\"Kicka\"},\"image\":{\"@id\":\"https:\/\/kicka.eu\/en\/#\/schema\/logo\/image\/\"}}]}<\/script>\n<!-- \/ Yoast SEO plugin. -->","yoast_head_json":{"title":"G Pen Micro+ Vaporizer - Kicka","robots":{"index":"index","follow":"follow","max-snippet":"max-snippet:-1","max-image-preview":"max-image-preview:large","max-video-preview":"max-video-preview:-1"},"canonical":"https:\/\/kicka.eu\/en\/produkt\/g-pen-micro-vaporizer\/","og_locale":"en_US","og_type":"article","og_title":"G Pen Micro+ Vaporizer - Kicka","og_description":"Mikro + av G-penna \u00e4r eftertr\u00e4daren av den ikoniska mikrogan och representerar n\u00e4sta generation av portabel koncentratf\u00f6r\u00e5ngning. Micro + \u00e4r konstruerad med 510-patronigenk\u00e4nningsteknik, vilket g\u00f6r att enheten kan identifiera och justera mellan mikro + tanken och traditionella patroner. Ansluten till en 510 patron kan Micro + -batteriet leverera 3 olika niv\u00e5er av intensitet: 2,5 V, 2,75 V och 3,0 V. MICRO + har dubbelkanals luftfl\u00f6de f\u00f6r maximal isolering och kylning. F\u00f6r att s\u00e4kerst\u00e4lla ren smak \u00e4r f\u00f6r\u00e5ngaren utformad med en kvartsfodral och keramisk v\u00e4rmeplatta som ger konsekvent v\u00e4rmeapplikation. Enheten erbjuder b\u00e5de manuell aktivering och ett 10-sekunders automatiskt v\u00e4rmemodus. Micro + sportar ett uppladdningsbart och l\u00e5ngvarigt 850mAh litiumjonbatteri. USB-C Fast Laddningsfunktion g\u00f6r det m\u00f6jligt f\u00f6r Micro + att debitera p\u00e5 s\u00e5 lite som 90 minuter. Funktioner: G Pen Micro + \u00e4r en b\u00e4rbar koncentratf\u00f6r\u00e5ngare penna med dubbelkanal Airpath, keramisk v\u00e4rmeplatta och kvartsfodral f\u00f6r optimala smaker och konsekvent uppv\u00e4rmning Micro + \u00e4r kompatibel med traditionella 510 patroner - det kommer automatiskt att anpassas mellan patroner och G-pennan Micro + Tank, s\u00e5 du kan va dina egna koncentrat eller generiska sportar en typ-C USB-port, 850 mAh litiumjonbatteriet kan laddas p\u00e5 s\u00e5 lite som 90 minuter. Genomf\u00f6ljande laddningsteknik g\u00f6r att enheten kan anv\u00e4ndas under laddning Vad finns i l\u00e5dan: 1x G Pen Micro + Batteri 1x G Pen Micro + Tank 1x G Pen Micro + munstycke Montering 1x Hemp Travel Case 1x USB-C Kabel 1x G Pen Keychain Tool 2 Year garanti","og_url":"https:\/\/kicka.eu\/en\/produkt\/g-pen-micro-vaporizer\/","og_site_name":"Kicka","article_modified_time":"2023-08-16T23:41:21+00:00","og_image":[{"width":674,"height":727,"url":"https:\/\/kicka.eu\/wp-content\/uploads\/2023\/08\/G-pen-Micro-Kicka.jpg","type":"image\/jpeg"}],"twitter_card":"summary_large_image","schema":{"@context":"https:\/\/schema.org","@graph":[{"@type":"WebPage","@id":"https:\/\/kicka.eu\/en\/produkt\/g-pen-micro-vaporizer\/","url":"https:\/\/kicka.eu\/en\/produkt\/g-pen-micro-vaporizer\/","name":"G Pen Micro+ Vaporizer - Kicka","isPartOf":{"@id":"https:\/\/kicka.eu\/en\/#website"},"primaryImageOfPage":{"@id":"https:\/\/kicka.eu\/en\/produkt\/g-pen-micro-vaporizer\/#primaryimage"},"image":{"@id":"https:\/\/kicka.eu\/en\/produkt\/g-pen-micro-vaporizer\/#primaryimage"},"thumbnailUrl":"https:\/\/kicka.eu\/wp-content\/uploads\/2023\/08\/G-pen-Micro-Kicka.jpg","datePublished":"2023-05-18T20:26:36+00:00","dateModified":"2023-08-16T23:41:21+00:00","breadcrumb":{"@id":"https:\/\/kicka.eu\/en\/produkt\/g-pen-micro-vaporizer\/#breadcrumb"},"inLanguage":"en-US","potentialAction":[{"@type":"ReadAction","target":["https:\/\/kicka.eu\/en\/produkt\/g-pen-micro-vaporizer\/"]}]},{"@type":"ImageObject","inLanguage":"en-US","@id":"https:\/\/kicka.eu\/en\/produkt\/g-pen-micro-vaporizer\/#primaryimage","url":"https:\/\/kicka.eu\/wp-content\/uploads\/2023\/08\/G-pen-Micro-Kicka.jpg","contentUrl":"https:\/\/kicka.eu\/wp-content\/uploads\/2023\/08\/G-pen-Micro-Kicka.jpg","width":674,"height":727},{"@type":"BreadcrumbList","@id":"https:\/\/kicka.eu\/en\/produkt\/g-pen-micro-vaporizer\/#breadcrumb","itemListElement":[{"@type":"ListItem","position":1,"name":"Home","item":"https:\/\/kicka.eu\/en\/"},{"@type":"ListItem","position":2,"name":"Shop","item":"https:\/\/kicka.eu\/sv\/shop\/"},{"@type":"ListItem","position":3,"name":"G Pen Micro+ Vaporizer"}]},{"@type":"WebSite","@id":"https:\/\/kicka.eu\/en\/#website","url":"https:\/\/kicka.eu\/en\/","name":"Kicka","description":"Online Headshop","publisher":{"@id":"https:\/\/kicka.eu\/en\/#organization"},"potentialAction":[{"@type":"SearchAction","target":{"@type":"EntryPoint","urlTemplate":"https:\/\/kicka.eu\/en\/?s={search_term_string}"},"query-input":"required name=search_term_string"}],"inLanguage":"en-US"},{"@type":"Organization","@id":"https:\/\/kicka.eu\/en\/#organization","name":"Kicka","url":"https:\/\/kicka.eu\/en\/","logo":{"@type":"ImageObject","inLanguage":"en-US","@id":"https:\/\/kicka.eu\/en\/#\/schema\/logo\/image\/","url":"https:\/\/kicka.eu\/wp-content\/uploads\/2023\/08\/Kicka-Logo.png","contentUrl":"https:\/\/kicka.eu\/wp-content\/uploads\/2023\/08\/Kicka-Logo.png","width":233,"height":233,"caption":"Kicka"},"image":{"@id":"https:\/\/kicka.eu\/en\/#\/schema\/logo\/image\/"}}]}},"_links":{"self":[{"href":"https:\/\/kicka.eu\/en\/wp-json\/wp\/v2\/product\/40943","targetHints":{"allow":["GET"]}}],"collection":[{"href":"https:\/\/kicka.eu\/en\/wp-json\/wp\/v2\/product"}],"about":[{"href":"https:\/\/kicka.eu\/en\/wp-json\/wp\/v2\/types\/product"}],"replies":[{"embeddable":true,"href":"https:\/\/kicka.eu\/en\/wp-json\/wp\/v2\/comments?post=40943"}],"wp:featuredmedia":[{"embeddable":true,"href":"https:\/\/kicka.eu\/en\/wp-json\/wp\/v2\/media\/41344"}],"wp:attachment":[{"href":"https:\/\/kicka.eu\/en\/wp-json\/wp\/v2\/media?parent=40943"}],"wp:term":[{"taxonomy":"product_cat","embeddable":true,"href":"https:\/\/kicka.eu\/en\/wp-json\/wp\/v2\/product_cat?post=40943"},{"taxonomy":"product_tag","embeddable":true,"href":"https:\/\/kicka.eu\/en\/wp-json\/wp\/v2\/product_tag?post=40943"}],"curies":[{"name":"wp","href":"https:\/\/api.w.org\/{rel}","templated":true}]}}