{"id":40906,"date":"2023-05-18T22:26:27","date_gmt":"2023-05-18T20:26:27","guid":{"rendered":"https:\/\/kicka.eu\/product\/cookies-x-g-pen-micro\/"},"modified":"2023-08-17T02:50:41","modified_gmt":"2023-08-17T00:50:41","slug":"cookies-x-g-pen-micro","status":"publish","type":"product","link":"https:\/\/kicka.eu\/en\/produkt\/cookies-x-g-pen-micro\/","title":{"rendered":"Cookies X G Pen Micro+"},"content":{"rendered":"","protected":false},"excerpt":{"rendered":"<p>Cookies x G Pen Micro+ \u00e4r en begr\u00e4nsad upplaga av den b\u00e4rbara koncentratf\u00f6r\u00e5ngaren Micro+ med Cookies originalf\u00e4rg och logotyp. Micro+ fr\u00e5n G Pen \u00e4r efterf\u00f6ljaren till den ikoniska MicroG och representerar n\u00e4sta generation av b\u00e4rbar koncentratf\u00f6r\u00e5ngare. Micro+-batteriet \u00e4r anslutet till en 510-patron och kan leverera tre olika intensitetsniv\u00e5er: 2,5 V, 2,75 V och 3,0 V. Enheten erbjuder b\u00e5de manuell aktivering och ett 10 sekunders automatiskt v\u00e4rmel\u00e4ge.<\/p>\n","protected":false},"featured_media":507,"comment_status":"open","ping_status":"closed","template":"","meta":{"_acf_changed":false,"_et_pb_use_builder":"","_et_pb_old_content":"","_et_gb_content_width":"","om_disable_all_campaigns":false,"_monsterinsights_skip_tracking":false,"_monsterinsights_sitenote_active":false,"_monsterinsights_sitenote_note":"","_monsterinsights_sitenote_category":0,"_uf_show_specific_survey":0,"_uf_disable_surveys":false},"product_cat":[28],"product_tag":[29],"class_list":{"0":"post-40906","1":"product","2":"type-product","3":"status-publish","4":"has-post-thumbnail","6":"product_cat-vape","7":"product_tag-vaporizers","8":"pa_varumarken-g-pen","10":"first","11":"instock","12":"taxable","13":"shipping-taxable","14":"purchasable","15":"product-type-simple"},"acf":[],"yoast_head":"<!-- This site is optimized with the Yoast SEO plugin v22.8 - https:\/\/yoast.com\/wordpress\/plugins\/seo\/ -->\n<title>Cookies X G Pen Micro+ - Kicka<\/title>\n<meta name=\"robots\" content=\"index, follow, max-snippet:-1, max-image-preview:large, max-video-preview:-1\" \/>\n<link rel=\"canonical\" href=\"https:\/\/kicka.eu\/en\/produkt\/cookies-x-g-pen-micro\/\" \/>\n<meta property=\"og:locale\" content=\"en_US\" \/>\n<meta property=\"og:type\" content=\"article\" \/>\n<meta property=\"og:title\" content=\"Cookies X G Pen Micro+ - Kicka\" \/>\n<meta property=\"og:description\" content=\"Cookies x G Pen Micro+ \u00e4r en begr\u00e4nsad upplaga av den b\u00e4rbara koncentratf\u00f6r\u00e5ngaren Micro+ med Cookies originalf\u00e4rg och logotyp. Micro+ fr\u00e5n G Pen \u00e4r efterf\u00f6ljaren till den ikoniska MicroG och representerar n\u00e4sta generation av b\u00e4rbar koncentratf\u00f6r\u00e5ngare. Micro+-batteriet \u00e4r anslutet till en 510-patron och kan leverera tre olika intensitetsniv\u00e5er: 2,5 V, 2,75 V och 3,0 V. Enheten erbjuder b\u00e5de manuell aktivering och ett 10 sekunders automatiskt v\u00e4rmel\u00e4ge.\" \/>\n<meta property=\"og:url\" content=\"https:\/\/kicka.eu\/en\/produkt\/cookies-x-g-pen-micro\/\" \/>\n<meta property=\"og:site_name\" content=\"Kicka\" \/>\n<meta property=\"article:modified_time\" content=\"2023-08-17T00:50:41+00:00\" \/>\n<meta property=\"og:image\" content=\"https:\/\/kicka.eu\/wp-content\/uploads\/2022\/03\/20078.jpeg\" \/>\n\t<meta property=\"og:image:width\" content=\"800\" \/>\n\t<meta property=\"og:image:height\" content=\"800\" \/>\n\t<meta property=\"og:image:type\" content=\"image\/jpeg\" \/>\n<meta name=\"twitter:card\" content=\"summary_large_image\" \/>\n<script type=\"application\/ld+json\" class=\"yoast-schema-graph\">{\"@context\":\"https:\/\/schema.org\",\"@graph\":[{\"@type\":\"WebPage\",\"@id\":\"https:\/\/kicka.eu\/en\/produkt\/cookies-x-g-pen-micro\/\",\"url\":\"https:\/\/kicka.eu\/en\/produkt\/cookies-x-g-pen-micro\/\",\"name\":\"Cookies X G Pen Micro+ - Kicka\",\"isPartOf\":{\"@id\":\"https:\/\/kicka.eu\/en\/#website\"},\"primaryImageOfPage\":{\"@id\":\"https:\/\/kicka.eu\/en\/produkt\/cookies-x-g-pen-micro\/#primaryimage\"},\"image\":{\"@id\":\"https:\/\/kicka.eu\/en\/produkt\/cookies-x-g-pen-micro\/#primaryimage\"},\"thumbnailUrl\":\"https:\/\/kicka.eu\/wp-content\/uploads\/2022\/03\/20078.jpeg\",\"datePublished\":\"2023-05-18T20:26:27+00:00\",\"dateModified\":\"2023-08-17T00:50:41+00:00\",\"breadcrumb\":{\"@id\":\"https:\/\/kicka.eu\/en\/produkt\/cookies-x-g-pen-micro\/#breadcrumb\"},\"inLanguage\":\"en-US\",\"potentialAction\":[{\"@type\":\"ReadAction\",\"target\":[\"https:\/\/kicka.eu\/en\/produkt\/cookies-x-g-pen-micro\/\"]}]},{\"@type\":\"ImageObject\",\"inLanguage\":\"en-US\",\"@id\":\"https:\/\/kicka.eu\/en\/produkt\/cookies-x-g-pen-micro\/#primaryimage\",\"url\":\"https:\/\/kicka.eu\/wp-content\/uploads\/2022\/03\/20078.jpeg\",\"contentUrl\":\"https:\/\/kicka.eu\/wp-content\/uploads\/2022\/03\/20078.jpeg\",\"width\":800,\"height\":800},{\"@type\":\"BreadcrumbList\",\"@id\":\"https:\/\/kicka.eu\/en\/produkt\/cookies-x-g-pen-micro\/#breadcrumb\",\"itemListElement\":[{\"@type\":\"ListItem\",\"position\":1,\"name\":\"Home\",\"item\":\"https:\/\/kicka.eu\/en\/\"},{\"@type\":\"ListItem\",\"position\":2,\"name\":\"Shop\",\"item\":\"https:\/\/kicka.eu\/sv\/shop\/\"},{\"@type\":\"ListItem\",\"position\":3,\"name\":\"Cookies X G Pen Micro+\"}]},{\"@type\":\"WebSite\",\"@id\":\"https:\/\/kicka.eu\/en\/#website\",\"url\":\"https:\/\/kicka.eu\/en\/\",\"name\":\"Kicka\",\"description\":\"Online Headshop\",\"publisher\":{\"@id\":\"https:\/\/kicka.eu\/en\/#organization\"},\"potentialAction\":[{\"@type\":\"SearchAction\",\"target\":{\"@type\":\"EntryPoint\",\"urlTemplate\":\"https:\/\/kicka.eu\/en\/?s={search_term_string}\"},\"query-input\":\"required name=search_term_string\"}],\"inLanguage\":\"en-US\"},{\"@type\":\"Organization\",\"@id\":\"https:\/\/kicka.eu\/en\/#organization\",\"name\":\"Kicka\",\"url\":\"https:\/\/kicka.eu\/en\/\",\"logo\":{\"@type\":\"ImageObject\",\"inLanguage\":\"en-US\",\"@id\":\"https:\/\/kicka.eu\/en\/#\/schema\/logo\/image\/\",\"url\":\"https:\/\/kicka.eu\/wp-content\/uploads\/2023\/08\/Kicka-Logo.png\",\"contentUrl\":\"https:\/\/kicka.eu\/wp-content\/uploads\/2023\/08\/Kicka-Logo.png\",\"width\":233,\"height\":233,\"caption\":\"Kicka\"},\"image\":{\"@id\":\"https:\/\/kicka.eu\/en\/#\/schema\/logo\/image\/\"}}]}<\/script>\n<!-- \/ Yoast SEO plugin. -->","yoast_head_json":{"title":"Cookies X G Pen Micro+ - Kicka","robots":{"index":"index","follow":"follow","max-snippet":"max-snippet:-1","max-image-preview":"max-image-preview:large","max-video-preview":"max-video-preview:-1"},"canonical":"https:\/\/kicka.eu\/en\/produkt\/cookies-x-g-pen-micro\/","og_locale":"en_US","og_type":"article","og_title":"Cookies X G Pen Micro+ - Kicka","og_description":"Cookies x G Pen Micro+ \u00e4r en begr\u00e4nsad upplaga av den b\u00e4rbara koncentratf\u00f6r\u00e5ngaren Micro+ med Cookies originalf\u00e4rg och logotyp. Micro+ fr\u00e5n G Pen \u00e4r efterf\u00f6ljaren till den ikoniska MicroG och representerar n\u00e4sta generation av b\u00e4rbar koncentratf\u00f6r\u00e5ngare. Micro+-batteriet \u00e4r anslutet till en 510-patron och kan leverera tre olika intensitetsniv\u00e5er: 2,5 V, 2,75 V och 3,0 V. Enheten erbjuder b\u00e5de manuell aktivering och ett 10 sekunders automatiskt v\u00e4rmel\u00e4ge.","og_url":"https:\/\/kicka.eu\/en\/produkt\/cookies-x-g-pen-micro\/","og_site_name":"Kicka","article_modified_time":"2023-08-17T00:50:41+00:00","og_image":[{"width":800,"height":800,"url":"https:\/\/kicka.eu\/wp-content\/uploads\/2022\/03\/20078.jpeg","type":"image\/jpeg"}],"twitter_card":"summary_large_image","schema":{"@context":"https:\/\/schema.org","@graph":[{"@type":"WebPage","@id":"https:\/\/kicka.eu\/en\/produkt\/cookies-x-g-pen-micro\/","url":"https:\/\/kicka.eu\/en\/produkt\/cookies-x-g-pen-micro\/","name":"Cookies X G Pen Micro+ - Kicka","isPartOf":{"@id":"https:\/\/kicka.eu\/en\/#website"},"primaryImageOfPage":{"@id":"https:\/\/kicka.eu\/en\/produkt\/cookies-x-g-pen-micro\/#primaryimage"},"image":{"@id":"https:\/\/kicka.eu\/en\/produkt\/cookies-x-g-pen-micro\/#primaryimage"},"thumbnailUrl":"https:\/\/kicka.eu\/wp-content\/uploads\/2022\/03\/20078.jpeg","datePublished":"2023-05-18T20:26:27+00:00","dateModified":"2023-08-17T00:50:41+00:00","breadcrumb":{"@id":"https:\/\/kicka.eu\/en\/produkt\/cookies-x-g-pen-micro\/#breadcrumb"},"inLanguage":"en-US","potentialAction":[{"@type":"ReadAction","target":["https:\/\/kicka.eu\/en\/produkt\/cookies-x-g-pen-micro\/"]}]},{"@type":"ImageObject","inLanguage":"en-US","@id":"https:\/\/kicka.eu\/en\/produkt\/cookies-x-g-pen-micro\/#primaryimage","url":"https:\/\/kicka.eu\/wp-content\/uploads\/2022\/03\/20078.jpeg","contentUrl":"https:\/\/kicka.eu\/wp-content\/uploads\/2022\/03\/20078.jpeg","width":800,"height":800},{"@type":"BreadcrumbList","@id":"https:\/\/kicka.eu\/en\/produkt\/cookies-x-g-pen-micro\/#breadcrumb","itemListElement":[{"@type":"ListItem","position":1,"name":"Home","item":"https:\/\/kicka.eu\/en\/"},{"@type":"ListItem","position":2,"name":"Shop","item":"https:\/\/kicka.eu\/sv\/shop\/"},{"@type":"ListItem","position":3,"name":"Cookies X G Pen Micro+"}]},{"@type":"WebSite","@id":"https:\/\/kicka.eu\/en\/#website","url":"https:\/\/kicka.eu\/en\/","name":"Kicka","description":"Online Headshop","publisher":{"@id":"https:\/\/kicka.eu\/en\/#organization"},"potentialAction":[{"@type":"SearchAction","target":{"@type":"EntryPoint","urlTemplate":"https:\/\/kicka.eu\/en\/?s={search_term_string}"},"query-input":"required name=search_term_string"}],"inLanguage":"en-US"},{"@type":"Organization","@id":"https:\/\/kicka.eu\/en\/#organization","name":"Kicka","url":"https:\/\/kicka.eu\/en\/","logo":{"@type":"ImageObject","inLanguage":"en-US","@id":"https:\/\/kicka.eu\/en\/#\/schema\/logo\/image\/","url":"https:\/\/kicka.eu\/wp-content\/uploads\/2023\/08\/Kicka-Logo.png","contentUrl":"https:\/\/kicka.eu\/wp-content\/uploads\/2023\/08\/Kicka-Logo.png","width":233,"height":233,"caption":"Kicka"},"image":{"@id":"https:\/\/kicka.eu\/en\/#\/schema\/logo\/image\/"}}]}},"_links":{"self":[{"href":"https:\/\/kicka.eu\/en\/wp-json\/wp\/v2\/product\/40906","targetHints":{"allow":["GET"]}}],"collection":[{"href":"https:\/\/kicka.eu\/en\/wp-json\/wp\/v2\/product"}],"about":[{"href":"https:\/\/kicka.eu\/en\/wp-json\/wp\/v2\/types\/product"}],"replies":[{"embeddable":true,"href":"https:\/\/kicka.eu\/en\/wp-json\/wp\/v2\/comments?post=40906"}],"wp:featuredmedia":[{"embeddable":true,"href":"https:\/\/kicka.eu\/en\/wp-json\/wp\/v2\/media\/507"}],"wp:attachment":[{"href":"https:\/\/kicka.eu\/en\/wp-json\/wp\/v2\/media?parent=40906"}],"wp:term":[{"taxonomy":"product_cat","embeddable":true,"href":"https:\/\/kicka.eu\/en\/wp-json\/wp\/v2\/product_cat?post=40906"},{"taxonomy":"product_tag","embeddable":true,"href":"https:\/\/kicka.eu\/en\/wp-json\/wp\/v2\/product_tag?post=40906"}],"curies":[{"name":"wp","href":"https:\/\/api.w.org\/{rel}","templated":true}]}}