{"id":41141,"date":"2023-05-18T22:27:20","date_gmt":"2023-05-18T20:27:20","guid":{"rendered":"https:\/\/kicka.eu\/product\/vibes-papers-med-filter-1-1-4-rice\/"},"modified":"2024-01-24T20:41:19","modified_gmt":"2024-01-24T19:41:19","slug":"vibes-papers-med-filter-1-1-4-rice","status":"publish","type":"product","link":"https:\/\/kicka.eu\/da\/produkt\/vibes-papers-med-filter-1-1-4-rice\/","title":{"rendered":"Papers Med Filter 1 1\/4 Rice"},"content":{"rendered":"","protected":false},"excerpt":{"rendered":"<p>VIBES Rice rullpapper ger en super l\u00e5ngsam brinnande torr \u00f6rtupplevelse. Den naturliga blandningen av extremt tunnpressade risrullpapper ger en ren smak och l\u00e5ngsammare f\u00f6rbr\u00e4nning \u00e4n de flesta andra papper, vilket m\u00f6jligg\u00f6r extra l\u00e5nga sessioner. Varje f\u00f6rpackning inneh\u00e5ller 50 rullpapper och ett h\u00e4fte med perforerade filterspetsar av papper, vilket g\u00f6r det enkelt att skapa den ultimata jointen. <\/p>\n","protected":false},"featured_media":391,"comment_status":"open","ping_status":"closed","template":"","meta":{"_acf_changed":false,"_et_pb_use_builder":"","_et_pb_old_content":"","_et_gb_content_width":"","om_disable_all_campaigns":false,"_monsterinsights_skip_tracking":false,"_monsterinsights_sitenote_active":false,"_monsterinsights_sitenote_note":"","_monsterinsights_sitenote_category":0,"_uf_show_specific_survey":0,"_uf_disable_surveys":false},"product_cat":[32],"product_tag":[33],"class_list":{"0":"post-41141","1":"product","2":"type-product","3":"status-publish","4":"has-post-thumbnail","6":"product_cat-rullning","7":"product_tag-rullpapper","8":"pa_varumarken-vibes","10":"first","11":"instock","12":"taxable","13":"shipping-taxable","14":"purchasable","15":"product-type-simple"},"acf":[],"yoast_head":"<!-- This site is optimized with the Yoast SEO plugin v22.8 - https:\/\/yoast.com\/wordpress\/plugins\/seo\/ -->\n<title>Papers Med Filter 1 1\/4 Rice - Kicka<\/title>\n<meta name=\"robots\" content=\"index, follow, max-snippet:-1, max-image-preview:large, max-video-preview:-1\" \/>\n<link rel=\"canonical\" href=\"https:\/\/kicka.eu\/da\/produkt\/vibes-papers-med-filter-1-1-4-rice\/\" \/>\n<meta property=\"og:locale\" content=\"da_DK\" \/>\n<meta property=\"og:type\" content=\"article\" \/>\n<meta property=\"og:title\" content=\"Papers Med Filter 1 1\/4 Rice - Kicka\" \/>\n<meta property=\"og:description\" content=\"VIBES Rice rullpapper ger en super l\u00e5ngsam brinnande torr \u00f6rtupplevelse. Den naturliga blandningen av extremt tunnpressade risrullpapper ger en ren smak och l\u00e5ngsammare f\u00f6rbr\u00e4nning \u00e4n de flesta andra papper, vilket m\u00f6jligg\u00f6r extra l\u00e5nga sessioner. Varje f\u00f6rpackning inneh\u00e5ller 50 rullpapper och ett h\u00e4fte med perforerade filterspetsar av papper, vilket g\u00f6r det enkelt att skapa den ultimata jointen.\" \/>\n<meta property=\"og:url\" content=\"https:\/\/kicka.eu\/da\/produkt\/vibes-papers-med-filter-1-1-4-rice\/\" \/>\n<meta property=\"og:site_name\" content=\"Kicka\" \/>\n<meta property=\"article:modified_time\" content=\"2024-01-24T19:41:19+00:00\" \/>\n<meta property=\"og:image\" content=\"https:\/\/kicka.eu\/wp-content\/uploads\/2022\/03\/18753.jpeg\" \/>\n\t<meta property=\"og:image:width\" content=\"800\" \/>\n\t<meta property=\"og:image:height\" content=\"800\" \/>\n\t<meta property=\"og:image:type\" content=\"image\/jpeg\" \/>\n<meta name=\"twitter:card\" content=\"summary_large_image\" \/>\n<script type=\"application\/ld+json\" class=\"yoast-schema-graph\">{\"@context\":\"https:\/\/schema.org\",\"@graph\":[{\"@type\":\"WebPage\",\"@id\":\"https:\/\/kicka.eu\/da\/produkt\/vibes-papers-med-filter-1-1-4-rice\/\",\"url\":\"https:\/\/kicka.eu\/da\/produkt\/vibes-papers-med-filter-1-1-4-rice\/\",\"name\":\"Papers Med Filter 1 1\/4 Rice - Kicka\",\"isPartOf\":{\"@id\":\"https:\/\/kicka.eu\/da\/#website\"},\"primaryImageOfPage\":{\"@id\":\"https:\/\/kicka.eu\/da\/produkt\/vibes-papers-med-filter-1-1-4-rice\/#primaryimage\"},\"image\":{\"@id\":\"https:\/\/kicka.eu\/da\/produkt\/vibes-papers-med-filter-1-1-4-rice\/#primaryimage\"},\"thumbnailUrl\":\"https:\/\/kicka.eu\/wp-content\/uploads\/2022\/03\/18753.jpeg\",\"datePublished\":\"2023-05-18T20:27:20+00:00\",\"dateModified\":\"2024-01-24T19:41:19+00:00\",\"breadcrumb\":{\"@id\":\"https:\/\/kicka.eu\/da\/produkt\/vibes-papers-med-filter-1-1-4-rice\/#breadcrumb\"},\"inLanguage\":\"da-DK\",\"potentialAction\":[{\"@type\":\"ReadAction\",\"target\":[\"https:\/\/kicka.eu\/da\/produkt\/vibes-papers-med-filter-1-1-4-rice\/\"]}]},{\"@type\":\"ImageObject\",\"inLanguage\":\"da-DK\",\"@id\":\"https:\/\/kicka.eu\/da\/produkt\/vibes-papers-med-filter-1-1-4-rice\/#primaryimage\",\"url\":\"https:\/\/kicka.eu\/wp-content\/uploads\/2022\/03\/18753.jpeg\",\"contentUrl\":\"https:\/\/kicka.eu\/wp-content\/uploads\/2022\/03\/18753.jpeg\",\"width\":800,\"height\":800},{\"@type\":\"BreadcrumbList\",\"@id\":\"https:\/\/kicka.eu\/da\/produkt\/vibes-papers-med-filter-1-1-4-rice\/#breadcrumb\",\"itemListElement\":[{\"@type\":\"ListItem\",\"position\":1,\"name\":\"Home\",\"item\":\"https:\/\/kicka.eu\/da\/\"},{\"@type\":\"ListItem\",\"position\":2,\"name\":\"Shop\",\"item\":\"https:\/\/kicka.eu\/sv\/shop\/\"},{\"@type\":\"ListItem\",\"position\":3,\"name\":\"Papers Med Filter 1 1\/4 Rice\"}]},{\"@type\":\"WebSite\",\"@id\":\"https:\/\/kicka.eu\/da\/#website\",\"url\":\"https:\/\/kicka.eu\/da\/\",\"name\":\"Kicka\",\"description\":\"Online Headshop\",\"publisher\":{\"@id\":\"https:\/\/kicka.eu\/da\/#organization\"},\"potentialAction\":[{\"@type\":\"SearchAction\",\"target\":{\"@type\":\"EntryPoint\",\"urlTemplate\":\"https:\/\/kicka.eu\/da\/?s={search_term_string}\"},\"query-input\":\"required name=search_term_string\"}],\"inLanguage\":\"da-DK\"},{\"@type\":\"Organization\",\"@id\":\"https:\/\/kicka.eu\/da\/#organization\",\"name\":\"Kicka\",\"url\":\"https:\/\/kicka.eu\/da\/\",\"logo\":{\"@type\":\"ImageObject\",\"inLanguage\":\"da-DK\",\"@id\":\"https:\/\/kicka.eu\/da\/#\/schema\/logo\/image\/\",\"url\":\"https:\/\/kicka.eu\/wp-content\/uploads\/2023\/08\/Kicka-Logo.png\",\"contentUrl\":\"https:\/\/kicka.eu\/wp-content\/uploads\/2023\/08\/Kicka-Logo.png\",\"width\":233,\"height\":233,\"caption\":\"Kicka\"},\"image\":{\"@id\":\"https:\/\/kicka.eu\/da\/#\/schema\/logo\/image\/\"}}]}<\/script>\n<!-- \/ Yoast SEO plugin. -->","yoast_head_json":{"title":"Papers Med Filter 1 1\/4 Rice - Kicka","robots":{"index":"index","follow":"follow","max-snippet":"max-snippet:-1","max-image-preview":"max-image-preview:large","max-video-preview":"max-video-preview:-1"},"canonical":"https:\/\/kicka.eu\/da\/produkt\/vibes-papers-med-filter-1-1-4-rice\/","og_locale":"da_DK","og_type":"article","og_title":"Papers Med Filter 1 1\/4 Rice - Kicka","og_description":"VIBES Rice rullpapper ger en super l\u00e5ngsam brinnande torr \u00f6rtupplevelse. Den naturliga blandningen av extremt tunnpressade risrullpapper ger en ren smak och l\u00e5ngsammare f\u00f6rbr\u00e4nning \u00e4n de flesta andra papper, vilket m\u00f6jligg\u00f6r extra l\u00e5nga sessioner. Varje f\u00f6rpackning inneh\u00e5ller 50 rullpapper och ett h\u00e4fte med perforerade filterspetsar av papper, vilket g\u00f6r det enkelt att skapa den ultimata jointen.","og_url":"https:\/\/kicka.eu\/da\/produkt\/vibes-papers-med-filter-1-1-4-rice\/","og_site_name":"Kicka","article_modified_time":"2024-01-24T19:41:19+00:00","og_image":[{"width":800,"height":800,"url":"https:\/\/kicka.eu\/wp-content\/uploads\/2022\/03\/18753.jpeg","type":"image\/jpeg"}],"twitter_card":"summary_large_image","schema":{"@context":"https:\/\/schema.org","@graph":[{"@type":"WebPage","@id":"https:\/\/kicka.eu\/da\/produkt\/vibes-papers-med-filter-1-1-4-rice\/","url":"https:\/\/kicka.eu\/da\/produkt\/vibes-papers-med-filter-1-1-4-rice\/","name":"Papers Med Filter 1 1\/4 Rice - Kicka","isPartOf":{"@id":"https:\/\/kicka.eu\/da\/#website"},"primaryImageOfPage":{"@id":"https:\/\/kicka.eu\/da\/produkt\/vibes-papers-med-filter-1-1-4-rice\/#primaryimage"},"image":{"@id":"https:\/\/kicka.eu\/da\/produkt\/vibes-papers-med-filter-1-1-4-rice\/#primaryimage"},"thumbnailUrl":"https:\/\/kicka.eu\/wp-content\/uploads\/2022\/03\/18753.jpeg","datePublished":"2023-05-18T20:27:20+00:00","dateModified":"2024-01-24T19:41:19+00:00","breadcrumb":{"@id":"https:\/\/kicka.eu\/da\/produkt\/vibes-papers-med-filter-1-1-4-rice\/#breadcrumb"},"inLanguage":"da-DK","potentialAction":[{"@type":"ReadAction","target":["https:\/\/kicka.eu\/da\/produkt\/vibes-papers-med-filter-1-1-4-rice\/"]}]},{"@type":"ImageObject","inLanguage":"da-DK","@id":"https:\/\/kicka.eu\/da\/produkt\/vibes-papers-med-filter-1-1-4-rice\/#primaryimage","url":"https:\/\/kicka.eu\/wp-content\/uploads\/2022\/03\/18753.jpeg","contentUrl":"https:\/\/kicka.eu\/wp-content\/uploads\/2022\/03\/18753.jpeg","width":800,"height":800},{"@type":"BreadcrumbList","@id":"https:\/\/kicka.eu\/da\/produkt\/vibes-papers-med-filter-1-1-4-rice\/#breadcrumb","itemListElement":[{"@type":"ListItem","position":1,"name":"Home","item":"https:\/\/kicka.eu\/da\/"},{"@type":"ListItem","position":2,"name":"Shop","item":"https:\/\/kicka.eu\/sv\/shop\/"},{"@type":"ListItem","position":3,"name":"Papers Med Filter 1 1\/4 Rice"}]},{"@type":"WebSite","@id":"https:\/\/kicka.eu\/da\/#website","url":"https:\/\/kicka.eu\/da\/","name":"Kicka","description":"Online Headshop","publisher":{"@id":"https:\/\/kicka.eu\/da\/#organization"},"potentialAction":[{"@type":"SearchAction","target":{"@type":"EntryPoint","urlTemplate":"https:\/\/kicka.eu\/da\/?s={search_term_string}"},"query-input":"required name=search_term_string"}],"inLanguage":"da-DK"},{"@type":"Organization","@id":"https:\/\/kicka.eu\/da\/#organization","name":"Kicka","url":"https:\/\/kicka.eu\/da\/","logo":{"@type":"ImageObject","inLanguage":"da-DK","@id":"https:\/\/kicka.eu\/da\/#\/schema\/logo\/image\/","url":"https:\/\/kicka.eu\/wp-content\/uploads\/2023\/08\/Kicka-Logo.png","contentUrl":"https:\/\/kicka.eu\/wp-content\/uploads\/2023\/08\/Kicka-Logo.png","width":233,"height":233,"caption":"Kicka"},"image":{"@id":"https:\/\/kicka.eu\/da\/#\/schema\/logo\/image\/"}}]}},"_links":{"self":[{"href":"https:\/\/kicka.eu\/da\/wp-json\/wp\/v2\/product\/41141","targetHints":{"allow":["GET"]}}],"collection":[{"href":"https:\/\/kicka.eu\/da\/wp-json\/wp\/v2\/product"}],"about":[{"href":"https:\/\/kicka.eu\/da\/wp-json\/wp\/v2\/types\/product"}],"replies":[{"embeddable":true,"href":"https:\/\/kicka.eu\/da\/wp-json\/wp\/v2\/comments?post=41141"}],"wp:featuredmedia":[{"embeddable":true,"href":"https:\/\/kicka.eu\/da\/wp-json\/wp\/v2\/media\/391"}],"wp:attachment":[{"href":"https:\/\/kicka.eu\/da\/wp-json\/wp\/v2\/media?parent=41141"}],"wp:term":[{"taxonomy":"product_cat","embeddable":true,"href":"https:\/\/kicka.eu\/da\/wp-json\/wp\/v2\/product_cat?post=41141"},{"taxonomy":"product_tag","embeddable":true,"href":"https:\/\/kicka.eu\/da\/wp-json\/wp\/v2\/product_tag?post=41141"}],"curies":[{"name":"wp","href":"https:\/\/api.w.org\/{rel}","templated":true}]}}