{"id":41108,"date":"2023-05-18T22:27:13","date_gmt":"2023-05-18T20:27:13","guid":{"rendered":"https:\/\/kicka.eu\/product\/raw-original-metall-grinder-4-delar-56mm-giftbox\/"},"modified":"2024-01-24T20:50:53","modified_gmt":"2024-01-24T19:50:53","slug":"raw-original-metall-grinder-4-delar-56mm-giftbox","status":"publish","type":"product","link":"https:\/\/kicka.eu\/da\/produkt\/raw-original-metall-grinder-4-delar-56mm-giftbox\/","title":{"rendered":"Original Metall Grinder 4-Delar 56Mm + Giftbox"},"content":{"rendered":"","protected":false},"excerpt":{"rendered":"<p>Eftersom det \u00e4r normen med Raw R\u00f6kningstillbeh\u00f6r, k\u00f6p denna grossist r\u00e5a ursprungliga metallkvarn 4 delar &#8211; 56mm + presentf\u00f6rpackning om du letar efter en avancerad konstruerad och innovativ kvarn som ger dig v\u00e4rde f\u00f6r dina pengar. Byggd med h\u00f6gsta kvalitet precision \u00e4r denna funktionella kvarn idealisk f\u00f6r b\u00e5de amat\u00f6r och erfarna anv\u00e4ndare. Som namnet antyder, kommer detta tillbeh\u00f6r med fyra delar, inklusive en pulverkkammare, sikt och spatel. Sikten kommer till nytta f\u00f6r anv\u00e4ndare som f\u00f6redrar finmala Terps som garanterar djupa och dj\u00e4rva smaker. Porkekammaren g\u00f6r att dina kunder kan lagra sin mark Terps s\u00e4kert f\u00f6r senare anv\u00e4ndning, speciellt om de \u00e4lskar flera r\u00f6kning sessioner om dagen.<\/p>\n","protected":false},"featured_media":523,"comment_status":"open","ping_status":"closed","template":"","meta":{"_acf_changed":false,"_et_pb_use_builder":"","_et_pb_old_content":"","_et_gb_content_width":"","om_disable_all_campaigns":false,"_monsterinsights_skip_tracking":false,"_monsterinsights_sitenote_active":false,"_monsterinsights_sitenote_note":"","_monsterinsights_sitenote_category":0,"_uf_show_specific_survey":0,"_uf_disable_surveys":false},"product_cat":[30],"product_tag":[39],"class_list":{"0":"post-41108","1":"product","2":"type-product","3":"status-publish","4":"has-post-thumbnail","6":"product_cat-tillbehor","7":"product_tag-grinders","8":"pa_varumarken-raw","10":"first","11":"onbackorder","12":"taxable","13":"shipping-taxable","14":"purchasable","15":"product-type-simple"},"acf":[],"yoast_head":"<!-- This site is optimized with the Yoast SEO plugin v22.8 - https:\/\/yoast.com\/wordpress\/plugins\/seo\/ -->\n<title>Original Metall Grinder 4-Delar 56Mm + Giftbox - Kicka<\/title>\n<meta name=\"robots\" content=\"index, follow, max-snippet:-1, max-image-preview:large, max-video-preview:-1\" \/>\n<link rel=\"canonical\" href=\"https:\/\/kicka.eu\/da\/produkt\/raw-original-metall-grinder-4-delar-56mm-giftbox\/\" \/>\n<meta property=\"og:locale\" content=\"da_DK\" \/>\n<meta property=\"og:type\" content=\"article\" \/>\n<meta property=\"og:title\" content=\"Original Metall Grinder 4-Delar 56Mm + Giftbox - Kicka\" \/>\n<meta property=\"og:description\" content=\"Eftersom det \u00e4r normen med Raw R\u00f6kningstillbeh\u00f6r, k\u00f6p denna grossist r\u00e5a ursprungliga metallkvarn 4 delar - 56mm + presentf\u00f6rpackning om du letar efter en avancerad konstruerad och innovativ kvarn som ger dig v\u00e4rde f\u00f6r dina pengar. Byggd med h\u00f6gsta kvalitet precision \u00e4r denna funktionella kvarn idealisk f\u00f6r b\u00e5de amat\u00f6r och erfarna anv\u00e4ndare. Som namnet antyder, kommer detta tillbeh\u00f6r med fyra delar, inklusive en pulverkkammare, sikt och spatel. Sikten kommer till nytta f\u00f6r anv\u00e4ndare som f\u00f6redrar finmala Terps som garanterar djupa och dj\u00e4rva smaker. Porkekammaren g\u00f6r att dina kunder kan lagra sin mark Terps s\u00e4kert f\u00f6r senare anv\u00e4ndning, speciellt om de \u00e4lskar flera r\u00f6kning sessioner om dagen.\" \/>\n<meta property=\"og:url\" content=\"https:\/\/kicka.eu\/da\/produkt\/raw-original-metall-grinder-4-delar-56mm-giftbox\/\" \/>\n<meta property=\"og:site_name\" content=\"Kicka\" \/>\n<meta property=\"article:modified_time\" content=\"2024-01-24T19:50:53+00:00\" \/>\n<meta property=\"og:image\" content=\"https:\/\/kicka.eu\/wp-content\/uploads\/2022\/03\/33991.jpeg\" \/>\n\t<meta property=\"og:image:width\" content=\"850\" \/>\n\t<meta property=\"og:image:height\" content=\"850\" \/>\n\t<meta property=\"og:image:type\" content=\"image\/jpeg\" \/>\n<meta name=\"twitter:card\" content=\"summary_large_image\" \/>\n<meta name=\"twitter:label1\" content=\"Estimeret l\u00e6setid\" \/>\n\t<meta name=\"twitter:data1\" content=\"1 minut\" \/>\n<script type=\"application\/ld+json\" class=\"yoast-schema-graph\">{\"@context\":\"https:\/\/schema.org\",\"@graph\":[{\"@type\":\"WebPage\",\"@id\":\"https:\/\/kicka.eu\/da\/produkt\/raw-original-metall-grinder-4-delar-56mm-giftbox\/\",\"url\":\"https:\/\/kicka.eu\/da\/produkt\/raw-original-metall-grinder-4-delar-56mm-giftbox\/\",\"name\":\"Original Metall Grinder 4-Delar 56Mm + Giftbox - Kicka\",\"isPartOf\":{\"@id\":\"https:\/\/kicka.eu\/da\/#website\"},\"primaryImageOfPage\":{\"@id\":\"https:\/\/kicka.eu\/da\/produkt\/raw-original-metall-grinder-4-delar-56mm-giftbox\/#primaryimage\"},\"image\":{\"@id\":\"https:\/\/kicka.eu\/da\/produkt\/raw-original-metall-grinder-4-delar-56mm-giftbox\/#primaryimage\"},\"thumbnailUrl\":\"https:\/\/kicka.eu\/wp-content\/uploads\/2022\/03\/33991.jpeg\",\"datePublished\":\"2023-05-18T20:27:13+00:00\",\"dateModified\":\"2024-01-24T19:50:53+00:00\",\"breadcrumb\":{\"@id\":\"https:\/\/kicka.eu\/da\/produkt\/raw-original-metall-grinder-4-delar-56mm-giftbox\/#breadcrumb\"},\"inLanguage\":\"da-DK\",\"potentialAction\":[{\"@type\":\"ReadAction\",\"target\":[\"https:\/\/kicka.eu\/da\/produkt\/raw-original-metall-grinder-4-delar-56mm-giftbox\/\"]}]},{\"@type\":\"ImageObject\",\"inLanguage\":\"da-DK\",\"@id\":\"https:\/\/kicka.eu\/da\/produkt\/raw-original-metall-grinder-4-delar-56mm-giftbox\/#primaryimage\",\"url\":\"https:\/\/kicka.eu\/wp-content\/uploads\/2022\/03\/33991.jpeg\",\"contentUrl\":\"https:\/\/kicka.eu\/wp-content\/uploads\/2022\/03\/33991.jpeg\",\"width\":850,\"height\":850},{\"@type\":\"BreadcrumbList\",\"@id\":\"https:\/\/kicka.eu\/da\/produkt\/raw-original-metall-grinder-4-delar-56mm-giftbox\/#breadcrumb\",\"itemListElement\":[{\"@type\":\"ListItem\",\"position\":1,\"name\":\"Home\",\"item\":\"https:\/\/kicka.eu\/da\/\"},{\"@type\":\"ListItem\",\"position\":2,\"name\":\"Shop\",\"item\":\"https:\/\/kicka.eu\/sv\/shop\/\"},{\"@type\":\"ListItem\",\"position\":3,\"name\":\"Original Metall Grinder 4-Delar 56Mm + Giftbox\"}]},{\"@type\":\"WebSite\",\"@id\":\"https:\/\/kicka.eu\/da\/#website\",\"url\":\"https:\/\/kicka.eu\/da\/\",\"name\":\"Kicka\",\"description\":\"Online Headshop\",\"publisher\":{\"@id\":\"https:\/\/kicka.eu\/da\/#organization\"},\"potentialAction\":[{\"@type\":\"SearchAction\",\"target\":{\"@type\":\"EntryPoint\",\"urlTemplate\":\"https:\/\/kicka.eu\/da\/?s={search_term_string}\"},\"query-input\":\"required name=search_term_string\"}],\"inLanguage\":\"da-DK\"},{\"@type\":\"Organization\",\"@id\":\"https:\/\/kicka.eu\/da\/#organization\",\"name\":\"Kicka\",\"url\":\"https:\/\/kicka.eu\/da\/\",\"logo\":{\"@type\":\"ImageObject\",\"inLanguage\":\"da-DK\",\"@id\":\"https:\/\/kicka.eu\/da\/#\/schema\/logo\/image\/\",\"url\":\"https:\/\/kicka.eu\/wp-content\/uploads\/2023\/08\/Kicka-Logo.png\",\"contentUrl\":\"https:\/\/kicka.eu\/wp-content\/uploads\/2023\/08\/Kicka-Logo.png\",\"width\":233,\"height\":233,\"caption\":\"Kicka\"},\"image\":{\"@id\":\"https:\/\/kicka.eu\/da\/#\/schema\/logo\/image\/\"}}]}<\/script>\n<!-- \/ Yoast SEO plugin. -->","yoast_head_json":{"title":"Original Metall Grinder 4-Delar 56Mm + Giftbox - Kicka","robots":{"index":"index","follow":"follow","max-snippet":"max-snippet:-1","max-image-preview":"max-image-preview:large","max-video-preview":"max-video-preview:-1"},"canonical":"https:\/\/kicka.eu\/da\/produkt\/raw-original-metall-grinder-4-delar-56mm-giftbox\/","og_locale":"da_DK","og_type":"article","og_title":"Original Metall Grinder 4-Delar 56Mm + Giftbox - Kicka","og_description":"Eftersom det \u00e4r normen med Raw R\u00f6kningstillbeh\u00f6r, k\u00f6p denna grossist r\u00e5a ursprungliga metallkvarn 4 delar - 56mm + presentf\u00f6rpackning om du letar efter en avancerad konstruerad och innovativ kvarn som ger dig v\u00e4rde f\u00f6r dina pengar. Byggd med h\u00f6gsta kvalitet precision \u00e4r denna funktionella kvarn idealisk f\u00f6r b\u00e5de amat\u00f6r och erfarna anv\u00e4ndare. Som namnet antyder, kommer detta tillbeh\u00f6r med fyra delar, inklusive en pulverkkammare, sikt och spatel. Sikten kommer till nytta f\u00f6r anv\u00e4ndare som f\u00f6redrar finmala Terps som garanterar djupa och dj\u00e4rva smaker. Porkekammaren g\u00f6r att dina kunder kan lagra sin mark Terps s\u00e4kert f\u00f6r senare anv\u00e4ndning, speciellt om de \u00e4lskar flera r\u00f6kning sessioner om dagen.","og_url":"https:\/\/kicka.eu\/da\/produkt\/raw-original-metall-grinder-4-delar-56mm-giftbox\/","og_site_name":"Kicka","article_modified_time":"2024-01-24T19:50:53+00:00","og_image":[{"width":850,"height":850,"url":"https:\/\/kicka.eu\/wp-content\/uploads\/2022\/03\/33991.jpeg","type":"image\/jpeg"}],"twitter_card":"summary_large_image","twitter_misc":{"Estimeret l\u00e6setid":"1 minut"},"schema":{"@context":"https:\/\/schema.org","@graph":[{"@type":"WebPage","@id":"https:\/\/kicka.eu\/da\/produkt\/raw-original-metall-grinder-4-delar-56mm-giftbox\/","url":"https:\/\/kicka.eu\/da\/produkt\/raw-original-metall-grinder-4-delar-56mm-giftbox\/","name":"Original Metall Grinder 4-Delar 56Mm + Giftbox - Kicka","isPartOf":{"@id":"https:\/\/kicka.eu\/da\/#website"},"primaryImageOfPage":{"@id":"https:\/\/kicka.eu\/da\/produkt\/raw-original-metall-grinder-4-delar-56mm-giftbox\/#primaryimage"},"image":{"@id":"https:\/\/kicka.eu\/da\/produkt\/raw-original-metall-grinder-4-delar-56mm-giftbox\/#primaryimage"},"thumbnailUrl":"https:\/\/kicka.eu\/wp-content\/uploads\/2022\/03\/33991.jpeg","datePublished":"2023-05-18T20:27:13+00:00","dateModified":"2024-01-24T19:50:53+00:00","breadcrumb":{"@id":"https:\/\/kicka.eu\/da\/produkt\/raw-original-metall-grinder-4-delar-56mm-giftbox\/#breadcrumb"},"inLanguage":"da-DK","potentialAction":[{"@type":"ReadAction","target":["https:\/\/kicka.eu\/da\/produkt\/raw-original-metall-grinder-4-delar-56mm-giftbox\/"]}]},{"@type":"ImageObject","inLanguage":"da-DK","@id":"https:\/\/kicka.eu\/da\/produkt\/raw-original-metall-grinder-4-delar-56mm-giftbox\/#primaryimage","url":"https:\/\/kicka.eu\/wp-content\/uploads\/2022\/03\/33991.jpeg","contentUrl":"https:\/\/kicka.eu\/wp-content\/uploads\/2022\/03\/33991.jpeg","width":850,"height":850},{"@type":"BreadcrumbList","@id":"https:\/\/kicka.eu\/da\/produkt\/raw-original-metall-grinder-4-delar-56mm-giftbox\/#breadcrumb","itemListElement":[{"@type":"ListItem","position":1,"name":"Home","item":"https:\/\/kicka.eu\/da\/"},{"@type":"ListItem","position":2,"name":"Shop","item":"https:\/\/kicka.eu\/sv\/shop\/"},{"@type":"ListItem","position":3,"name":"Original Metall Grinder 4-Delar 56Mm + Giftbox"}]},{"@type":"WebSite","@id":"https:\/\/kicka.eu\/da\/#website","url":"https:\/\/kicka.eu\/da\/","name":"Kicka","description":"Online Headshop","publisher":{"@id":"https:\/\/kicka.eu\/da\/#organization"},"potentialAction":[{"@type":"SearchAction","target":{"@type":"EntryPoint","urlTemplate":"https:\/\/kicka.eu\/da\/?s={search_term_string}"},"query-input":"required name=search_term_string"}],"inLanguage":"da-DK"},{"@type":"Organization","@id":"https:\/\/kicka.eu\/da\/#organization","name":"Kicka","url":"https:\/\/kicka.eu\/da\/","logo":{"@type":"ImageObject","inLanguage":"da-DK","@id":"https:\/\/kicka.eu\/da\/#\/schema\/logo\/image\/","url":"https:\/\/kicka.eu\/wp-content\/uploads\/2023\/08\/Kicka-Logo.png","contentUrl":"https:\/\/kicka.eu\/wp-content\/uploads\/2023\/08\/Kicka-Logo.png","width":233,"height":233,"caption":"Kicka"},"image":{"@id":"https:\/\/kicka.eu\/da\/#\/schema\/logo\/image\/"}}]}},"_links":{"self":[{"href":"https:\/\/kicka.eu\/da\/wp-json\/wp\/v2\/product\/41108","targetHints":{"allow":["GET"]}}],"collection":[{"href":"https:\/\/kicka.eu\/da\/wp-json\/wp\/v2\/product"}],"about":[{"href":"https:\/\/kicka.eu\/da\/wp-json\/wp\/v2\/types\/product"}],"replies":[{"embeddable":true,"href":"https:\/\/kicka.eu\/da\/wp-json\/wp\/v2\/comments?post=41108"}],"wp:featuredmedia":[{"embeddable":true,"href":"https:\/\/kicka.eu\/da\/wp-json\/wp\/v2\/media\/523"}],"wp:attachment":[{"href":"https:\/\/kicka.eu\/da\/wp-json\/wp\/v2\/media?parent=41108"}],"wp:term":[{"taxonomy":"product_cat","embeddable":true,"href":"https:\/\/kicka.eu\/da\/wp-json\/wp\/v2\/product_cat?post=41108"},{"taxonomy":"product_tag","embeddable":true,"href":"https:\/\/kicka.eu\/da\/wp-json\/wp\/v2\/product_tag?post=41108"}],"curies":[{"name":"wp","href":"https:\/\/api.w.org\/{rel}","templated":true}]}}