{"id":41107,"date":"2023-05-18T22:27:12","date_gmt":"2023-05-18T20:27:12","guid":{"rendered":"https:\/\/kicka.eu\/product\/raw-original-metall\/"},"modified":"2024-03-20T18:16:49","modified_gmt":"2024-03-20T17:16:49","slug":"raw-original-metall","status":"publish","type":"product","link":"https:\/\/kicka.eu\/da\/produkt\/raw-original-metall\/","title":{"rendered":"Raw Original Metall"},"content":{"rendered":"","protected":false},"excerpt":{"rendered":"<p>Dessa askkoppar \u00e4r det perfekta till\u00e4gget till n\u00e5gon samling f\u00f6r den r\u00e5a entusiasten och samlaren! Med ett h\u00f6gkvalitativt och skarpt tryck av den klassiska r\u00e5varan, kommer denna askkopp vara en ny b\u00e4sta v\u00e4n. Att erbjuda dig 3 divets f\u00f6r dina r\u00f6ker, \u00e4r dessa askkoppor ocks\u00e5 gjorda av premiummetall s\u00e5 att de kommer att f\u00f6rbli h\u00e5llbara. \u00c4nnu b\u00e4ttre kan du v\u00e4lja alternativet f\u00f6r att f\u00e5 din med en magnetisk backing s\u00e5 att du kan h\u00e5lla askkoppen till n\u00e5gon metallyta f\u00f6r en mer bekv\u00e4m r\u00f6kupplevelse!<\/p>\n","protected":false},"featured_media":516,"comment_status":"open","ping_status":"closed","template":"","meta":{"_acf_changed":false,"_et_pb_use_builder":"","_et_pb_old_content":"","_et_gb_content_width":"","om_disable_all_campaigns":false,"_monsterinsights_skip_tracking":false,"_monsterinsights_sitenote_active":false,"_monsterinsights_sitenote_note":"","_monsterinsights_sitenote_category":0,"_uf_show_specific_survey":0,"_uf_disable_surveys":false},"product_cat":[30],"product_tag":[49],"class_list":{"0":"post-41107","1":"product","2":"type-product","3":"status-publish","4":"has-post-thumbnail","6":"product_cat-tillbehor","7":"product_tag-askfat","8":"pa_varumarken-raw","10":"first","11":"instock","12":"taxable","13":"shipping-taxable","14":"purchasable","15":"product-type-simple"},"acf":[],"yoast_head":"<!-- This site is optimized with the Yoast SEO plugin v22.8 - https:\/\/yoast.com\/wordpress\/plugins\/seo\/ -->\n<title>Raw Original Metall - Kicka<\/title>\n<meta name=\"robots\" content=\"index, follow, max-snippet:-1, max-image-preview:large, max-video-preview:-1\" \/>\n<link rel=\"canonical\" href=\"https:\/\/kicka.eu\/da\/produkt\/raw-original-metall\/\" \/>\n<meta property=\"og:locale\" content=\"da_DK\" \/>\n<meta property=\"og:type\" content=\"article\" \/>\n<meta property=\"og:title\" content=\"Raw Original Metall - Kicka\" \/>\n<meta property=\"og:description\" content=\"Dessa askkoppar \u00e4r det perfekta till\u00e4gget till n\u00e5gon samling f\u00f6r den r\u00e5a entusiasten och samlaren! Med ett h\u00f6gkvalitativt och skarpt tryck av den klassiska r\u00e5varan, kommer denna askkopp vara en ny b\u00e4sta v\u00e4n. Att erbjuda dig 3 divets f\u00f6r dina r\u00f6ker, \u00e4r dessa askkoppor ocks\u00e5 gjorda av premiummetall s\u00e5 att de kommer att f\u00f6rbli h\u00e5llbara. \u00c4nnu b\u00e4ttre kan du v\u00e4lja alternativet f\u00f6r att f\u00e5 din med en magnetisk backing s\u00e5 att du kan h\u00e5lla askkoppen till n\u00e5gon metallyta f\u00f6r en mer bekv\u00e4m r\u00f6kupplevelse!\" \/>\n<meta property=\"og:url\" content=\"https:\/\/kicka.eu\/da\/produkt\/raw-original-metall\/\" \/>\n<meta property=\"og:site_name\" content=\"Kicka\" \/>\n<meta property=\"article:modified_time\" content=\"2024-03-20T17:16:49+00:00\" \/>\n<meta property=\"og:image\" content=\"https:\/\/kicka.eu\/wp-content\/uploads\/2022\/03\/28029.jpeg\" \/>\n\t<meta property=\"og:image:width\" content=\"850\" \/>\n\t<meta property=\"og:image:height\" content=\"850\" \/>\n\t<meta property=\"og:image:type\" content=\"image\/jpeg\" \/>\n<meta name=\"twitter:card\" content=\"summary_large_image\" \/>\n<script type=\"application\/ld+json\" class=\"yoast-schema-graph\">{\"@context\":\"https:\/\/schema.org\",\"@graph\":[{\"@type\":\"WebPage\",\"@id\":\"https:\/\/kicka.eu\/da\/produkt\/raw-original-metall\/\",\"url\":\"https:\/\/kicka.eu\/da\/produkt\/raw-original-metall\/\",\"name\":\"Raw Original Metall - Kicka\",\"isPartOf\":{\"@id\":\"https:\/\/kicka.eu\/da\/#website\"},\"primaryImageOfPage\":{\"@id\":\"https:\/\/kicka.eu\/da\/produkt\/raw-original-metall\/#primaryimage\"},\"image\":{\"@id\":\"https:\/\/kicka.eu\/da\/produkt\/raw-original-metall\/#primaryimage\"},\"thumbnailUrl\":\"https:\/\/kicka.eu\/wp-content\/uploads\/2022\/03\/28029.jpeg\",\"datePublished\":\"2023-05-18T20:27:12+00:00\",\"dateModified\":\"2024-03-20T17:16:49+00:00\",\"breadcrumb\":{\"@id\":\"https:\/\/kicka.eu\/da\/produkt\/raw-original-metall\/#breadcrumb\"},\"inLanguage\":\"da-DK\",\"potentialAction\":[{\"@type\":\"ReadAction\",\"target\":[\"https:\/\/kicka.eu\/da\/produkt\/raw-original-metall\/\"]}]},{\"@type\":\"ImageObject\",\"inLanguage\":\"da-DK\",\"@id\":\"https:\/\/kicka.eu\/da\/produkt\/raw-original-metall\/#primaryimage\",\"url\":\"https:\/\/kicka.eu\/wp-content\/uploads\/2022\/03\/28029.jpeg\",\"contentUrl\":\"https:\/\/kicka.eu\/wp-content\/uploads\/2022\/03\/28029.jpeg\",\"width\":850,\"height\":850},{\"@type\":\"BreadcrumbList\",\"@id\":\"https:\/\/kicka.eu\/da\/produkt\/raw-original-metall\/#breadcrumb\",\"itemListElement\":[{\"@type\":\"ListItem\",\"position\":1,\"name\":\"Home\",\"item\":\"https:\/\/kicka.eu\/da\/\"},{\"@type\":\"ListItem\",\"position\":2,\"name\":\"Shop\",\"item\":\"https:\/\/kicka.eu\/sv\/shop\/\"},{\"@type\":\"ListItem\",\"position\":3,\"name\":\"Raw Original Metall\"}]},{\"@type\":\"WebSite\",\"@id\":\"https:\/\/kicka.eu\/da\/#website\",\"url\":\"https:\/\/kicka.eu\/da\/\",\"name\":\"Kicka\",\"description\":\"Online Headshop\",\"publisher\":{\"@id\":\"https:\/\/kicka.eu\/da\/#organization\"},\"potentialAction\":[{\"@type\":\"SearchAction\",\"target\":{\"@type\":\"EntryPoint\",\"urlTemplate\":\"https:\/\/kicka.eu\/da\/?s={search_term_string}\"},\"query-input\":\"required name=search_term_string\"}],\"inLanguage\":\"da-DK\"},{\"@type\":\"Organization\",\"@id\":\"https:\/\/kicka.eu\/da\/#organization\",\"name\":\"Kicka\",\"url\":\"https:\/\/kicka.eu\/da\/\",\"logo\":{\"@type\":\"ImageObject\",\"inLanguage\":\"da-DK\",\"@id\":\"https:\/\/kicka.eu\/da\/#\/schema\/logo\/image\/\",\"url\":\"https:\/\/kicka.eu\/wp-content\/uploads\/2023\/08\/Kicka-Logo.png\",\"contentUrl\":\"https:\/\/kicka.eu\/wp-content\/uploads\/2023\/08\/Kicka-Logo.png\",\"width\":233,\"height\":233,\"caption\":\"Kicka\"},\"image\":{\"@id\":\"https:\/\/kicka.eu\/da\/#\/schema\/logo\/image\/\"}}]}<\/script>\n<!-- \/ Yoast SEO plugin. -->","yoast_head_json":{"title":"Raw Original Metall - Kicka","robots":{"index":"index","follow":"follow","max-snippet":"max-snippet:-1","max-image-preview":"max-image-preview:large","max-video-preview":"max-video-preview:-1"},"canonical":"https:\/\/kicka.eu\/da\/produkt\/raw-original-metall\/","og_locale":"da_DK","og_type":"article","og_title":"Raw Original Metall - Kicka","og_description":"Dessa askkoppar \u00e4r det perfekta till\u00e4gget till n\u00e5gon samling f\u00f6r den r\u00e5a entusiasten och samlaren! Med ett h\u00f6gkvalitativt och skarpt tryck av den klassiska r\u00e5varan, kommer denna askkopp vara en ny b\u00e4sta v\u00e4n. Att erbjuda dig 3 divets f\u00f6r dina r\u00f6ker, \u00e4r dessa askkoppor ocks\u00e5 gjorda av premiummetall s\u00e5 att de kommer att f\u00f6rbli h\u00e5llbara. \u00c4nnu b\u00e4ttre kan du v\u00e4lja alternativet f\u00f6r att f\u00e5 din med en magnetisk backing s\u00e5 att du kan h\u00e5lla askkoppen till n\u00e5gon metallyta f\u00f6r en mer bekv\u00e4m r\u00f6kupplevelse!","og_url":"https:\/\/kicka.eu\/da\/produkt\/raw-original-metall\/","og_site_name":"Kicka","article_modified_time":"2024-03-20T17:16:49+00:00","og_image":[{"width":850,"height":850,"url":"https:\/\/kicka.eu\/wp-content\/uploads\/2022\/03\/28029.jpeg","type":"image\/jpeg"}],"twitter_card":"summary_large_image","schema":{"@context":"https:\/\/schema.org","@graph":[{"@type":"WebPage","@id":"https:\/\/kicka.eu\/da\/produkt\/raw-original-metall\/","url":"https:\/\/kicka.eu\/da\/produkt\/raw-original-metall\/","name":"Raw Original Metall - Kicka","isPartOf":{"@id":"https:\/\/kicka.eu\/da\/#website"},"primaryImageOfPage":{"@id":"https:\/\/kicka.eu\/da\/produkt\/raw-original-metall\/#primaryimage"},"image":{"@id":"https:\/\/kicka.eu\/da\/produkt\/raw-original-metall\/#primaryimage"},"thumbnailUrl":"https:\/\/kicka.eu\/wp-content\/uploads\/2022\/03\/28029.jpeg","datePublished":"2023-05-18T20:27:12+00:00","dateModified":"2024-03-20T17:16:49+00:00","breadcrumb":{"@id":"https:\/\/kicka.eu\/da\/produkt\/raw-original-metall\/#breadcrumb"},"inLanguage":"da-DK","potentialAction":[{"@type":"ReadAction","target":["https:\/\/kicka.eu\/da\/produkt\/raw-original-metall\/"]}]},{"@type":"ImageObject","inLanguage":"da-DK","@id":"https:\/\/kicka.eu\/da\/produkt\/raw-original-metall\/#primaryimage","url":"https:\/\/kicka.eu\/wp-content\/uploads\/2022\/03\/28029.jpeg","contentUrl":"https:\/\/kicka.eu\/wp-content\/uploads\/2022\/03\/28029.jpeg","width":850,"height":850},{"@type":"BreadcrumbList","@id":"https:\/\/kicka.eu\/da\/produkt\/raw-original-metall\/#breadcrumb","itemListElement":[{"@type":"ListItem","position":1,"name":"Home","item":"https:\/\/kicka.eu\/da\/"},{"@type":"ListItem","position":2,"name":"Shop","item":"https:\/\/kicka.eu\/sv\/shop\/"},{"@type":"ListItem","position":3,"name":"Raw Original Metall"}]},{"@type":"WebSite","@id":"https:\/\/kicka.eu\/da\/#website","url":"https:\/\/kicka.eu\/da\/","name":"Kicka","description":"Online Headshop","publisher":{"@id":"https:\/\/kicka.eu\/da\/#organization"},"potentialAction":[{"@type":"SearchAction","target":{"@type":"EntryPoint","urlTemplate":"https:\/\/kicka.eu\/da\/?s={search_term_string}"},"query-input":"required name=search_term_string"}],"inLanguage":"da-DK"},{"@type":"Organization","@id":"https:\/\/kicka.eu\/da\/#organization","name":"Kicka","url":"https:\/\/kicka.eu\/da\/","logo":{"@type":"ImageObject","inLanguage":"da-DK","@id":"https:\/\/kicka.eu\/da\/#\/schema\/logo\/image\/","url":"https:\/\/kicka.eu\/wp-content\/uploads\/2023\/08\/Kicka-Logo.png","contentUrl":"https:\/\/kicka.eu\/wp-content\/uploads\/2023\/08\/Kicka-Logo.png","width":233,"height":233,"caption":"Kicka"},"image":{"@id":"https:\/\/kicka.eu\/da\/#\/schema\/logo\/image\/"}}]}},"_links":{"self":[{"href":"https:\/\/kicka.eu\/da\/wp-json\/wp\/v2\/product\/41107","targetHints":{"allow":["GET"]}}],"collection":[{"href":"https:\/\/kicka.eu\/da\/wp-json\/wp\/v2\/product"}],"about":[{"href":"https:\/\/kicka.eu\/da\/wp-json\/wp\/v2\/types\/product"}],"replies":[{"embeddable":true,"href":"https:\/\/kicka.eu\/da\/wp-json\/wp\/v2\/comments?post=41107"}],"wp:featuredmedia":[{"embeddable":true,"href":"https:\/\/kicka.eu\/da\/wp-json\/wp\/v2\/media\/516"}],"wp:attachment":[{"href":"https:\/\/kicka.eu\/da\/wp-json\/wp\/v2\/media?parent=41107"}],"wp:term":[{"taxonomy":"product_cat","embeddable":true,"href":"https:\/\/kicka.eu\/da\/wp-json\/wp\/v2\/product_cat?post=41107"},{"taxonomy":"product_tag","embeddable":true,"href":"https:\/\/kicka.eu\/da\/wp-json\/wp\/v2\/product_tag?post=41107"}],"curies":[{"name":"wp","href":"https:\/\/api.w.org\/{rel}","templated":true}]}}