{"id":41102,"date":"2023-05-18T22:27:11","date_gmt":"2023-05-18T20:27:11","guid":{"rendered":"https:\/\/kicka.eu\/product\/raw-rawl-pen-cone-creator-king-size\/"},"modified":"2024-01-28T21:03:03","modified_gmt":"2024-01-28T20:03:03","slug":"raw-rawl-pen-cone-creator-king-size","status":"publish","type":"product","link":"https:\/\/kicka.eu\/da\/produkt\/raw-rawl-pen-cone-creator-king-size\/","title":{"rendered":"Raw Rawl Pen Cone Creator King Size"},"content":{"rendered":"","protected":false},"excerpt":{"rendered":"<p>Rawlpen \u00e4r din perfekta rullande f\u00f6ljeslagare. Det \u00e4r ett dubbla hot &#8211; utformat f\u00f6r att g\u00f6ra rullande en kone l\u00e4ttare och att fungera s en skrivande unsensil. Den v\u00e4xtbaserade bl\u00e4cken kan anv\u00e4ndas f\u00f6r att g\u00f6ra spetsen och (\u00e4nnu viktigare) att skriva ner n\u00e5gon aning om att komma ih\u00e5g att det \u00e4r f\u00e4rdigt. Det \u00e4r en rolig innovation som \u00e4r &#8220;Write Way to Roll&#8221;.<\/p>\n","protected":false},"featured_media":549,"comment_status":"open","ping_status":"closed","template":"","meta":{"_acf_changed":false,"_et_pb_use_builder":"","_et_pb_old_content":"","_et_gb_content_width":"","om_disable_all_campaigns":false,"_monsterinsights_skip_tracking":false,"_monsterinsights_sitenote_active":false,"_monsterinsights_sitenote_note":"","_monsterinsights_sitenote_category":0,"_uf_show_specific_survey":0,"_uf_disable_surveys":false},"product_cat":[30],"product_tag":[36],"class_list":{"0":"post-41102","1":"product","2":"type-product","3":"status-publish","4":"has-post-thumbnail","6":"product_cat-tillbehor","7":"product_tag-forvaring","8":"pa_varumarken-raw","10":"first","11":"instock","12":"taxable","13":"shipping-taxable","14":"purchasable","15":"product-type-simple"},"acf":[],"yoast_head":"<!-- This site is optimized with the Yoast SEO plugin v22.8 - https:\/\/yoast.com\/wordpress\/plugins\/seo\/ -->\n<title>Raw Rawl Pen Cone Creator King Size - Kicka<\/title>\n<meta name=\"robots\" content=\"index, follow, max-snippet:-1, max-image-preview:large, max-video-preview:-1\" \/>\n<link rel=\"canonical\" href=\"https:\/\/kicka.eu\/da\/produkt\/raw-rawl-pen-cone-creator-king-size\/\" \/>\n<meta property=\"og:locale\" content=\"da_DK\" \/>\n<meta property=\"og:type\" content=\"article\" \/>\n<meta property=\"og:title\" content=\"Raw Rawl Pen Cone Creator King Size - Kicka\" \/>\n<meta property=\"og:description\" content=\"Rawlpen \u00e4r din perfekta rullande f\u00f6ljeslagare. Det \u00e4r ett dubbla hot - utformat f\u00f6r att g\u00f6ra rullande en kone l\u00e4ttare och att fungera s en skrivande unsensil. Den v\u00e4xtbaserade bl\u00e4cken kan anv\u00e4ndas f\u00f6r att g\u00f6ra spetsen och (\u00e4nnu viktigare) att skriva ner n\u00e5gon aning om att komma ih\u00e5g att det \u00e4r f\u00e4rdigt. Det \u00e4r en rolig innovation som \u00e4r &quot;Write Way to Roll&quot;.\" \/>\n<meta property=\"og:url\" content=\"https:\/\/kicka.eu\/da\/produkt\/raw-rawl-pen-cone-creator-king-size\/\" \/>\n<meta property=\"og:site_name\" content=\"Kicka\" \/>\n<meta property=\"article:modified_time\" content=\"2024-01-28T20:03:03+00:00\" \/>\n<meta property=\"og:image\" content=\"https:\/\/kicka.eu\/wp-content\/uploads\/2022\/03\/40744.jpeg\" \/>\n\t<meta property=\"og:image:width\" content=\"850\" \/>\n\t<meta property=\"og:image:height\" content=\"850\" \/>\n\t<meta property=\"og:image:type\" content=\"image\/jpeg\" \/>\n<meta name=\"twitter:card\" content=\"summary_large_image\" \/>\n<script type=\"application\/ld+json\" class=\"yoast-schema-graph\">{\"@context\":\"https:\/\/schema.org\",\"@graph\":[{\"@type\":\"WebPage\",\"@id\":\"https:\/\/kicka.eu\/da\/produkt\/raw-rawl-pen-cone-creator-king-size\/\",\"url\":\"https:\/\/kicka.eu\/da\/produkt\/raw-rawl-pen-cone-creator-king-size\/\",\"name\":\"Raw Rawl Pen Cone Creator King Size - Kicka\",\"isPartOf\":{\"@id\":\"https:\/\/kicka.eu\/da\/#website\"},\"primaryImageOfPage\":{\"@id\":\"https:\/\/kicka.eu\/da\/produkt\/raw-rawl-pen-cone-creator-king-size\/#primaryimage\"},\"image\":{\"@id\":\"https:\/\/kicka.eu\/da\/produkt\/raw-rawl-pen-cone-creator-king-size\/#primaryimage\"},\"thumbnailUrl\":\"https:\/\/kicka.eu\/wp-content\/uploads\/2022\/03\/40744.jpeg\",\"datePublished\":\"2023-05-18T20:27:11+00:00\",\"dateModified\":\"2024-01-28T20:03:03+00:00\",\"breadcrumb\":{\"@id\":\"https:\/\/kicka.eu\/da\/produkt\/raw-rawl-pen-cone-creator-king-size\/#breadcrumb\"},\"inLanguage\":\"da-DK\",\"potentialAction\":[{\"@type\":\"ReadAction\",\"target\":[\"https:\/\/kicka.eu\/da\/produkt\/raw-rawl-pen-cone-creator-king-size\/\"]}]},{\"@type\":\"ImageObject\",\"inLanguage\":\"da-DK\",\"@id\":\"https:\/\/kicka.eu\/da\/produkt\/raw-rawl-pen-cone-creator-king-size\/#primaryimage\",\"url\":\"https:\/\/kicka.eu\/wp-content\/uploads\/2022\/03\/40744.jpeg\",\"contentUrl\":\"https:\/\/kicka.eu\/wp-content\/uploads\/2022\/03\/40744.jpeg\",\"width\":850,\"height\":850},{\"@type\":\"BreadcrumbList\",\"@id\":\"https:\/\/kicka.eu\/da\/produkt\/raw-rawl-pen-cone-creator-king-size\/#breadcrumb\",\"itemListElement\":[{\"@type\":\"ListItem\",\"position\":1,\"name\":\"Home\",\"item\":\"https:\/\/kicka.eu\/da\/\"},{\"@type\":\"ListItem\",\"position\":2,\"name\":\"Shop\",\"item\":\"https:\/\/kicka.eu\/sv\/shop\/\"},{\"@type\":\"ListItem\",\"position\":3,\"name\":\"Raw Rawl Pen Cone Creator King Size\"}]},{\"@type\":\"WebSite\",\"@id\":\"https:\/\/kicka.eu\/da\/#website\",\"url\":\"https:\/\/kicka.eu\/da\/\",\"name\":\"Kicka\",\"description\":\"Online Headshop\",\"publisher\":{\"@id\":\"https:\/\/kicka.eu\/da\/#organization\"},\"potentialAction\":[{\"@type\":\"SearchAction\",\"target\":{\"@type\":\"EntryPoint\",\"urlTemplate\":\"https:\/\/kicka.eu\/da\/?s={search_term_string}\"},\"query-input\":\"required name=search_term_string\"}],\"inLanguage\":\"da-DK\"},{\"@type\":\"Organization\",\"@id\":\"https:\/\/kicka.eu\/da\/#organization\",\"name\":\"Kicka\",\"url\":\"https:\/\/kicka.eu\/da\/\",\"logo\":{\"@type\":\"ImageObject\",\"inLanguage\":\"da-DK\",\"@id\":\"https:\/\/kicka.eu\/da\/#\/schema\/logo\/image\/\",\"url\":\"https:\/\/kicka.eu\/wp-content\/uploads\/2023\/08\/Kicka-Logo.png\",\"contentUrl\":\"https:\/\/kicka.eu\/wp-content\/uploads\/2023\/08\/Kicka-Logo.png\",\"width\":233,\"height\":233,\"caption\":\"Kicka\"},\"image\":{\"@id\":\"https:\/\/kicka.eu\/da\/#\/schema\/logo\/image\/\"}}]}<\/script>\n<!-- \/ Yoast SEO plugin. -->","yoast_head_json":{"title":"Raw Rawl Pen Cone Creator King Size - Kicka","robots":{"index":"index","follow":"follow","max-snippet":"max-snippet:-1","max-image-preview":"max-image-preview:large","max-video-preview":"max-video-preview:-1"},"canonical":"https:\/\/kicka.eu\/da\/produkt\/raw-rawl-pen-cone-creator-king-size\/","og_locale":"da_DK","og_type":"article","og_title":"Raw Rawl Pen Cone Creator King Size - Kicka","og_description":"Rawlpen \u00e4r din perfekta rullande f\u00f6ljeslagare. Det \u00e4r ett dubbla hot - utformat f\u00f6r att g\u00f6ra rullande en kone l\u00e4ttare och att fungera s en skrivande unsensil. Den v\u00e4xtbaserade bl\u00e4cken kan anv\u00e4ndas f\u00f6r att g\u00f6ra spetsen och (\u00e4nnu viktigare) att skriva ner n\u00e5gon aning om att komma ih\u00e5g att det \u00e4r f\u00e4rdigt. Det \u00e4r en rolig innovation som \u00e4r \"Write Way to Roll\".","og_url":"https:\/\/kicka.eu\/da\/produkt\/raw-rawl-pen-cone-creator-king-size\/","og_site_name":"Kicka","article_modified_time":"2024-01-28T20:03:03+00:00","og_image":[{"width":850,"height":850,"url":"https:\/\/kicka.eu\/wp-content\/uploads\/2022\/03\/40744.jpeg","type":"image\/jpeg"}],"twitter_card":"summary_large_image","schema":{"@context":"https:\/\/schema.org","@graph":[{"@type":"WebPage","@id":"https:\/\/kicka.eu\/da\/produkt\/raw-rawl-pen-cone-creator-king-size\/","url":"https:\/\/kicka.eu\/da\/produkt\/raw-rawl-pen-cone-creator-king-size\/","name":"Raw Rawl Pen Cone Creator King Size - Kicka","isPartOf":{"@id":"https:\/\/kicka.eu\/da\/#website"},"primaryImageOfPage":{"@id":"https:\/\/kicka.eu\/da\/produkt\/raw-rawl-pen-cone-creator-king-size\/#primaryimage"},"image":{"@id":"https:\/\/kicka.eu\/da\/produkt\/raw-rawl-pen-cone-creator-king-size\/#primaryimage"},"thumbnailUrl":"https:\/\/kicka.eu\/wp-content\/uploads\/2022\/03\/40744.jpeg","datePublished":"2023-05-18T20:27:11+00:00","dateModified":"2024-01-28T20:03:03+00:00","breadcrumb":{"@id":"https:\/\/kicka.eu\/da\/produkt\/raw-rawl-pen-cone-creator-king-size\/#breadcrumb"},"inLanguage":"da-DK","potentialAction":[{"@type":"ReadAction","target":["https:\/\/kicka.eu\/da\/produkt\/raw-rawl-pen-cone-creator-king-size\/"]}]},{"@type":"ImageObject","inLanguage":"da-DK","@id":"https:\/\/kicka.eu\/da\/produkt\/raw-rawl-pen-cone-creator-king-size\/#primaryimage","url":"https:\/\/kicka.eu\/wp-content\/uploads\/2022\/03\/40744.jpeg","contentUrl":"https:\/\/kicka.eu\/wp-content\/uploads\/2022\/03\/40744.jpeg","width":850,"height":850},{"@type":"BreadcrumbList","@id":"https:\/\/kicka.eu\/da\/produkt\/raw-rawl-pen-cone-creator-king-size\/#breadcrumb","itemListElement":[{"@type":"ListItem","position":1,"name":"Home","item":"https:\/\/kicka.eu\/da\/"},{"@type":"ListItem","position":2,"name":"Shop","item":"https:\/\/kicka.eu\/sv\/shop\/"},{"@type":"ListItem","position":3,"name":"Raw Rawl Pen Cone Creator King Size"}]},{"@type":"WebSite","@id":"https:\/\/kicka.eu\/da\/#website","url":"https:\/\/kicka.eu\/da\/","name":"Kicka","description":"Online Headshop","publisher":{"@id":"https:\/\/kicka.eu\/da\/#organization"},"potentialAction":[{"@type":"SearchAction","target":{"@type":"EntryPoint","urlTemplate":"https:\/\/kicka.eu\/da\/?s={search_term_string}"},"query-input":"required name=search_term_string"}],"inLanguage":"da-DK"},{"@type":"Organization","@id":"https:\/\/kicka.eu\/da\/#organization","name":"Kicka","url":"https:\/\/kicka.eu\/da\/","logo":{"@type":"ImageObject","inLanguage":"da-DK","@id":"https:\/\/kicka.eu\/da\/#\/schema\/logo\/image\/","url":"https:\/\/kicka.eu\/wp-content\/uploads\/2023\/08\/Kicka-Logo.png","contentUrl":"https:\/\/kicka.eu\/wp-content\/uploads\/2023\/08\/Kicka-Logo.png","width":233,"height":233,"caption":"Kicka"},"image":{"@id":"https:\/\/kicka.eu\/da\/#\/schema\/logo\/image\/"}}]}},"_links":{"self":[{"href":"https:\/\/kicka.eu\/da\/wp-json\/wp\/v2\/product\/41102","targetHints":{"allow":["GET"]}}],"collection":[{"href":"https:\/\/kicka.eu\/da\/wp-json\/wp\/v2\/product"}],"about":[{"href":"https:\/\/kicka.eu\/da\/wp-json\/wp\/v2\/types\/product"}],"replies":[{"embeddable":true,"href":"https:\/\/kicka.eu\/da\/wp-json\/wp\/v2\/comments?post=41102"}],"wp:featuredmedia":[{"embeddable":true,"href":"https:\/\/kicka.eu\/da\/wp-json\/wp\/v2\/media\/549"}],"wp:attachment":[{"href":"https:\/\/kicka.eu\/da\/wp-json\/wp\/v2\/media?parent=41102"}],"wp:term":[{"taxonomy":"product_cat","embeddable":true,"href":"https:\/\/kicka.eu\/da\/wp-json\/wp\/v2\/product_cat?post=41102"},{"taxonomy":"product_tag","embeddable":true,"href":"https:\/\/kicka.eu\/da\/wp-json\/wp\/v2\/product_tag?post=41102"}],"curies":[{"name":"wp","href":"https:\/\/api.w.org\/{rel}","templated":true}]}}