{"id":41097,"date":"2023-05-18T22:27:10","date_gmt":"2023-05-18T20:27:10","guid":{"rendered":"https:\/\/kicka.eu\/product\/raw-kingsize-slim\/"},"modified":"2025-11-02T02:15:55","modified_gmt":"2025-11-02T01:15:55","slug":"raw-kingsize-slim","status":"publish","type":"product","link":"https:\/\/kicka.eu\/da\/produkt\/raw-kingsize-slim\/","title":{"rendered":"Raw Kingsize Slim"},"content":{"rendered":"","protected":false},"excerpt":{"rendered":"<p>Raw Kingsize Slim \u00e4r f\u00f6r r\u00f6kare som vill verkligen njuta av en l\u00e5ng session. Dessa r\u00e5klassiker har f\u00f6r\u00e4ndrat r\u00f6kning landskapet f\u00f6r gott, tack vare h\u00f6gkvalitativt och verkligen naturligt orefinerat papper. Liksom alla andra versioner \u00e4r denna king size-smal rullande papper helt vegan och naturlig och fri fr\u00e5n tillsatta f\u00e4rg\u00e4mnen eller krita. R\u00e5papper \u00e4r gjord av naturliga v\u00e4xter utan f\u00f6rbr\u00e4nningsadditiv. Det tackar den ljusbruna f\u00e4rgen till blandningen av oblekta fibrer.<\/p>\n","protected":false},"featured_media":555,"comment_status":"open","ping_status":"closed","template":"","meta":{"_acf_changed":false,"_et_pb_use_builder":"","_et_pb_old_content":"","_et_gb_content_width":"","om_disable_all_campaigns":false,"_monsterinsights_skip_tracking":false,"_monsterinsights_sitenote_active":false,"_monsterinsights_sitenote_note":"","_monsterinsights_sitenote_category":0,"_uf_show_specific_survey":0,"_uf_disable_surveys":false},"product_cat":[32],"product_tag":[33],"class_list":{"0":"post-41097","1":"product","2":"type-product","3":"status-publish","4":"has-post-thumbnail","6":"product_cat-rullning","7":"product_tag-rullpapper","8":"pa_varumarken-raw","10":"first","11":"onbackorder","12":"taxable","13":"shipping-taxable","14":"purchasable","15":"product-type-simple"},"acf":[],"yoast_head":"<!-- This site is optimized with the Yoast SEO plugin v22.8 - https:\/\/yoast.com\/wordpress\/plugins\/seo\/ -->\n<title>Raw Kingsize Slim - Kicka<\/title>\n<meta name=\"robots\" content=\"index, follow, max-snippet:-1, max-image-preview:large, max-video-preview:-1\" \/>\n<link rel=\"canonical\" href=\"https:\/\/kicka.eu\/da\/produkt\/raw-kingsize-slim\/\" \/>\n<meta property=\"og:locale\" content=\"da_DK\" \/>\n<meta property=\"og:type\" content=\"article\" \/>\n<meta property=\"og:title\" content=\"Raw Kingsize Slim - Kicka\" \/>\n<meta property=\"og:description\" content=\"Raw Kingsize Slim \u00e4r f\u00f6r r\u00f6kare som vill verkligen njuta av en l\u00e5ng session. Dessa r\u00e5klassiker har f\u00f6r\u00e4ndrat r\u00f6kning landskapet f\u00f6r gott, tack vare h\u00f6gkvalitativt och verkligen naturligt orefinerat papper. Liksom alla andra versioner \u00e4r denna king size-smal rullande papper helt vegan och naturlig och fri fr\u00e5n tillsatta f\u00e4rg\u00e4mnen eller krita. R\u00e5papper \u00e4r gjord av naturliga v\u00e4xter utan f\u00f6rbr\u00e4nningsadditiv. Det tackar den ljusbruna f\u00e4rgen till blandningen av oblekta fibrer.\" \/>\n<meta property=\"og:url\" content=\"https:\/\/kicka.eu\/da\/produkt\/raw-kingsize-slim\/\" \/>\n<meta property=\"og:site_name\" content=\"Kicka\" \/>\n<meta property=\"article:modified_time\" content=\"2025-11-02T01:15:55+00:00\" \/>\n<meta property=\"og:image\" content=\"https:\/\/kicka.eu\/wp-content\/uploads\/2022\/03\/RL1028.jpeg\" \/>\n\t<meta property=\"og:image:width\" content=\"850\" \/>\n\t<meta property=\"og:image:height\" content=\"850\" \/>\n\t<meta property=\"og:image:type\" content=\"image\/jpeg\" \/>\n<meta name=\"twitter:card\" content=\"summary_large_image\" \/>\n<script type=\"application\/ld+json\" class=\"yoast-schema-graph\">{\"@context\":\"https:\/\/schema.org\",\"@graph\":[{\"@type\":\"WebPage\",\"@id\":\"https:\/\/kicka.eu\/da\/produkt\/raw-kingsize-slim\/\",\"url\":\"https:\/\/kicka.eu\/da\/produkt\/raw-kingsize-slim\/\",\"name\":\"Raw Kingsize Slim - Kicka\",\"isPartOf\":{\"@id\":\"https:\/\/kicka.eu\/da\/#website\"},\"primaryImageOfPage\":{\"@id\":\"https:\/\/kicka.eu\/da\/produkt\/raw-kingsize-slim\/#primaryimage\"},\"image\":{\"@id\":\"https:\/\/kicka.eu\/da\/produkt\/raw-kingsize-slim\/#primaryimage\"},\"thumbnailUrl\":\"https:\/\/kicka.eu\/wp-content\/uploads\/2022\/03\/RL1028.jpeg\",\"datePublished\":\"2023-05-18T20:27:10+00:00\",\"dateModified\":\"2025-11-02T01:15:55+00:00\",\"breadcrumb\":{\"@id\":\"https:\/\/kicka.eu\/da\/produkt\/raw-kingsize-slim\/#breadcrumb\"},\"inLanguage\":\"da-DK\",\"potentialAction\":[{\"@type\":\"ReadAction\",\"target\":[\"https:\/\/kicka.eu\/da\/produkt\/raw-kingsize-slim\/\"]}]},{\"@type\":\"ImageObject\",\"inLanguage\":\"da-DK\",\"@id\":\"https:\/\/kicka.eu\/da\/produkt\/raw-kingsize-slim\/#primaryimage\",\"url\":\"https:\/\/kicka.eu\/wp-content\/uploads\/2022\/03\/RL1028.jpeg\",\"contentUrl\":\"https:\/\/kicka.eu\/wp-content\/uploads\/2022\/03\/RL1028.jpeg\",\"width\":850,\"height\":850},{\"@type\":\"BreadcrumbList\",\"@id\":\"https:\/\/kicka.eu\/da\/produkt\/raw-kingsize-slim\/#breadcrumb\",\"itemListElement\":[{\"@type\":\"ListItem\",\"position\":1,\"name\":\"Home\",\"item\":\"https:\/\/kicka.eu\/da\/\"},{\"@type\":\"ListItem\",\"position\":2,\"name\":\"Shop\",\"item\":\"https:\/\/kicka.eu\/sv\/shop\/\"},{\"@type\":\"ListItem\",\"position\":3,\"name\":\"Raw Kingsize Slim\"}]},{\"@type\":\"WebSite\",\"@id\":\"https:\/\/kicka.eu\/da\/#website\",\"url\":\"https:\/\/kicka.eu\/da\/\",\"name\":\"Kicka\",\"description\":\"Online Headshop\",\"publisher\":{\"@id\":\"https:\/\/kicka.eu\/da\/#organization\"},\"potentialAction\":[{\"@type\":\"SearchAction\",\"target\":{\"@type\":\"EntryPoint\",\"urlTemplate\":\"https:\/\/kicka.eu\/da\/?s={search_term_string}\"},\"query-input\":\"required name=search_term_string\"}],\"inLanguage\":\"da-DK\"},{\"@type\":\"Organization\",\"@id\":\"https:\/\/kicka.eu\/da\/#organization\",\"name\":\"Kicka\",\"url\":\"https:\/\/kicka.eu\/da\/\",\"logo\":{\"@type\":\"ImageObject\",\"inLanguage\":\"da-DK\",\"@id\":\"https:\/\/kicka.eu\/da\/#\/schema\/logo\/image\/\",\"url\":\"https:\/\/kicka.eu\/wp-content\/uploads\/2023\/08\/Kicka-Logo.png\",\"contentUrl\":\"https:\/\/kicka.eu\/wp-content\/uploads\/2023\/08\/Kicka-Logo.png\",\"width\":233,\"height\":233,\"caption\":\"Kicka\"},\"image\":{\"@id\":\"https:\/\/kicka.eu\/da\/#\/schema\/logo\/image\/\"}}]}<\/script>\n<!-- \/ Yoast SEO plugin. -->","yoast_head_json":{"title":"Raw Kingsize Slim - Kicka","robots":{"index":"index","follow":"follow","max-snippet":"max-snippet:-1","max-image-preview":"max-image-preview:large","max-video-preview":"max-video-preview:-1"},"canonical":"https:\/\/kicka.eu\/da\/produkt\/raw-kingsize-slim\/","og_locale":"da_DK","og_type":"article","og_title":"Raw Kingsize Slim - Kicka","og_description":"Raw Kingsize Slim \u00e4r f\u00f6r r\u00f6kare som vill verkligen njuta av en l\u00e5ng session. Dessa r\u00e5klassiker har f\u00f6r\u00e4ndrat r\u00f6kning landskapet f\u00f6r gott, tack vare h\u00f6gkvalitativt och verkligen naturligt orefinerat papper. Liksom alla andra versioner \u00e4r denna king size-smal rullande papper helt vegan och naturlig och fri fr\u00e5n tillsatta f\u00e4rg\u00e4mnen eller krita. R\u00e5papper \u00e4r gjord av naturliga v\u00e4xter utan f\u00f6rbr\u00e4nningsadditiv. Det tackar den ljusbruna f\u00e4rgen till blandningen av oblekta fibrer.","og_url":"https:\/\/kicka.eu\/da\/produkt\/raw-kingsize-slim\/","og_site_name":"Kicka","article_modified_time":"2025-11-02T01:15:55+00:00","og_image":[{"width":850,"height":850,"url":"https:\/\/kicka.eu\/wp-content\/uploads\/2022\/03\/RL1028.jpeg","type":"image\/jpeg"}],"twitter_card":"summary_large_image","schema":{"@context":"https:\/\/schema.org","@graph":[{"@type":"WebPage","@id":"https:\/\/kicka.eu\/da\/produkt\/raw-kingsize-slim\/","url":"https:\/\/kicka.eu\/da\/produkt\/raw-kingsize-slim\/","name":"Raw Kingsize Slim - Kicka","isPartOf":{"@id":"https:\/\/kicka.eu\/da\/#website"},"primaryImageOfPage":{"@id":"https:\/\/kicka.eu\/da\/produkt\/raw-kingsize-slim\/#primaryimage"},"image":{"@id":"https:\/\/kicka.eu\/da\/produkt\/raw-kingsize-slim\/#primaryimage"},"thumbnailUrl":"https:\/\/kicka.eu\/wp-content\/uploads\/2022\/03\/RL1028.jpeg","datePublished":"2023-05-18T20:27:10+00:00","dateModified":"2025-11-02T01:15:55+00:00","breadcrumb":{"@id":"https:\/\/kicka.eu\/da\/produkt\/raw-kingsize-slim\/#breadcrumb"},"inLanguage":"da-DK","potentialAction":[{"@type":"ReadAction","target":["https:\/\/kicka.eu\/da\/produkt\/raw-kingsize-slim\/"]}]},{"@type":"ImageObject","inLanguage":"da-DK","@id":"https:\/\/kicka.eu\/da\/produkt\/raw-kingsize-slim\/#primaryimage","url":"https:\/\/kicka.eu\/wp-content\/uploads\/2022\/03\/RL1028.jpeg","contentUrl":"https:\/\/kicka.eu\/wp-content\/uploads\/2022\/03\/RL1028.jpeg","width":850,"height":850},{"@type":"BreadcrumbList","@id":"https:\/\/kicka.eu\/da\/produkt\/raw-kingsize-slim\/#breadcrumb","itemListElement":[{"@type":"ListItem","position":1,"name":"Home","item":"https:\/\/kicka.eu\/da\/"},{"@type":"ListItem","position":2,"name":"Shop","item":"https:\/\/kicka.eu\/sv\/shop\/"},{"@type":"ListItem","position":3,"name":"Raw Kingsize Slim"}]},{"@type":"WebSite","@id":"https:\/\/kicka.eu\/da\/#website","url":"https:\/\/kicka.eu\/da\/","name":"Kicka","description":"Online Headshop","publisher":{"@id":"https:\/\/kicka.eu\/da\/#organization"},"potentialAction":[{"@type":"SearchAction","target":{"@type":"EntryPoint","urlTemplate":"https:\/\/kicka.eu\/da\/?s={search_term_string}"},"query-input":"required name=search_term_string"}],"inLanguage":"da-DK"},{"@type":"Organization","@id":"https:\/\/kicka.eu\/da\/#organization","name":"Kicka","url":"https:\/\/kicka.eu\/da\/","logo":{"@type":"ImageObject","inLanguage":"da-DK","@id":"https:\/\/kicka.eu\/da\/#\/schema\/logo\/image\/","url":"https:\/\/kicka.eu\/wp-content\/uploads\/2023\/08\/Kicka-Logo.png","contentUrl":"https:\/\/kicka.eu\/wp-content\/uploads\/2023\/08\/Kicka-Logo.png","width":233,"height":233,"caption":"Kicka"},"image":{"@id":"https:\/\/kicka.eu\/da\/#\/schema\/logo\/image\/"}}]}},"_links":{"self":[{"href":"https:\/\/kicka.eu\/da\/wp-json\/wp\/v2\/product\/41097","targetHints":{"allow":["GET"]}}],"collection":[{"href":"https:\/\/kicka.eu\/da\/wp-json\/wp\/v2\/product"}],"about":[{"href":"https:\/\/kicka.eu\/da\/wp-json\/wp\/v2\/types\/product"}],"replies":[{"embeddable":true,"href":"https:\/\/kicka.eu\/da\/wp-json\/wp\/v2\/comments?post=41097"}],"wp:featuredmedia":[{"embeddable":true,"href":"https:\/\/kicka.eu\/da\/wp-json\/wp\/v2\/media\/555"}],"wp:attachment":[{"href":"https:\/\/kicka.eu\/da\/wp-json\/wp\/v2\/media?parent=41097"}],"wp:term":[{"taxonomy":"product_cat","embeddable":true,"href":"https:\/\/kicka.eu\/da\/wp-json\/wp\/v2\/product_cat?post=41097"},{"taxonomy":"product_tag","embeddable":true,"href":"https:\/\/kicka.eu\/da\/wp-json\/wp\/v2\/product_tag?post=41097"}],"curies":[{"name":"wp","href":"https:\/\/api.w.org\/{rel}","templated":true}]}}