{"id":41090,"date":"2023-05-18T22:27:08","date_gmt":"2023-05-18T20:27:08","guid":{"rendered":"https:\/\/kicka.eu\/product\/raw-12-inch-supernatural\/"},"modified":"2024-01-24T21:01:55","modified_gmt":"2024-01-24T20:01:55","slug":"raw-12-inch-supernatural","status":"publish","type":"product","link":"https:\/\/kicka.eu\/da\/produkt\/raw-12-inch-supernatural\/","title":{"rendered":"Raw 12 Inch Supernatural"},"content":{"rendered":"","protected":false},"excerpt":{"rendered":"<p>RAW \u00a9 Classic Supernatural 12 tums rullande papper \u00e4r ganska m\u00f6jligen de st\u00f6rsta papper vi har sett s\u00e5 du vet att den h\u00e4r \u00e4r f\u00f6r de riktiga speciella tillf\u00e4llen d\u00e4r det kommer att finnas en stor fest i n\u00e4rvaro. Levereras med ett stort gummiband till Securley St\u00e4ng f\u00f6rpackningen n\u00e4r den inte anv\u00e4nds. Det \u00e4r en ren, ren smakande r\u00f6k som b\u00e4st beskrivs som naturligt, l\u00e4tt och rent. Den inneh\u00e5ller en hybridblandning av oblektade (inte klor vitade) fibrer, papperet \u00e4r en genomskinlig naturlig ljusbrun f\u00e4rg. R\u00e5 har ocks\u00e5 eget exklusivt korsm\u00f6nster vattenm\u00e4rke, vilket minimerar k\u00f6rningar och udda brinn av papper f\u00f6r en j\u00e4mnare brinnande r\u00f6kupplevelse. H\u00e5ll dessa vackert genomskinliga papper upp till ljuset och du ser den naturliga f\u00e4rgen och tunnheten hos dessa rullande papper! Ett \u00e4kta hantverkspapper i varje ord av ordet med \u00f6ver 100 \u00e5rs historia h\u00e4llde k\u00e4rleksfullt in i varje paket med naturliga rullande papper.<\/p>\n","protected":false},"featured_media":583,"comment_status":"open","ping_status":"closed","template":"","meta":{"_acf_changed":false,"_et_pb_use_builder":"","_et_pb_old_content":"","_et_gb_content_width":"","om_disable_all_campaigns":false,"_monsterinsights_skip_tracking":false,"_monsterinsights_sitenote_active":false,"_monsterinsights_sitenote_note":"","_monsterinsights_sitenote_category":0,"_uf_show_specific_survey":0,"_uf_disable_surveys":false},"product_cat":[32],"product_tag":[33],"class_list":{"0":"post-41090","1":"product","2":"type-product","3":"status-publish","4":"has-post-thumbnail","6":"product_cat-rullning","7":"product_tag-rullpapper","8":"pa_varumarken-raw","10":"first","11":"instock","12":"taxable","13":"shipping-taxable","14":"purchasable","15":"product-type-simple"},"acf":[],"yoast_head":"<!-- This site is optimized with the Yoast SEO plugin v22.8 - https:\/\/yoast.com\/wordpress\/plugins\/seo\/ -->\n<title>Raw 12 Inch Supernatural - Kicka<\/title>\n<meta name=\"robots\" content=\"index, follow, max-snippet:-1, max-image-preview:large, max-video-preview:-1\" \/>\n<link rel=\"canonical\" href=\"https:\/\/kicka.eu\/da\/produkt\/raw-12-inch-supernatural\/\" \/>\n<meta property=\"og:locale\" content=\"da_DK\" \/>\n<meta property=\"og:type\" content=\"article\" \/>\n<meta property=\"og:title\" content=\"Raw 12 Inch Supernatural - Kicka\" \/>\n<meta property=\"og:description\" content=\"RAW \u00a9 Classic Supernatural 12 tums rullande papper \u00e4r ganska m\u00f6jligen de st\u00f6rsta papper vi har sett s\u00e5 du vet att den h\u00e4r \u00e4r f\u00f6r de riktiga speciella tillf\u00e4llen d\u00e4r det kommer att finnas en stor fest i n\u00e4rvaro. Levereras med ett stort gummiband till Securley St\u00e4ng f\u00f6rpackningen n\u00e4r den inte anv\u00e4nds. Det \u00e4r en ren, ren smakande r\u00f6k som b\u00e4st beskrivs som naturligt, l\u00e4tt och rent. Den inneh\u00e5ller en hybridblandning av oblektade (inte klor vitade) fibrer, papperet \u00e4r en genomskinlig naturlig ljusbrun f\u00e4rg. R\u00e5 har ocks\u00e5 eget exklusivt korsm\u00f6nster vattenm\u00e4rke, vilket minimerar k\u00f6rningar och udda brinn av papper f\u00f6r en j\u00e4mnare brinnande r\u00f6kupplevelse. H\u00e5ll dessa vackert genomskinliga papper upp till ljuset och du ser den naturliga f\u00e4rgen och tunnheten hos dessa rullande papper! Ett \u00e4kta hantverkspapper i varje ord av ordet med \u00f6ver 100 \u00e5rs historia h\u00e4llde k\u00e4rleksfullt in i varje paket med naturliga rullande papper.\" \/>\n<meta property=\"og:url\" content=\"https:\/\/kicka.eu\/da\/produkt\/raw-12-inch-supernatural\/\" \/>\n<meta property=\"og:site_name\" content=\"Kicka\" \/>\n<meta property=\"article:modified_time\" content=\"2024-01-24T20:01:55+00:00\" \/>\n<meta property=\"og:image\" content=\"https:\/\/kicka.eu\/wp-content\/uploads\/2022\/03\/RL2297.jpeg\" \/>\n\t<meta property=\"og:image:width\" content=\"800\" \/>\n\t<meta property=\"og:image:height\" content=\"800\" \/>\n\t<meta property=\"og:image:type\" content=\"image\/jpeg\" \/>\n<meta name=\"twitter:card\" content=\"summary_large_image\" \/>\n<script type=\"application\/ld+json\" class=\"yoast-schema-graph\">{\"@context\":\"https:\/\/schema.org\",\"@graph\":[{\"@type\":\"WebPage\",\"@id\":\"https:\/\/kicka.eu\/da\/produkt\/raw-12-inch-supernatural\/\",\"url\":\"https:\/\/kicka.eu\/da\/produkt\/raw-12-inch-supernatural\/\",\"name\":\"Raw 12 Inch Supernatural - Kicka\",\"isPartOf\":{\"@id\":\"https:\/\/kicka.eu\/da\/#website\"},\"primaryImageOfPage\":{\"@id\":\"https:\/\/kicka.eu\/da\/produkt\/raw-12-inch-supernatural\/#primaryimage\"},\"image\":{\"@id\":\"https:\/\/kicka.eu\/da\/produkt\/raw-12-inch-supernatural\/#primaryimage\"},\"thumbnailUrl\":\"https:\/\/kicka.eu\/wp-content\/uploads\/2022\/03\/RL2297.jpeg\",\"datePublished\":\"2023-05-18T20:27:08+00:00\",\"dateModified\":\"2024-01-24T20:01:55+00:00\",\"breadcrumb\":{\"@id\":\"https:\/\/kicka.eu\/da\/produkt\/raw-12-inch-supernatural\/#breadcrumb\"},\"inLanguage\":\"da-DK\",\"potentialAction\":[{\"@type\":\"ReadAction\",\"target\":[\"https:\/\/kicka.eu\/da\/produkt\/raw-12-inch-supernatural\/\"]}]},{\"@type\":\"ImageObject\",\"inLanguage\":\"da-DK\",\"@id\":\"https:\/\/kicka.eu\/da\/produkt\/raw-12-inch-supernatural\/#primaryimage\",\"url\":\"https:\/\/kicka.eu\/wp-content\/uploads\/2022\/03\/RL2297.jpeg\",\"contentUrl\":\"https:\/\/kicka.eu\/wp-content\/uploads\/2022\/03\/RL2297.jpeg\",\"width\":800,\"height\":800},{\"@type\":\"BreadcrumbList\",\"@id\":\"https:\/\/kicka.eu\/da\/produkt\/raw-12-inch-supernatural\/#breadcrumb\",\"itemListElement\":[{\"@type\":\"ListItem\",\"position\":1,\"name\":\"Home\",\"item\":\"https:\/\/kicka.eu\/da\/\"},{\"@type\":\"ListItem\",\"position\":2,\"name\":\"Shop\",\"item\":\"https:\/\/kicka.eu\/sv\/shop\/\"},{\"@type\":\"ListItem\",\"position\":3,\"name\":\"Raw 12 Inch Supernatural\"}]},{\"@type\":\"WebSite\",\"@id\":\"https:\/\/kicka.eu\/da\/#website\",\"url\":\"https:\/\/kicka.eu\/da\/\",\"name\":\"Kicka\",\"description\":\"Online Headshop\",\"publisher\":{\"@id\":\"https:\/\/kicka.eu\/da\/#organization\"},\"potentialAction\":[{\"@type\":\"SearchAction\",\"target\":{\"@type\":\"EntryPoint\",\"urlTemplate\":\"https:\/\/kicka.eu\/da\/?s={search_term_string}\"},\"query-input\":\"required name=search_term_string\"}],\"inLanguage\":\"da-DK\"},{\"@type\":\"Organization\",\"@id\":\"https:\/\/kicka.eu\/da\/#organization\",\"name\":\"Kicka\",\"url\":\"https:\/\/kicka.eu\/da\/\",\"logo\":{\"@type\":\"ImageObject\",\"inLanguage\":\"da-DK\",\"@id\":\"https:\/\/kicka.eu\/da\/#\/schema\/logo\/image\/\",\"url\":\"https:\/\/kicka.eu\/wp-content\/uploads\/2023\/08\/Kicka-Logo.png\",\"contentUrl\":\"https:\/\/kicka.eu\/wp-content\/uploads\/2023\/08\/Kicka-Logo.png\",\"width\":233,\"height\":233,\"caption\":\"Kicka\"},\"image\":{\"@id\":\"https:\/\/kicka.eu\/da\/#\/schema\/logo\/image\/\"}}]}<\/script>\n<!-- \/ Yoast SEO plugin. -->","yoast_head_json":{"title":"Raw 12 Inch Supernatural - Kicka","robots":{"index":"index","follow":"follow","max-snippet":"max-snippet:-1","max-image-preview":"max-image-preview:large","max-video-preview":"max-video-preview:-1"},"canonical":"https:\/\/kicka.eu\/da\/produkt\/raw-12-inch-supernatural\/","og_locale":"da_DK","og_type":"article","og_title":"Raw 12 Inch Supernatural - Kicka","og_description":"RAW \u00a9 Classic Supernatural 12 tums rullande papper \u00e4r ganska m\u00f6jligen de st\u00f6rsta papper vi har sett s\u00e5 du vet att den h\u00e4r \u00e4r f\u00f6r de riktiga speciella tillf\u00e4llen d\u00e4r det kommer att finnas en stor fest i n\u00e4rvaro. Levereras med ett stort gummiband till Securley St\u00e4ng f\u00f6rpackningen n\u00e4r den inte anv\u00e4nds. Det \u00e4r en ren, ren smakande r\u00f6k som b\u00e4st beskrivs som naturligt, l\u00e4tt och rent. Den inneh\u00e5ller en hybridblandning av oblektade (inte klor vitade) fibrer, papperet \u00e4r en genomskinlig naturlig ljusbrun f\u00e4rg. R\u00e5 har ocks\u00e5 eget exklusivt korsm\u00f6nster vattenm\u00e4rke, vilket minimerar k\u00f6rningar och udda brinn av papper f\u00f6r en j\u00e4mnare brinnande r\u00f6kupplevelse. H\u00e5ll dessa vackert genomskinliga papper upp till ljuset och du ser den naturliga f\u00e4rgen och tunnheten hos dessa rullande papper! Ett \u00e4kta hantverkspapper i varje ord av ordet med \u00f6ver 100 \u00e5rs historia h\u00e4llde k\u00e4rleksfullt in i varje paket med naturliga rullande papper.","og_url":"https:\/\/kicka.eu\/da\/produkt\/raw-12-inch-supernatural\/","og_site_name":"Kicka","article_modified_time":"2024-01-24T20:01:55+00:00","og_image":[{"width":800,"height":800,"url":"https:\/\/kicka.eu\/wp-content\/uploads\/2022\/03\/RL2297.jpeg","type":"image\/jpeg"}],"twitter_card":"summary_large_image","schema":{"@context":"https:\/\/schema.org","@graph":[{"@type":"WebPage","@id":"https:\/\/kicka.eu\/da\/produkt\/raw-12-inch-supernatural\/","url":"https:\/\/kicka.eu\/da\/produkt\/raw-12-inch-supernatural\/","name":"Raw 12 Inch Supernatural - Kicka","isPartOf":{"@id":"https:\/\/kicka.eu\/da\/#website"},"primaryImageOfPage":{"@id":"https:\/\/kicka.eu\/da\/produkt\/raw-12-inch-supernatural\/#primaryimage"},"image":{"@id":"https:\/\/kicka.eu\/da\/produkt\/raw-12-inch-supernatural\/#primaryimage"},"thumbnailUrl":"https:\/\/kicka.eu\/wp-content\/uploads\/2022\/03\/RL2297.jpeg","datePublished":"2023-05-18T20:27:08+00:00","dateModified":"2024-01-24T20:01:55+00:00","breadcrumb":{"@id":"https:\/\/kicka.eu\/da\/produkt\/raw-12-inch-supernatural\/#breadcrumb"},"inLanguage":"da-DK","potentialAction":[{"@type":"ReadAction","target":["https:\/\/kicka.eu\/da\/produkt\/raw-12-inch-supernatural\/"]}]},{"@type":"ImageObject","inLanguage":"da-DK","@id":"https:\/\/kicka.eu\/da\/produkt\/raw-12-inch-supernatural\/#primaryimage","url":"https:\/\/kicka.eu\/wp-content\/uploads\/2022\/03\/RL2297.jpeg","contentUrl":"https:\/\/kicka.eu\/wp-content\/uploads\/2022\/03\/RL2297.jpeg","width":800,"height":800},{"@type":"BreadcrumbList","@id":"https:\/\/kicka.eu\/da\/produkt\/raw-12-inch-supernatural\/#breadcrumb","itemListElement":[{"@type":"ListItem","position":1,"name":"Home","item":"https:\/\/kicka.eu\/da\/"},{"@type":"ListItem","position":2,"name":"Shop","item":"https:\/\/kicka.eu\/sv\/shop\/"},{"@type":"ListItem","position":3,"name":"Raw 12 Inch Supernatural"}]},{"@type":"WebSite","@id":"https:\/\/kicka.eu\/da\/#website","url":"https:\/\/kicka.eu\/da\/","name":"Kicka","description":"Online Headshop","publisher":{"@id":"https:\/\/kicka.eu\/da\/#organization"},"potentialAction":[{"@type":"SearchAction","target":{"@type":"EntryPoint","urlTemplate":"https:\/\/kicka.eu\/da\/?s={search_term_string}"},"query-input":"required name=search_term_string"}],"inLanguage":"da-DK"},{"@type":"Organization","@id":"https:\/\/kicka.eu\/da\/#organization","name":"Kicka","url":"https:\/\/kicka.eu\/da\/","logo":{"@type":"ImageObject","inLanguage":"da-DK","@id":"https:\/\/kicka.eu\/da\/#\/schema\/logo\/image\/","url":"https:\/\/kicka.eu\/wp-content\/uploads\/2023\/08\/Kicka-Logo.png","contentUrl":"https:\/\/kicka.eu\/wp-content\/uploads\/2023\/08\/Kicka-Logo.png","width":233,"height":233,"caption":"Kicka"},"image":{"@id":"https:\/\/kicka.eu\/da\/#\/schema\/logo\/image\/"}}]}},"_links":{"self":[{"href":"https:\/\/kicka.eu\/da\/wp-json\/wp\/v2\/product\/41090","targetHints":{"allow":["GET"]}}],"collection":[{"href":"https:\/\/kicka.eu\/da\/wp-json\/wp\/v2\/product"}],"about":[{"href":"https:\/\/kicka.eu\/da\/wp-json\/wp\/v2\/types\/product"}],"replies":[{"embeddable":true,"href":"https:\/\/kicka.eu\/da\/wp-json\/wp\/v2\/comments?post=41090"}],"wp:featuredmedia":[{"embeddable":true,"href":"https:\/\/kicka.eu\/da\/wp-json\/wp\/v2\/media\/583"}],"wp:attachment":[{"href":"https:\/\/kicka.eu\/da\/wp-json\/wp\/v2\/media?parent=41090"}],"wp:term":[{"taxonomy":"product_cat","embeddable":true,"href":"https:\/\/kicka.eu\/da\/wp-json\/wp\/v2\/product_cat?post=41090"},{"taxonomy":"product_tag","embeddable":true,"href":"https:\/\/kicka.eu\/da\/wp-json\/wp\/v2\/product_tag?post=41090"}],"curies":[{"name":"wp","href":"https:\/\/api.w.org\/{rel}","templated":true}]}}