{"id":41047,"date":"2023-05-18T22:26:59","date_gmt":"2023-05-18T20:26:59","guid":{"rendered":"https:\/\/kicka.eu\/product\/marley-natural-smoked-glass-steamroller\/"},"modified":"2024-01-24T21:08:31","modified_gmt":"2024-01-24T20:08:31","slug":"marley-natural-smoked-glass-steamroller","status":"publish","type":"product","link":"https:\/\/kicka.eu\/da\/produkt\/marley-natural-smoked-glass-steamroller\/","title":{"rendered":"Marley Natural Smoked Glass Steamroller"},"content":{"rendered":"","protected":false},"excerpt":{"rendered":"<p>Steamroller gjord av r\u00f6kt glas av Marley naturligt f\u00f6r r\u00f6kare som l\u00e4ngtar efter sl\u00e5r. Sk\u00e5len \u00e4r konstruerad f\u00f6r enkel laddning. M\u00e5tt 2,5 x 15,8 x 1,9 cm<\/p>\n","protected":false},"featured_media":41345,"comment_status":"open","ping_status":"closed","template":"","meta":{"_acf_changed":false,"_et_pb_use_builder":"","_et_pb_old_content":"","_et_gb_content_width":"","om_disable_all_campaigns":false,"_monsterinsights_skip_tracking":false,"_monsterinsights_sitenote_active":false,"_monsterinsights_sitenote_note":"","_monsterinsights_sitenote_category":0,"_uf_show_specific_survey":0,"_uf_disable_surveys":false},"product_cat":[41],"product_tag":[47],"class_list":{"0":"post-41047","1":"product","2":"type-product","3":"status-publish","4":"has-post-thumbnail","6":"product_cat-glas","7":"product_tag-steamroller","8":"pa_varumarken-marley","10":"first","11":"instock","12":"taxable","13":"shipping-taxable","14":"purchasable","15":"product-type-simple"},"acf":[],"yoast_head":"<!-- This site is optimized with the Yoast SEO plugin v22.8 - https:\/\/yoast.com\/wordpress\/plugins\/seo\/ -->\n<title>Marley Natural Smoked Glass Steamroller - Kicka<\/title>\n<meta name=\"robots\" content=\"index, follow, max-snippet:-1, max-image-preview:large, max-video-preview:-1\" \/>\n<link rel=\"canonical\" href=\"https:\/\/kicka.eu\/da\/produkt\/marley-natural-smoked-glass-steamroller\/\" \/>\n<meta property=\"og:locale\" content=\"da_DK\" \/>\n<meta property=\"og:type\" content=\"article\" \/>\n<meta property=\"og:title\" content=\"Marley Natural Smoked Glass Steamroller - Kicka\" \/>\n<meta property=\"og:description\" content=\"Steamroller gjord av r\u00f6kt glas av Marley naturligt f\u00f6r r\u00f6kare som l\u00e4ngtar efter sl\u00e5r. Sk\u00e5len \u00e4r konstruerad f\u00f6r enkel laddning. M\u00e5tt 2,5 x 15,8 x 1,9 cm\" \/>\n<meta property=\"og:url\" content=\"https:\/\/kicka.eu\/da\/produkt\/marley-natural-smoked-glass-steamroller\/\" \/>\n<meta property=\"og:site_name\" content=\"Kicka\" \/>\n<meta property=\"article:modified_time\" content=\"2024-01-24T20:08:31+00:00\" \/>\n<meta property=\"og:image\" content=\"https:\/\/kicka.eu\/wp-content\/uploads\/2023\/05\/MNsteamroller-Kicka.webp\" \/>\n\t<meta property=\"og:image:width\" content=\"1280\" \/>\n\t<meta property=\"og:image:height\" content=\"1280\" \/>\n\t<meta property=\"og:image:type\" content=\"image\/webp\" \/>\n<meta name=\"twitter:card\" content=\"summary_large_image\" \/>\n<script type=\"application\/ld+json\" class=\"yoast-schema-graph\">{\"@context\":\"https:\/\/schema.org\",\"@graph\":[{\"@type\":\"WebPage\",\"@id\":\"https:\/\/kicka.eu\/da\/produkt\/marley-natural-smoked-glass-steamroller\/\",\"url\":\"https:\/\/kicka.eu\/da\/produkt\/marley-natural-smoked-glass-steamroller\/\",\"name\":\"Marley Natural Smoked Glass Steamroller - Kicka\",\"isPartOf\":{\"@id\":\"https:\/\/kicka.eu\/da\/#website\"},\"primaryImageOfPage\":{\"@id\":\"https:\/\/kicka.eu\/da\/produkt\/marley-natural-smoked-glass-steamroller\/#primaryimage\"},\"image\":{\"@id\":\"https:\/\/kicka.eu\/da\/produkt\/marley-natural-smoked-glass-steamroller\/#primaryimage\"},\"thumbnailUrl\":\"https:\/\/kicka.eu\/wp-content\/uploads\/2023\/05\/MNsteamroller-Kicka.webp\",\"datePublished\":\"2023-05-18T20:26:59+00:00\",\"dateModified\":\"2024-01-24T20:08:31+00:00\",\"breadcrumb\":{\"@id\":\"https:\/\/kicka.eu\/da\/produkt\/marley-natural-smoked-glass-steamroller\/#breadcrumb\"},\"inLanguage\":\"da-DK\",\"potentialAction\":[{\"@type\":\"ReadAction\",\"target\":[\"https:\/\/kicka.eu\/da\/produkt\/marley-natural-smoked-glass-steamroller\/\"]}]},{\"@type\":\"ImageObject\",\"inLanguage\":\"da-DK\",\"@id\":\"https:\/\/kicka.eu\/da\/produkt\/marley-natural-smoked-glass-steamroller\/#primaryimage\",\"url\":\"https:\/\/kicka.eu\/wp-content\/uploads\/2023\/05\/MNsteamroller-Kicka.webp\",\"contentUrl\":\"https:\/\/kicka.eu\/wp-content\/uploads\/2023\/05\/MNsteamroller-Kicka.webp\",\"width\":1280,\"height\":1280},{\"@type\":\"BreadcrumbList\",\"@id\":\"https:\/\/kicka.eu\/da\/produkt\/marley-natural-smoked-glass-steamroller\/#breadcrumb\",\"itemListElement\":[{\"@type\":\"ListItem\",\"position\":1,\"name\":\"Home\",\"item\":\"https:\/\/kicka.eu\/da\/\"},{\"@type\":\"ListItem\",\"position\":2,\"name\":\"Shop\",\"item\":\"https:\/\/kicka.eu\/sv\/shop\/\"},{\"@type\":\"ListItem\",\"position\":3,\"name\":\"Marley Natural Smoked Glass Steamroller\"}]},{\"@type\":\"WebSite\",\"@id\":\"https:\/\/kicka.eu\/da\/#website\",\"url\":\"https:\/\/kicka.eu\/da\/\",\"name\":\"Kicka\",\"description\":\"Online Headshop\",\"publisher\":{\"@id\":\"https:\/\/kicka.eu\/da\/#organization\"},\"potentialAction\":[{\"@type\":\"SearchAction\",\"target\":{\"@type\":\"EntryPoint\",\"urlTemplate\":\"https:\/\/kicka.eu\/da\/?s={search_term_string}\"},\"query-input\":\"required name=search_term_string\"}],\"inLanguage\":\"da-DK\"},{\"@type\":\"Organization\",\"@id\":\"https:\/\/kicka.eu\/da\/#organization\",\"name\":\"Kicka\",\"url\":\"https:\/\/kicka.eu\/da\/\",\"logo\":{\"@type\":\"ImageObject\",\"inLanguage\":\"da-DK\",\"@id\":\"https:\/\/kicka.eu\/da\/#\/schema\/logo\/image\/\",\"url\":\"https:\/\/kicka.eu\/wp-content\/uploads\/2023\/08\/Kicka-Logo.png\",\"contentUrl\":\"https:\/\/kicka.eu\/wp-content\/uploads\/2023\/08\/Kicka-Logo.png\",\"width\":233,\"height\":233,\"caption\":\"Kicka\"},\"image\":{\"@id\":\"https:\/\/kicka.eu\/da\/#\/schema\/logo\/image\/\"}}]}<\/script>\n<!-- \/ Yoast SEO plugin. -->","yoast_head_json":{"title":"Marley Natural Smoked Glass Steamroller - Kicka","robots":{"index":"index","follow":"follow","max-snippet":"max-snippet:-1","max-image-preview":"max-image-preview:large","max-video-preview":"max-video-preview:-1"},"canonical":"https:\/\/kicka.eu\/da\/produkt\/marley-natural-smoked-glass-steamroller\/","og_locale":"da_DK","og_type":"article","og_title":"Marley Natural Smoked Glass Steamroller - Kicka","og_description":"Steamroller gjord av r\u00f6kt glas av Marley naturligt f\u00f6r r\u00f6kare som l\u00e4ngtar efter sl\u00e5r. Sk\u00e5len \u00e4r konstruerad f\u00f6r enkel laddning. M\u00e5tt 2,5 x 15,8 x 1,9 cm","og_url":"https:\/\/kicka.eu\/da\/produkt\/marley-natural-smoked-glass-steamroller\/","og_site_name":"Kicka","article_modified_time":"2024-01-24T20:08:31+00:00","og_image":[{"width":1280,"height":1280,"url":"https:\/\/kicka.eu\/wp-content\/uploads\/2023\/05\/MNsteamroller-Kicka.webp","type":"image\/webp"}],"twitter_card":"summary_large_image","schema":{"@context":"https:\/\/schema.org","@graph":[{"@type":"WebPage","@id":"https:\/\/kicka.eu\/da\/produkt\/marley-natural-smoked-glass-steamroller\/","url":"https:\/\/kicka.eu\/da\/produkt\/marley-natural-smoked-glass-steamroller\/","name":"Marley Natural Smoked Glass Steamroller - Kicka","isPartOf":{"@id":"https:\/\/kicka.eu\/da\/#website"},"primaryImageOfPage":{"@id":"https:\/\/kicka.eu\/da\/produkt\/marley-natural-smoked-glass-steamroller\/#primaryimage"},"image":{"@id":"https:\/\/kicka.eu\/da\/produkt\/marley-natural-smoked-glass-steamroller\/#primaryimage"},"thumbnailUrl":"https:\/\/kicka.eu\/wp-content\/uploads\/2023\/05\/MNsteamroller-Kicka.webp","datePublished":"2023-05-18T20:26:59+00:00","dateModified":"2024-01-24T20:08:31+00:00","breadcrumb":{"@id":"https:\/\/kicka.eu\/da\/produkt\/marley-natural-smoked-glass-steamroller\/#breadcrumb"},"inLanguage":"da-DK","potentialAction":[{"@type":"ReadAction","target":["https:\/\/kicka.eu\/da\/produkt\/marley-natural-smoked-glass-steamroller\/"]}]},{"@type":"ImageObject","inLanguage":"da-DK","@id":"https:\/\/kicka.eu\/da\/produkt\/marley-natural-smoked-glass-steamroller\/#primaryimage","url":"https:\/\/kicka.eu\/wp-content\/uploads\/2023\/05\/MNsteamroller-Kicka.webp","contentUrl":"https:\/\/kicka.eu\/wp-content\/uploads\/2023\/05\/MNsteamroller-Kicka.webp","width":1280,"height":1280},{"@type":"BreadcrumbList","@id":"https:\/\/kicka.eu\/da\/produkt\/marley-natural-smoked-glass-steamroller\/#breadcrumb","itemListElement":[{"@type":"ListItem","position":1,"name":"Home","item":"https:\/\/kicka.eu\/da\/"},{"@type":"ListItem","position":2,"name":"Shop","item":"https:\/\/kicka.eu\/sv\/shop\/"},{"@type":"ListItem","position":3,"name":"Marley Natural Smoked Glass Steamroller"}]},{"@type":"WebSite","@id":"https:\/\/kicka.eu\/da\/#website","url":"https:\/\/kicka.eu\/da\/","name":"Kicka","description":"Online Headshop","publisher":{"@id":"https:\/\/kicka.eu\/da\/#organization"},"potentialAction":[{"@type":"SearchAction","target":{"@type":"EntryPoint","urlTemplate":"https:\/\/kicka.eu\/da\/?s={search_term_string}"},"query-input":"required name=search_term_string"}],"inLanguage":"da-DK"},{"@type":"Organization","@id":"https:\/\/kicka.eu\/da\/#organization","name":"Kicka","url":"https:\/\/kicka.eu\/da\/","logo":{"@type":"ImageObject","inLanguage":"da-DK","@id":"https:\/\/kicka.eu\/da\/#\/schema\/logo\/image\/","url":"https:\/\/kicka.eu\/wp-content\/uploads\/2023\/08\/Kicka-Logo.png","contentUrl":"https:\/\/kicka.eu\/wp-content\/uploads\/2023\/08\/Kicka-Logo.png","width":233,"height":233,"caption":"Kicka"},"image":{"@id":"https:\/\/kicka.eu\/da\/#\/schema\/logo\/image\/"}}]}},"_links":{"self":[{"href":"https:\/\/kicka.eu\/da\/wp-json\/wp\/v2\/product\/41047","targetHints":{"allow":["GET"]}}],"collection":[{"href":"https:\/\/kicka.eu\/da\/wp-json\/wp\/v2\/product"}],"about":[{"href":"https:\/\/kicka.eu\/da\/wp-json\/wp\/v2\/types\/product"}],"replies":[{"embeddable":true,"href":"https:\/\/kicka.eu\/da\/wp-json\/wp\/v2\/comments?post=41047"}],"wp:featuredmedia":[{"embeddable":true,"href":"https:\/\/kicka.eu\/da\/wp-json\/wp\/v2\/media\/41345"}],"wp:attachment":[{"href":"https:\/\/kicka.eu\/da\/wp-json\/wp\/v2\/media?parent=41047"}],"wp:term":[{"taxonomy":"product_cat","embeddable":true,"href":"https:\/\/kicka.eu\/da\/wp-json\/wp\/v2\/product_cat?post=41047"},{"taxonomy":"product_tag","embeddable":true,"href":"https:\/\/kicka.eu\/da\/wp-json\/wp\/v2\/product_tag?post=41047"}],"curies":[{"name":"wp","href":"https:\/\/api.w.org\/{rel}","templated":true}]}}