{"id":41017,"date":"2023-05-18T22:26:52","date_gmt":"2023-05-18T20:26:52","guid":{"rendered":"https:\/\/kicka.eu\/product\/k-haring-taster-gul\/"},"modified":"2024-01-24T21:29:06","modified_gmt":"2024-01-24T20:29:06","slug":"k-haring-taster-gul","status":"publish","type":"product","link":"https:\/\/kicka.eu\/da\/produkt\/k-haring-taster-gul\/","title":{"rendered":"K. Haring Taster Gul"},"content":{"rendered":"","protected":false},"excerpt":{"rendered":"<p>Inspirerad av det globala inflytandet av den legendariska konstn\u00e4ren, Keith Haring, uppvisar K.Haring Taster en palmstorleksdesign med kraftfull konstn\u00e4r. Precis som Harings konstverk \u00e4r denna Flare-Style Taster enkelt men \u00e4nd\u00e5 komplex. Strukturella detaljer inkluderar borosilikatglas, en stor sk\u00e5lkapacitet och en inbyggd askf\u00e5ngare som ger inget annat \u00e4n rent, smakfullt r\u00f6k. Inslagna runt Taster \u00e4r en v\u00e4rmebest\u00e4ndig design som b\u00e4r Haring&#8217;s banbrytande linj\u00e4ser och dj\u00e4rv estetiska. Denna bit \u00e4r klar med den ikoniska K.Haring-logotypen. Tasteren \u00e4r f\u00f6rpackad i en h\u00e5llbar l\u00e5da med skuminsatser. F\u00f6rpackningens v\u00e4ggar \u00e4r utsmyckade med Harings konstverk och signatur.<\/p>\n","protected":false},"featured_media":403,"comment_status":"open","ping_status":"closed","template":"","meta":{"_acf_changed":false,"_et_pb_use_builder":"","_et_pb_old_content":"","_et_gb_content_width":"","om_disable_all_campaigns":false,"_monsterinsights_skip_tracking":false,"_monsterinsights_sitenote_active":false,"_monsterinsights_sitenote_note":"","_monsterinsights_sitenote_category":0,"_uf_show_specific_survey":0,"_uf_disable_surveys":false},"product_cat":[41],"product_tag":[42],"class_list":{"0":"post-41017","1":"product","2":"type-product","3":"status-publish","4":"has-post-thumbnail","6":"product_cat-glas","7":"product_tag-taster","8":"pa_varumarken-k-haring","10":"first","11":"instock","12":"taxable","13":"shipping-taxable","14":"purchasable","15":"product-type-simple"},"acf":[],"yoast_head":"<!-- This site is optimized with the Yoast SEO plugin v22.8 - https:\/\/yoast.com\/wordpress\/plugins\/seo\/ -->\n<title>K. Haring Taster Gul - Kicka<\/title>\n<meta name=\"robots\" content=\"index, follow, max-snippet:-1, max-image-preview:large, max-video-preview:-1\" \/>\n<link rel=\"canonical\" href=\"https:\/\/kicka.eu\/da\/produkt\/k-haring-taster-gul\/\" \/>\n<meta property=\"og:locale\" content=\"da_DK\" \/>\n<meta property=\"og:type\" content=\"article\" \/>\n<meta property=\"og:title\" content=\"K. Haring Taster Gul - Kicka\" \/>\n<meta property=\"og:description\" content=\"Inspirerad av det globala inflytandet av den legendariska konstn\u00e4ren, Keith Haring, uppvisar K.Haring Taster en palmstorleksdesign med kraftfull konstn\u00e4r. Precis som Harings konstverk \u00e4r denna Flare-Style Taster enkelt men \u00e4nd\u00e5 komplex. Strukturella detaljer inkluderar borosilikatglas, en stor sk\u00e5lkapacitet och en inbyggd askf\u00e5ngare som ger inget annat \u00e4n rent, smakfullt r\u00f6k. Inslagna runt Taster \u00e4r en v\u00e4rmebest\u00e4ndig design som b\u00e4r Haring&#039;s banbrytande linj\u00e4ser och dj\u00e4rv estetiska. Denna bit \u00e4r klar med den ikoniska K.Haring-logotypen. Tasteren \u00e4r f\u00f6rpackad i en h\u00e5llbar l\u00e5da med skuminsatser. F\u00f6rpackningens v\u00e4ggar \u00e4r utsmyckade med Harings konstverk och signatur.\" \/>\n<meta property=\"og:url\" content=\"https:\/\/kicka.eu\/da\/produkt\/k-haring-taster-gul\/\" \/>\n<meta property=\"og:site_name\" content=\"Kicka\" \/>\n<meta property=\"article:modified_time\" content=\"2024-01-24T20:29:06+00:00\" \/>\n<meta property=\"og:image\" content=\"https:\/\/kicka.eu\/wp-content\/uploads\/2022\/03\/18819.jpeg\" \/>\n\t<meta property=\"og:image:width\" content=\"800\" \/>\n\t<meta property=\"og:image:height\" content=\"800\" \/>\n\t<meta property=\"og:image:type\" content=\"image\/jpeg\" \/>\n<meta name=\"twitter:card\" content=\"summary_large_image\" \/>\n<script type=\"application\/ld+json\" class=\"yoast-schema-graph\">{\"@context\":\"https:\/\/schema.org\",\"@graph\":[{\"@type\":\"WebPage\",\"@id\":\"https:\/\/kicka.eu\/da\/produkt\/k-haring-taster-gul\/\",\"url\":\"https:\/\/kicka.eu\/da\/produkt\/k-haring-taster-gul\/\",\"name\":\"K. Haring Taster Gul - Kicka\",\"isPartOf\":{\"@id\":\"https:\/\/kicka.eu\/da\/#website\"},\"primaryImageOfPage\":{\"@id\":\"https:\/\/kicka.eu\/da\/produkt\/k-haring-taster-gul\/#primaryimage\"},\"image\":{\"@id\":\"https:\/\/kicka.eu\/da\/produkt\/k-haring-taster-gul\/#primaryimage\"},\"thumbnailUrl\":\"https:\/\/kicka.eu\/wp-content\/uploads\/2022\/03\/18819.jpeg\",\"datePublished\":\"2023-05-18T20:26:52+00:00\",\"dateModified\":\"2024-01-24T20:29:06+00:00\",\"breadcrumb\":{\"@id\":\"https:\/\/kicka.eu\/da\/produkt\/k-haring-taster-gul\/#breadcrumb\"},\"inLanguage\":\"da-DK\",\"potentialAction\":[{\"@type\":\"ReadAction\",\"target\":[\"https:\/\/kicka.eu\/da\/produkt\/k-haring-taster-gul\/\"]}]},{\"@type\":\"ImageObject\",\"inLanguage\":\"da-DK\",\"@id\":\"https:\/\/kicka.eu\/da\/produkt\/k-haring-taster-gul\/#primaryimage\",\"url\":\"https:\/\/kicka.eu\/wp-content\/uploads\/2022\/03\/18819.jpeg\",\"contentUrl\":\"https:\/\/kicka.eu\/wp-content\/uploads\/2022\/03\/18819.jpeg\",\"width\":800,\"height\":800},{\"@type\":\"BreadcrumbList\",\"@id\":\"https:\/\/kicka.eu\/da\/produkt\/k-haring-taster-gul\/#breadcrumb\",\"itemListElement\":[{\"@type\":\"ListItem\",\"position\":1,\"name\":\"Home\",\"item\":\"https:\/\/kicka.eu\/da\/\"},{\"@type\":\"ListItem\",\"position\":2,\"name\":\"Shop\",\"item\":\"https:\/\/kicka.eu\/sv\/shop\/\"},{\"@type\":\"ListItem\",\"position\":3,\"name\":\"K. Haring Taster Gul\"}]},{\"@type\":\"WebSite\",\"@id\":\"https:\/\/kicka.eu\/da\/#website\",\"url\":\"https:\/\/kicka.eu\/da\/\",\"name\":\"Kicka\",\"description\":\"Online Headshop\",\"publisher\":{\"@id\":\"https:\/\/kicka.eu\/da\/#organization\"},\"potentialAction\":[{\"@type\":\"SearchAction\",\"target\":{\"@type\":\"EntryPoint\",\"urlTemplate\":\"https:\/\/kicka.eu\/da\/?s={search_term_string}\"},\"query-input\":\"required name=search_term_string\"}],\"inLanguage\":\"da-DK\"},{\"@type\":\"Organization\",\"@id\":\"https:\/\/kicka.eu\/da\/#organization\",\"name\":\"Kicka\",\"url\":\"https:\/\/kicka.eu\/da\/\",\"logo\":{\"@type\":\"ImageObject\",\"inLanguage\":\"da-DK\",\"@id\":\"https:\/\/kicka.eu\/da\/#\/schema\/logo\/image\/\",\"url\":\"https:\/\/kicka.eu\/wp-content\/uploads\/2023\/08\/Kicka-Logo.png\",\"contentUrl\":\"https:\/\/kicka.eu\/wp-content\/uploads\/2023\/08\/Kicka-Logo.png\",\"width\":233,\"height\":233,\"caption\":\"Kicka\"},\"image\":{\"@id\":\"https:\/\/kicka.eu\/da\/#\/schema\/logo\/image\/\"}}]}<\/script>\n<!-- \/ Yoast SEO plugin. -->","yoast_head_json":{"title":"K. Haring Taster Gul - Kicka","robots":{"index":"index","follow":"follow","max-snippet":"max-snippet:-1","max-image-preview":"max-image-preview:large","max-video-preview":"max-video-preview:-1"},"canonical":"https:\/\/kicka.eu\/da\/produkt\/k-haring-taster-gul\/","og_locale":"da_DK","og_type":"article","og_title":"K. Haring Taster Gul - Kicka","og_description":"Inspirerad av det globala inflytandet av den legendariska konstn\u00e4ren, Keith Haring, uppvisar K.Haring Taster en palmstorleksdesign med kraftfull konstn\u00e4r. Precis som Harings konstverk \u00e4r denna Flare-Style Taster enkelt men \u00e4nd\u00e5 komplex. Strukturella detaljer inkluderar borosilikatglas, en stor sk\u00e5lkapacitet och en inbyggd askf\u00e5ngare som ger inget annat \u00e4n rent, smakfullt r\u00f6k. Inslagna runt Taster \u00e4r en v\u00e4rmebest\u00e4ndig design som b\u00e4r Haring's banbrytande linj\u00e4ser och dj\u00e4rv estetiska. Denna bit \u00e4r klar med den ikoniska K.Haring-logotypen. Tasteren \u00e4r f\u00f6rpackad i en h\u00e5llbar l\u00e5da med skuminsatser. F\u00f6rpackningens v\u00e4ggar \u00e4r utsmyckade med Harings konstverk och signatur.","og_url":"https:\/\/kicka.eu\/da\/produkt\/k-haring-taster-gul\/","og_site_name":"Kicka","article_modified_time":"2024-01-24T20:29:06+00:00","og_image":[{"width":800,"height":800,"url":"https:\/\/kicka.eu\/wp-content\/uploads\/2022\/03\/18819.jpeg","type":"image\/jpeg"}],"twitter_card":"summary_large_image","schema":{"@context":"https:\/\/schema.org","@graph":[{"@type":"WebPage","@id":"https:\/\/kicka.eu\/da\/produkt\/k-haring-taster-gul\/","url":"https:\/\/kicka.eu\/da\/produkt\/k-haring-taster-gul\/","name":"K. Haring Taster Gul - Kicka","isPartOf":{"@id":"https:\/\/kicka.eu\/da\/#website"},"primaryImageOfPage":{"@id":"https:\/\/kicka.eu\/da\/produkt\/k-haring-taster-gul\/#primaryimage"},"image":{"@id":"https:\/\/kicka.eu\/da\/produkt\/k-haring-taster-gul\/#primaryimage"},"thumbnailUrl":"https:\/\/kicka.eu\/wp-content\/uploads\/2022\/03\/18819.jpeg","datePublished":"2023-05-18T20:26:52+00:00","dateModified":"2024-01-24T20:29:06+00:00","breadcrumb":{"@id":"https:\/\/kicka.eu\/da\/produkt\/k-haring-taster-gul\/#breadcrumb"},"inLanguage":"da-DK","potentialAction":[{"@type":"ReadAction","target":["https:\/\/kicka.eu\/da\/produkt\/k-haring-taster-gul\/"]}]},{"@type":"ImageObject","inLanguage":"da-DK","@id":"https:\/\/kicka.eu\/da\/produkt\/k-haring-taster-gul\/#primaryimage","url":"https:\/\/kicka.eu\/wp-content\/uploads\/2022\/03\/18819.jpeg","contentUrl":"https:\/\/kicka.eu\/wp-content\/uploads\/2022\/03\/18819.jpeg","width":800,"height":800},{"@type":"BreadcrumbList","@id":"https:\/\/kicka.eu\/da\/produkt\/k-haring-taster-gul\/#breadcrumb","itemListElement":[{"@type":"ListItem","position":1,"name":"Home","item":"https:\/\/kicka.eu\/da\/"},{"@type":"ListItem","position":2,"name":"Shop","item":"https:\/\/kicka.eu\/sv\/shop\/"},{"@type":"ListItem","position":3,"name":"K. Haring Taster Gul"}]},{"@type":"WebSite","@id":"https:\/\/kicka.eu\/da\/#website","url":"https:\/\/kicka.eu\/da\/","name":"Kicka","description":"Online Headshop","publisher":{"@id":"https:\/\/kicka.eu\/da\/#organization"},"potentialAction":[{"@type":"SearchAction","target":{"@type":"EntryPoint","urlTemplate":"https:\/\/kicka.eu\/da\/?s={search_term_string}"},"query-input":"required name=search_term_string"}],"inLanguage":"da-DK"},{"@type":"Organization","@id":"https:\/\/kicka.eu\/da\/#organization","name":"Kicka","url":"https:\/\/kicka.eu\/da\/","logo":{"@type":"ImageObject","inLanguage":"da-DK","@id":"https:\/\/kicka.eu\/da\/#\/schema\/logo\/image\/","url":"https:\/\/kicka.eu\/wp-content\/uploads\/2023\/08\/Kicka-Logo.png","contentUrl":"https:\/\/kicka.eu\/wp-content\/uploads\/2023\/08\/Kicka-Logo.png","width":233,"height":233,"caption":"Kicka"},"image":{"@id":"https:\/\/kicka.eu\/da\/#\/schema\/logo\/image\/"}}]}},"_links":{"self":[{"href":"https:\/\/kicka.eu\/da\/wp-json\/wp\/v2\/product\/41017","targetHints":{"allow":["GET"]}}],"collection":[{"href":"https:\/\/kicka.eu\/da\/wp-json\/wp\/v2\/product"}],"about":[{"href":"https:\/\/kicka.eu\/da\/wp-json\/wp\/v2\/types\/product"}],"replies":[{"embeddable":true,"href":"https:\/\/kicka.eu\/da\/wp-json\/wp\/v2\/comments?post=41017"}],"wp:featuredmedia":[{"embeddable":true,"href":"https:\/\/kicka.eu\/da\/wp-json\/wp\/v2\/media\/403"}],"wp:attachment":[{"href":"https:\/\/kicka.eu\/da\/wp-json\/wp\/v2\/media?parent=41017"}],"wp:term":[{"taxonomy":"product_cat","embeddable":true,"href":"https:\/\/kicka.eu\/da\/wp-json\/wp\/v2\/product_cat?post=41017"},{"taxonomy":"product_tag","embeddable":true,"href":"https:\/\/kicka.eu\/da\/wp-json\/wp\/v2\/product_tag?post=41017"}],"curies":[{"name":"wp","href":"https:\/\/api.w.org\/{rel}","templated":true}]}}