{"id":40996,"date":"2023-05-18T22:26:48","date_gmt":"2023-05-18T20:26:48","guid":{"rendered":"https:\/\/kicka.eu\/product\/jonathan-adler-x-higher-standards-hash-catchall\/"},"modified":"2024-01-24T21:35:45","modified_gmt":"2024-01-24T20:35:45","slug":"jonathan-adler-x-higher-standards-hash-catchall","status":"publish","type":"product","link":"https:\/\/kicka.eu\/da\/produkt\/jonathan-adler-x-higher-standards-hash-catchall\/","title":{"rendered":"Jonathan Adler X Higher Standards Hash Catchall"},"content":{"rendered":"","protected":false},"excerpt":{"rendered":"<p>Porslin Catchall med graverad cannabisbladdesign av Jonathan Adler f\u00f6r h\u00f6gre standarder. Denna eleganta catchall ser bra ut p\u00e5 n\u00e5got bord och kan anv\u00e4ndas f\u00f6r att placera sm\u00e5 f\u00f6rem\u00e5l eller som askkopp. Funktioner Diameter: 10,2 cm H\u00f6jd: 3.2 cm H\u00f6gfyrade porslin Handgjorda On-Glaze Design Slitstarkt och v\u00e4rmebest\u00e4ndig handtv\u00e4tt<\/p>\n","protected":false},"featured_media":345,"comment_status":"open","ping_status":"closed","template":"","meta":{"_acf_changed":false,"_et_pb_use_builder":"","_et_pb_old_content":"","_et_gb_content_width":"","om_disable_all_campaigns":false,"_monsterinsights_skip_tracking":false,"_monsterinsights_sitenote_active":false,"_monsterinsights_sitenote_note":"","_monsterinsights_sitenote_category":0,"_uf_show_specific_survey":0,"_uf_disable_surveys":false},"product_cat":[30],"product_tag":[49],"class_list":{"0":"post-40996","1":"product","2":"type-product","3":"status-publish","4":"has-post-thumbnail","6":"product_cat-tillbehor","7":"product_tag-askfat","8":"pa_varumarken-higher-standards","10":"first","11":"onbackorder","12":"taxable","13":"shipping-taxable","14":"purchasable","15":"product-type-simple"},"acf":[],"yoast_head":"<!-- This site is optimized with the Yoast SEO plugin v22.8 - https:\/\/yoast.com\/wordpress\/plugins\/seo\/ -->\n<title>Jonathan Adler X Higher Standards Hash Catchall - Kicka<\/title>\n<meta name=\"robots\" content=\"index, follow, max-snippet:-1, max-image-preview:large, max-video-preview:-1\" \/>\n<link rel=\"canonical\" href=\"https:\/\/kicka.eu\/da\/produkt\/jonathan-adler-x-higher-standards-hash-catchall\/\" \/>\n<meta property=\"og:locale\" content=\"da_DK\" \/>\n<meta property=\"og:type\" content=\"article\" \/>\n<meta property=\"og:title\" content=\"Jonathan Adler X Higher Standards Hash Catchall - Kicka\" \/>\n<meta property=\"og:description\" content=\"Porslin Catchall med graverad cannabisbladdesign av Jonathan Adler f\u00f6r h\u00f6gre standarder. Denna eleganta catchall ser bra ut p\u00e5 n\u00e5got bord och kan anv\u00e4ndas f\u00f6r att placera sm\u00e5 f\u00f6rem\u00e5l eller som askkopp. Funktioner Diameter: 10,2 cm H\u00f6jd: 3.2 cm H\u00f6gfyrade porslin Handgjorda On-Glaze Design Slitstarkt och v\u00e4rmebest\u00e4ndig handtv\u00e4tt\" \/>\n<meta property=\"og:url\" content=\"https:\/\/kicka.eu\/da\/produkt\/jonathan-adler-x-higher-standards-hash-catchall\/\" \/>\n<meta property=\"og:site_name\" content=\"Kicka\" \/>\n<meta property=\"article:modified_time\" content=\"2024-01-24T20:35:45+00:00\" \/>\n<meta property=\"og:image\" content=\"https:\/\/kicka.eu\/wp-content\/uploads\/2022\/03\/16729.jpeg\" \/>\n\t<meta property=\"og:image:width\" content=\"800\" \/>\n\t<meta property=\"og:image:height\" content=\"800\" \/>\n\t<meta property=\"og:image:type\" content=\"image\/jpeg\" \/>\n<meta name=\"twitter:card\" content=\"summary_large_image\" \/>\n<script type=\"application\/ld+json\" class=\"yoast-schema-graph\">{\"@context\":\"https:\/\/schema.org\",\"@graph\":[{\"@type\":\"WebPage\",\"@id\":\"https:\/\/kicka.eu\/da\/produkt\/jonathan-adler-x-higher-standards-hash-catchall\/\",\"url\":\"https:\/\/kicka.eu\/da\/produkt\/jonathan-adler-x-higher-standards-hash-catchall\/\",\"name\":\"Jonathan Adler X Higher Standards Hash Catchall - Kicka\",\"isPartOf\":{\"@id\":\"https:\/\/kicka.eu\/da\/#website\"},\"primaryImageOfPage\":{\"@id\":\"https:\/\/kicka.eu\/da\/produkt\/jonathan-adler-x-higher-standards-hash-catchall\/#primaryimage\"},\"image\":{\"@id\":\"https:\/\/kicka.eu\/da\/produkt\/jonathan-adler-x-higher-standards-hash-catchall\/#primaryimage\"},\"thumbnailUrl\":\"https:\/\/kicka.eu\/wp-content\/uploads\/2022\/03\/16729.jpeg\",\"datePublished\":\"2023-05-18T20:26:48+00:00\",\"dateModified\":\"2024-01-24T20:35:45+00:00\",\"breadcrumb\":{\"@id\":\"https:\/\/kicka.eu\/da\/produkt\/jonathan-adler-x-higher-standards-hash-catchall\/#breadcrumb\"},\"inLanguage\":\"da-DK\",\"potentialAction\":[{\"@type\":\"ReadAction\",\"target\":[\"https:\/\/kicka.eu\/da\/produkt\/jonathan-adler-x-higher-standards-hash-catchall\/\"]}]},{\"@type\":\"ImageObject\",\"inLanguage\":\"da-DK\",\"@id\":\"https:\/\/kicka.eu\/da\/produkt\/jonathan-adler-x-higher-standards-hash-catchall\/#primaryimage\",\"url\":\"https:\/\/kicka.eu\/wp-content\/uploads\/2022\/03\/16729.jpeg\",\"contentUrl\":\"https:\/\/kicka.eu\/wp-content\/uploads\/2022\/03\/16729.jpeg\",\"width\":800,\"height\":800},{\"@type\":\"BreadcrumbList\",\"@id\":\"https:\/\/kicka.eu\/da\/produkt\/jonathan-adler-x-higher-standards-hash-catchall\/#breadcrumb\",\"itemListElement\":[{\"@type\":\"ListItem\",\"position\":1,\"name\":\"Home\",\"item\":\"https:\/\/kicka.eu\/da\/\"},{\"@type\":\"ListItem\",\"position\":2,\"name\":\"Shop\",\"item\":\"https:\/\/kicka.eu\/sv\/shop\/\"},{\"@type\":\"ListItem\",\"position\":3,\"name\":\"Jonathan Adler X Higher Standards Hash Catchall\"}]},{\"@type\":\"WebSite\",\"@id\":\"https:\/\/kicka.eu\/da\/#website\",\"url\":\"https:\/\/kicka.eu\/da\/\",\"name\":\"Kicka\",\"description\":\"Online Headshop\",\"publisher\":{\"@id\":\"https:\/\/kicka.eu\/da\/#organization\"},\"potentialAction\":[{\"@type\":\"SearchAction\",\"target\":{\"@type\":\"EntryPoint\",\"urlTemplate\":\"https:\/\/kicka.eu\/da\/?s={search_term_string}\"},\"query-input\":\"required name=search_term_string\"}],\"inLanguage\":\"da-DK\"},{\"@type\":\"Organization\",\"@id\":\"https:\/\/kicka.eu\/da\/#organization\",\"name\":\"Kicka\",\"url\":\"https:\/\/kicka.eu\/da\/\",\"logo\":{\"@type\":\"ImageObject\",\"inLanguage\":\"da-DK\",\"@id\":\"https:\/\/kicka.eu\/da\/#\/schema\/logo\/image\/\",\"url\":\"https:\/\/kicka.eu\/wp-content\/uploads\/2023\/08\/Kicka-Logo.png\",\"contentUrl\":\"https:\/\/kicka.eu\/wp-content\/uploads\/2023\/08\/Kicka-Logo.png\",\"width\":233,\"height\":233,\"caption\":\"Kicka\"},\"image\":{\"@id\":\"https:\/\/kicka.eu\/da\/#\/schema\/logo\/image\/\"}}]}<\/script>\n<!-- \/ Yoast SEO plugin. -->","yoast_head_json":{"title":"Jonathan Adler X Higher Standards Hash Catchall - Kicka","robots":{"index":"index","follow":"follow","max-snippet":"max-snippet:-1","max-image-preview":"max-image-preview:large","max-video-preview":"max-video-preview:-1"},"canonical":"https:\/\/kicka.eu\/da\/produkt\/jonathan-adler-x-higher-standards-hash-catchall\/","og_locale":"da_DK","og_type":"article","og_title":"Jonathan Adler X Higher Standards Hash Catchall - Kicka","og_description":"Porslin Catchall med graverad cannabisbladdesign av Jonathan Adler f\u00f6r h\u00f6gre standarder. Denna eleganta catchall ser bra ut p\u00e5 n\u00e5got bord och kan anv\u00e4ndas f\u00f6r att placera sm\u00e5 f\u00f6rem\u00e5l eller som askkopp. Funktioner Diameter: 10,2 cm H\u00f6jd: 3.2 cm H\u00f6gfyrade porslin Handgjorda On-Glaze Design Slitstarkt och v\u00e4rmebest\u00e4ndig handtv\u00e4tt","og_url":"https:\/\/kicka.eu\/da\/produkt\/jonathan-adler-x-higher-standards-hash-catchall\/","og_site_name":"Kicka","article_modified_time":"2024-01-24T20:35:45+00:00","og_image":[{"width":800,"height":800,"url":"https:\/\/kicka.eu\/wp-content\/uploads\/2022\/03\/16729.jpeg","type":"image\/jpeg"}],"twitter_card":"summary_large_image","schema":{"@context":"https:\/\/schema.org","@graph":[{"@type":"WebPage","@id":"https:\/\/kicka.eu\/da\/produkt\/jonathan-adler-x-higher-standards-hash-catchall\/","url":"https:\/\/kicka.eu\/da\/produkt\/jonathan-adler-x-higher-standards-hash-catchall\/","name":"Jonathan Adler X Higher Standards Hash Catchall - Kicka","isPartOf":{"@id":"https:\/\/kicka.eu\/da\/#website"},"primaryImageOfPage":{"@id":"https:\/\/kicka.eu\/da\/produkt\/jonathan-adler-x-higher-standards-hash-catchall\/#primaryimage"},"image":{"@id":"https:\/\/kicka.eu\/da\/produkt\/jonathan-adler-x-higher-standards-hash-catchall\/#primaryimage"},"thumbnailUrl":"https:\/\/kicka.eu\/wp-content\/uploads\/2022\/03\/16729.jpeg","datePublished":"2023-05-18T20:26:48+00:00","dateModified":"2024-01-24T20:35:45+00:00","breadcrumb":{"@id":"https:\/\/kicka.eu\/da\/produkt\/jonathan-adler-x-higher-standards-hash-catchall\/#breadcrumb"},"inLanguage":"da-DK","potentialAction":[{"@type":"ReadAction","target":["https:\/\/kicka.eu\/da\/produkt\/jonathan-adler-x-higher-standards-hash-catchall\/"]}]},{"@type":"ImageObject","inLanguage":"da-DK","@id":"https:\/\/kicka.eu\/da\/produkt\/jonathan-adler-x-higher-standards-hash-catchall\/#primaryimage","url":"https:\/\/kicka.eu\/wp-content\/uploads\/2022\/03\/16729.jpeg","contentUrl":"https:\/\/kicka.eu\/wp-content\/uploads\/2022\/03\/16729.jpeg","width":800,"height":800},{"@type":"BreadcrumbList","@id":"https:\/\/kicka.eu\/da\/produkt\/jonathan-adler-x-higher-standards-hash-catchall\/#breadcrumb","itemListElement":[{"@type":"ListItem","position":1,"name":"Home","item":"https:\/\/kicka.eu\/da\/"},{"@type":"ListItem","position":2,"name":"Shop","item":"https:\/\/kicka.eu\/sv\/shop\/"},{"@type":"ListItem","position":3,"name":"Jonathan Adler X Higher Standards Hash Catchall"}]},{"@type":"WebSite","@id":"https:\/\/kicka.eu\/da\/#website","url":"https:\/\/kicka.eu\/da\/","name":"Kicka","description":"Online Headshop","publisher":{"@id":"https:\/\/kicka.eu\/da\/#organization"},"potentialAction":[{"@type":"SearchAction","target":{"@type":"EntryPoint","urlTemplate":"https:\/\/kicka.eu\/da\/?s={search_term_string}"},"query-input":"required name=search_term_string"}],"inLanguage":"da-DK"},{"@type":"Organization","@id":"https:\/\/kicka.eu\/da\/#organization","name":"Kicka","url":"https:\/\/kicka.eu\/da\/","logo":{"@type":"ImageObject","inLanguage":"da-DK","@id":"https:\/\/kicka.eu\/da\/#\/schema\/logo\/image\/","url":"https:\/\/kicka.eu\/wp-content\/uploads\/2023\/08\/Kicka-Logo.png","contentUrl":"https:\/\/kicka.eu\/wp-content\/uploads\/2023\/08\/Kicka-Logo.png","width":233,"height":233,"caption":"Kicka"},"image":{"@id":"https:\/\/kicka.eu\/da\/#\/schema\/logo\/image\/"}}]}},"_links":{"self":[{"href":"https:\/\/kicka.eu\/da\/wp-json\/wp\/v2\/product\/40996","targetHints":{"allow":["GET"]}}],"collection":[{"href":"https:\/\/kicka.eu\/da\/wp-json\/wp\/v2\/product"}],"about":[{"href":"https:\/\/kicka.eu\/da\/wp-json\/wp\/v2\/types\/product"}],"replies":[{"embeddable":true,"href":"https:\/\/kicka.eu\/da\/wp-json\/wp\/v2\/comments?post=40996"}],"wp:featuredmedia":[{"embeddable":true,"href":"https:\/\/kicka.eu\/da\/wp-json\/wp\/v2\/media\/345"}],"wp:attachment":[{"href":"https:\/\/kicka.eu\/da\/wp-json\/wp\/v2\/media?parent=40996"}],"wp:term":[{"taxonomy":"product_cat","embeddable":true,"href":"https:\/\/kicka.eu\/da\/wp-json\/wp\/v2\/product_cat?post=40996"},{"taxonomy":"product_tag","embeddable":true,"href":"https:\/\/kicka.eu\/da\/wp-json\/wp\/v2\/product_tag?post=40996"}],"curies":[{"name":"wp","href":"https:\/\/api.w.org\/{rel}","templated":true}]}}