{"id":40965,"date":"2023-05-18T22:26:41","date_gmt":"2023-05-18T20:26:41","guid":{"rendered":"https:\/\/kicka.eu\/product\/grinder-vibes-x-aerospaced-2-delar-guld\/"},"modified":"2023-06-25T17:00:58","modified_gmt":"2023-06-25T15:00:58","slug":"grinder-vibes-x-aerospaced-2-delar-guld","status":"publish","type":"product","link":"https:\/\/kicka.eu\/da\/produkt\/grinder-vibes-x-aerospaced-2-delar-guld\/","title":{"rendered":"Grinder Vibes X Aerospaced 2-Delar Guld"},"content":{"rendered":"","protected":false},"excerpt":{"rendered":"<p>Maled fr\u00e5n 6061 Aircraft-aluminium, de l\u00e4tta och slitstarka viberna X-aerospaced 2-bitars kvarn har varit precision-konstruerad f\u00f6r en s\u00f6ml\u00f6s slipning. Funktioner Razor-Sharp, Diamantformade t\u00e4nder Anodiserad Sl\u00e4t Finish Integrated Pollen Catcher &#038; Scraper Optimerad Dubbel-ledning Growing Magnetisk lock Precision-Balanserad huvud H\u00f6gh\u00e5llfast Neodymmagneter Diameter: 6,35 cm<\/p>\n","protected":false},"featured_media":366,"comment_status":"open","ping_status":"closed","template":"","meta":{"_acf_changed":false,"_et_pb_use_builder":"","_et_pb_old_content":"","_et_gb_content_width":"","om_disable_all_campaigns":false,"_monsterinsights_skip_tracking":false,"_monsterinsights_sitenote_active":false,"_monsterinsights_sitenote_note":"","_monsterinsights_sitenote_category":0,"_uf_show_specific_survey":0,"_uf_disable_surveys":false},"product_cat":[30],"product_tag":[39],"class_list":{"0":"post-40965","1":"product","2":"type-product","3":"status-publish","4":"has-post-thumbnail","6":"product_cat-tillbehor","7":"product_tag-grinders","8":"pa_varumarken-higher-standards","9":"pa_varumarken-vibes","11":"first","12":"instock","13":"taxable","14":"shipping-taxable","15":"purchasable","16":"product-type-simple"},"acf":[],"yoast_head":"<!-- This site is optimized with the Yoast SEO plugin v22.8 - https:\/\/yoast.com\/wordpress\/plugins\/seo\/ -->\n<title>Grinder Vibes X Aerospaced 2-Delar Guld - Kicka<\/title>\n<meta name=\"robots\" content=\"index, follow, max-snippet:-1, max-image-preview:large, max-video-preview:-1\" \/>\n<link rel=\"canonical\" href=\"https:\/\/kicka.eu\/da\/produkt\/grinder-vibes-x-aerospaced-2-delar-guld\/\" \/>\n<meta property=\"og:locale\" content=\"da_DK\" \/>\n<meta property=\"og:type\" content=\"article\" \/>\n<meta property=\"og:title\" content=\"Grinder Vibes X Aerospaced 2-Delar Guld - Kicka\" \/>\n<meta property=\"og:description\" content=\"Maled fr\u00e5n 6061 Aircraft-aluminium, de l\u00e4tta och slitstarka viberna X-aerospaced 2-bitars kvarn har varit precision-konstruerad f\u00f6r en s\u00f6ml\u00f6s slipning. Funktioner Razor-Sharp, Diamantformade t\u00e4nder Anodiserad Sl\u00e4t Finish Integrated Pollen Catcher &amp; Scraper Optimerad Dubbel-ledning Growing Magnetisk lock Precision-Balanserad huvud H\u00f6gh\u00e5llfast Neodymmagneter Diameter: 6,35 cm\" \/>\n<meta property=\"og:url\" content=\"https:\/\/kicka.eu\/da\/produkt\/grinder-vibes-x-aerospaced-2-delar-guld\/\" \/>\n<meta property=\"og:site_name\" content=\"Kicka\" \/>\n<meta property=\"article:modified_time\" content=\"2023-06-25T15:00:58+00:00\" \/>\n<meta property=\"og:image\" content=\"https:\/\/kicka.eu\/wp-content\/uploads\/2022\/03\/16852.jpeg\" \/>\n\t<meta property=\"og:image:width\" content=\"800\" \/>\n\t<meta property=\"og:image:height\" content=\"800\" \/>\n\t<meta property=\"og:image:type\" content=\"image\/jpeg\" \/>\n<meta name=\"twitter:card\" content=\"summary_large_image\" \/>\n<script type=\"application\/ld+json\" class=\"yoast-schema-graph\">{\"@context\":\"https:\/\/schema.org\",\"@graph\":[{\"@type\":\"WebPage\",\"@id\":\"https:\/\/kicka.eu\/da\/produkt\/grinder-vibes-x-aerospaced-2-delar-guld\/\",\"url\":\"https:\/\/kicka.eu\/da\/produkt\/grinder-vibes-x-aerospaced-2-delar-guld\/\",\"name\":\"Grinder Vibes X Aerospaced 2-Delar Guld - Kicka\",\"isPartOf\":{\"@id\":\"https:\/\/kicka.eu\/da\/#website\"},\"primaryImageOfPage\":{\"@id\":\"https:\/\/kicka.eu\/da\/produkt\/grinder-vibes-x-aerospaced-2-delar-guld\/#primaryimage\"},\"image\":{\"@id\":\"https:\/\/kicka.eu\/da\/produkt\/grinder-vibes-x-aerospaced-2-delar-guld\/#primaryimage\"},\"thumbnailUrl\":\"https:\/\/kicka.eu\/wp-content\/uploads\/2022\/03\/16852.jpeg\",\"datePublished\":\"2023-05-18T20:26:41+00:00\",\"dateModified\":\"2023-06-25T15:00:58+00:00\",\"breadcrumb\":{\"@id\":\"https:\/\/kicka.eu\/da\/produkt\/grinder-vibes-x-aerospaced-2-delar-guld\/#breadcrumb\"},\"inLanguage\":\"da-DK\",\"potentialAction\":[{\"@type\":\"ReadAction\",\"target\":[\"https:\/\/kicka.eu\/da\/produkt\/grinder-vibes-x-aerospaced-2-delar-guld\/\"]}]},{\"@type\":\"ImageObject\",\"inLanguage\":\"da-DK\",\"@id\":\"https:\/\/kicka.eu\/da\/produkt\/grinder-vibes-x-aerospaced-2-delar-guld\/#primaryimage\",\"url\":\"https:\/\/kicka.eu\/wp-content\/uploads\/2022\/03\/16852.jpeg\",\"contentUrl\":\"https:\/\/kicka.eu\/wp-content\/uploads\/2022\/03\/16852.jpeg\",\"width\":800,\"height\":800},{\"@type\":\"BreadcrumbList\",\"@id\":\"https:\/\/kicka.eu\/da\/produkt\/grinder-vibes-x-aerospaced-2-delar-guld\/#breadcrumb\",\"itemListElement\":[{\"@type\":\"ListItem\",\"position\":1,\"name\":\"Home\",\"item\":\"https:\/\/kicka.eu\/da\/\"},{\"@type\":\"ListItem\",\"position\":2,\"name\":\"Shop\",\"item\":\"https:\/\/kicka.eu\/sv\/shop\/\"},{\"@type\":\"ListItem\",\"position\":3,\"name\":\"Grinder Vibes X Aerospaced 2-Delar Guld\"}]},{\"@type\":\"WebSite\",\"@id\":\"https:\/\/kicka.eu\/da\/#website\",\"url\":\"https:\/\/kicka.eu\/da\/\",\"name\":\"Kicka\",\"description\":\"Online Headshop\",\"publisher\":{\"@id\":\"https:\/\/kicka.eu\/da\/#organization\"},\"potentialAction\":[{\"@type\":\"SearchAction\",\"target\":{\"@type\":\"EntryPoint\",\"urlTemplate\":\"https:\/\/kicka.eu\/da\/?s={search_term_string}\"},\"query-input\":\"required name=search_term_string\"}],\"inLanguage\":\"da-DK\"},{\"@type\":\"Organization\",\"@id\":\"https:\/\/kicka.eu\/da\/#organization\",\"name\":\"Kicka\",\"url\":\"https:\/\/kicka.eu\/da\/\",\"logo\":{\"@type\":\"ImageObject\",\"inLanguage\":\"da-DK\",\"@id\":\"https:\/\/kicka.eu\/da\/#\/schema\/logo\/image\/\",\"url\":\"https:\/\/kicka.eu\/wp-content\/uploads\/2023\/08\/Kicka-Logo.png\",\"contentUrl\":\"https:\/\/kicka.eu\/wp-content\/uploads\/2023\/08\/Kicka-Logo.png\",\"width\":233,\"height\":233,\"caption\":\"Kicka\"},\"image\":{\"@id\":\"https:\/\/kicka.eu\/da\/#\/schema\/logo\/image\/\"}}]}<\/script>\n<!-- \/ Yoast SEO plugin. -->","yoast_head_json":{"title":"Grinder Vibes X Aerospaced 2-Delar Guld - Kicka","robots":{"index":"index","follow":"follow","max-snippet":"max-snippet:-1","max-image-preview":"max-image-preview:large","max-video-preview":"max-video-preview:-1"},"canonical":"https:\/\/kicka.eu\/da\/produkt\/grinder-vibes-x-aerospaced-2-delar-guld\/","og_locale":"da_DK","og_type":"article","og_title":"Grinder Vibes X Aerospaced 2-Delar Guld - Kicka","og_description":"Maled fr\u00e5n 6061 Aircraft-aluminium, de l\u00e4tta och slitstarka viberna X-aerospaced 2-bitars kvarn har varit precision-konstruerad f\u00f6r en s\u00f6ml\u00f6s slipning. Funktioner Razor-Sharp, Diamantformade t\u00e4nder Anodiserad Sl\u00e4t Finish Integrated Pollen Catcher & Scraper Optimerad Dubbel-ledning Growing Magnetisk lock Precision-Balanserad huvud H\u00f6gh\u00e5llfast Neodymmagneter Diameter: 6,35 cm","og_url":"https:\/\/kicka.eu\/da\/produkt\/grinder-vibes-x-aerospaced-2-delar-guld\/","og_site_name":"Kicka","article_modified_time":"2023-06-25T15:00:58+00:00","og_image":[{"width":800,"height":800,"url":"https:\/\/kicka.eu\/wp-content\/uploads\/2022\/03\/16852.jpeg","type":"image\/jpeg"}],"twitter_card":"summary_large_image","schema":{"@context":"https:\/\/schema.org","@graph":[{"@type":"WebPage","@id":"https:\/\/kicka.eu\/da\/produkt\/grinder-vibes-x-aerospaced-2-delar-guld\/","url":"https:\/\/kicka.eu\/da\/produkt\/grinder-vibes-x-aerospaced-2-delar-guld\/","name":"Grinder Vibes X Aerospaced 2-Delar Guld - Kicka","isPartOf":{"@id":"https:\/\/kicka.eu\/da\/#website"},"primaryImageOfPage":{"@id":"https:\/\/kicka.eu\/da\/produkt\/grinder-vibes-x-aerospaced-2-delar-guld\/#primaryimage"},"image":{"@id":"https:\/\/kicka.eu\/da\/produkt\/grinder-vibes-x-aerospaced-2-delar-guld\/#primaryimage"},"thumbnailUrl":"https:\/\/kicka.eu\/wp-content\/uploads\/2022\/03\/16852.jpeg","datePublished":"2023-05-18T20:26:41+00:00","dateModified":"2023-06-25T15:00:58+00:00","breadcrumb":{"@id":"https:\/\/kicka.eu\/da\/produkt\/grinder-vibes-x-aerospaced-2-delar-guld\/#breadcrumb"},"inLanguage":"da-DK","potentialAction":[{"@type":"ReadAction","target":["https:\/\/kicka.eu\/da\/produkt\/grinder-vibes-x-aerospaced-2-delar-guld\/"]}]},{"@type":"ImageObject","inLanguage":"da-DK","@id":"https:\/\/kicka.eu\/da\/produkt\/grinder-vibes-x-aerospaced-2-delar-guld\/#primaryimage","url":"https:\/\/kicka.eu\/wp-content\/uploads\/2022\/03\/16852.jpeg","contentUrl":"https:\/\/kicka.eu\/wp-content\/uploads\/2022\/03\/16852.jpeg","width":800,"height":800},{"@type":"BreadcrumbList","@id":"https:\/\/kicka.eu\/da\/produkt\/grinder-vibes-x-aerospaced-2-delar-guld\/#breadcrumb","itemListElement":[{"@type":"ListItem","position":1,"name":"Home","item":"https:\/\/kicka.eu\/da\/"},{"@type":"ListItem","position":2,"name":"Shop","item":"https:\/\/kicka.eu\/sv\/shop\/"},{"@type":"ListItem","position":3,"name":"Grinder Vibes X Aerospaced 2-Delar Guld"}]},{"@type":"WebSite","@id":"https:\/\/kicka.eu\/da\/#website","url":"https:\/\/kicka.eu\/da\/","name":"Kicka","description":"Online Headshop","publisher":{"@id":"https:\/\/kicka.eu\/da\/#organization"},"potentialAction":[{"@type":"SearchAction","target":{"@type":"EntryPoint","urlTemplate":"https:\/\/kicka.eu\/da\/?s={search_term_string}"},"query-input":"required name=search_term_string"}],"inLanguage":"da-DK"},{"@type":"Organization","@id":"https:\/\/kicka.eu\/da\/#organization","name":"Kicka","url":"https:\/\/kicka.eu\/da\/","logo":{"@type":"ImageObject","inLanguage":"da-DK","@id":"https:\/\/kicka.eu\/da\/#\/schema\/logo\/image\/","url":"https:\/\/kicka.eu\/wp-content\/uploads\/2023\/08\/Kicka-Logo.png","contentUrl":"https:\/\/kicka.eu\/wp-content\/uploads\/2023\/08\/Kicka-Logo.png","width":233,"height":233,"caption":"Kicka"},"image":{"@id":"https:\/\/kicka.eu\/da\/#\/schema\/logo\/image\/"}}]}},"_links":{"self":[{"href":"https:\/\/kicka.eu\/da\/wp-json\/wp\/v2\/product\/40965","targetHints":{"allow":["GET"]}}],"collection":[{"href":"https:\/\/kicka.eu\/da\/wp-json\/wp\/v2\/product"}],"about":[{"href":"https:\/\/kicka.eu\/da\/wp-json\/wp\/v2\/types\/product"}],"replies":[{"embeddable":true,"href":"https:\/\/kicka.eu\/da\/wp-json\/wp\/v2\/comments?post=40965"}],"wp:featuredmedia":[{"embeddable":true,"href":"https:\/\/kicka.eu\/da\/wp-json\/wp\/v2\/media\/366"}],"wp:attachment":[{"href":"https:\/\/kicka.eu\/da\/wp-json\/wp\/v2\/media?parent=40965"}],"wp:term":[{"taxonomy":"product_cat","embeddable":true,"href":"https:\/\/kicka.eu\/da\/wp-json\/wp\/v2\/product_cat?post=40965"},{"taxonomy":"product_tag","embeddable":true,"href":"https:\/\/kicka.eu\/da\/wp-json\/wp\/v2\/product_tag?post=40965"}],"curies":[{"name":"wp","href":"https:\/\/api.w.org\/{rel}","templated":true}]}}